{"id":5725,"date":"2024-10-16T20:49:01","date_gmt":"2024-10-16T18:49:01","guid":{"rendered":"https:\/\/speaktotheworld.ch\/?post_type=product&#038;p=5725"},"modified":"2024-10-17T20:43:21","modified_gmt":"2024-10-17T18:43:21","slug":"workshops-de-idiomas-para-idosos-copie","status":"publish","type":"product","link":"https:\/\/speaktotheworld.ch\/pt-br\/produto\/workshops-de-idiomas-para-idosos-copie\/","title":{"rendered":"Prepara\u00e7\u00e3o para os exames B1 e B2"},"content":{"rendered":"<h1><strong>Quais s\u00e3o os objetivos deste curso?<\/strong><\/h1>\n<p><span style=\"font-weight: 400;\">Nossos cursos preparat\u00f3rios para os certificados B1 e B2 em ingl\u00eas e alem\u00e3o foram criados para fortalecer suas habilidades nas quatro \u00e1reas principais avaliadas no exame: compreens\u00e3o auditiva, leitura, conversa\u00e7\u00e3o e reda\u00e7\u00e3o. N\u00f3s nos concentramos em exerc\u00edcios pr\u00e1ticos e simula\u00e7\u00f5es de exames para que voc\u00ea se familiarize com o formato do exame. Nossos instrutores fornecem as ferramentas de que voc\u00ea precisa para ter sucesso. <\/span><\/p>\n<h1><strong>Para quem \u00e9 esse curso?<\/strong><\/h1>\n<p><span style=\"font-weight: 400;\">Para alunos, estudantes, profissionais e candidatos a emprego. <\/span><\/p>\n<h1><strong>Qual \u00e9 o formato desse curso?<\/strong><\/h1>\n<p><span style=\"font-weight: 400;\">Este curso \u00e9 oferecido em uma base individual (1:1), presencialmente ou on-line. <\/span><\/p>\n","protected":false},"excerpt":{"rendered":"<table class=\"course-info\">\n<tbody>\n<tr>\n<td>\n<ul>\n<li>Per\u00edodo: 1 hora<\/li>\n<li style=\"text-align: left;\">Pessoalmente<\/li>\n<li>1:1<\/li>\n<li style=\"text-align: left;\">Temas personalizados<\/li>\n<li style=\"text-align: left;\">Ingl\u00eas, alem\u00e3o<\/li>\n<\/ul>\n<\/td>\n<\/tr>\n<tr>\n<td>\n<div class=\"prof-info\">\n<div class=\"prof-title\">Profissional<\/div>\n<div class=\"prof-details\">\n<p><img decoding=\"async\" class=\"prof-photo\" src=\"https:\/\/speaktotheworld.ch\/wp-content\/uploads\/2024\/06\/Image_pp-e1716752391110.jpeg\" alt=\"Profissional do curso\" \/><\/p>\n<div>\n<div class=\"prof-name\">Nicole Durand Smaini<\/div>\n<div class=\"prof-role\">O fundador fala ao mundo<\/div>\n<\/div>\n<\/div>\n<\/div>\n<\/td>\n<\/tr>\n<\/tbody>\n<\/table>\n","protected":false},"featured_media":5729,"comment_status":"open","ping_status":"closed","template":"","meta":[],"etheme_brands":[],"product_brand":[],"product_cat":[163,167,158],"product_tag":[],"class_list":{"0":"post-5725","1":"product","2":"type-product","3":"status-publish","4":"has-post-thumbnail","6":"product_cat-alemao","7":"product_cat-ingles","8":"product_cat-nouveautes-pt-br","10":"first","11":"instock","12":"shipping-taxable","13":"purchasable","14":"product-type-simple"},"yoast_head":"<!-- This site is optimized with the Yoast SEO plugin v27.2 - https:\/\/yoast.com\/product\/yoast-seo-wordpress\/ -->\n<title>Prepara\u00e7\u00e3o para os exames B1 e B2 - Speak to the world<\/title>\n<meta name=\"robots\" content=\"index, follow, max-snippet:-1, max-image-preview:large, max-video-preview:-1\" \/>\n<link rel=\"canonical\" href=\"https:\/\/speaktotheworld.ch\/pt-br\/produto\/workshops-de-idiomas-para-idosos-copie\/\" \/>\n<meta property=\"og:locale\" content=\"pt_BR\" \/>\n<meta property=\"og:type\" content=\"article\" \/>\n<meta property=\"og:title\" content=\"Prepara\u00e7\u00e3o para os exames B1 e B2 - Speak to the world\" \/>\n<meta property=\"og:description\" content=\"Per\u00edodo: 1 hora  Pessoalmente  1:1  Temas personalizados  Ingl\u00eas, alem\u00e3o       Profissional     Nicole Durand Smaini O fundador fala ao mundo\" \/>\n<meta property=\"og:url\" content=\"https:\/\/speaktotheworld.ch\/pt-br\/produto\/workshops-de-idiomas-para-idosos-copie\/\" \/>\n<meta property=\"og:site_name\" content=\"Speak to the world\" \/>\n<meta property=\"article:modified_time\" content=\"2024-10-17T18:43:21+00:00\" \/>\n<meta property=\"og:image\" content=\"https:\/\/speaktotheworld.ch\/wp-content\/uploads\/2024\/10\/examen-1.jpg\" \/>\n\t<meta property=\"og:image:width\" content=\"1102\" \/>\n\t<meta property=\"og:image:height\" content=\"735\" \/>\n\t<meta property=\"og:image:type\" content=\"image\/jpeg\" \/>\n<meta name=\"twitter:card\" content=\"summary_large_image\" \/>\n<meta name=\"twitter:label1\" content=\"Est. tempo de leitura\" \/>\n\t<meta name=\"twitter:data1\" content=\"1 minuto\" \/>\n<script type=\"application\/ld+json\" class=\"yoast-schema-graph\">{\"@context\":\"https:\/\/schema.org\",\"@graph\":[{\"@type\":\"WebPage\",\"@id\":\"https:\/\/speaktotheworld.ch\/pt-br\/produto\/workshops-de-idiomas-para-idosos-copie\/\",\"url\":\"https:\/\/speaktotheworld.ch\/pt-br\/produto\/workshops-de-idiomas-para-idosos-copie\/\",\"name\":\"Prepara\u00e7\u00e3o para os exames B1 e B2 - Speak to the world\",\"isPartOf\":{\"@id\":\"https:\/\/speaktotheworld.ch\/pt-br\/#website\"},\"primaryImageOfPage\":{\"@id\":\"https:\/\/speaktotheworld.ch\/pt-br\/produto\/workshops-de-idiomas-para-idosos-copie\/#primaryimage\"},\"image\":{\"@id\":\"https:\/\/speaktotheworld.ch\/pt-br\/produto\/workshops-de-idiomas-para-idosos-copie\/#primaryimage\"},\"thumbnailUrl\":\"https:\/\/speaktotheworld.ch\/wp-content\/uploads\/2024\/10\/examen-1.jpg\",\"datePublished\":\"2024-10-16T18:49:01+00:00\",\"dateModified\":\"2024-10-17T18:43:21+00:00\",\"breadcrumb\":{\"@id\":\"https:\/\/speaktotheworld.ch\/pt-br\/produto\/workshops-de-idiomas-para-idosos-copie\/#breadcrumb\"},\"inLanguage\":\"pt-BR\",\"potentialAction\":[{\"@type\":\"ReadAction\",\"target\":[\"https:\/\/speaktotheworld.ch\/pt-br\/produto\/workshops-de-idiomas-para-idosos-copie\/\"]}]},{\"@type\":\"ImageObject\",\"inLanguage\":\"pt-BR\",\"@id\":\"https:\/\/speaktotheworld.ch\/pt-br\/produto\/workshops-de-idiomas-para-idosos-copie\/#primaryimage\",\"url\":\"https:\/\/speaktotheworld.ch\/wp-content\/uploads\/2024\/10\/examen-1.jpg\",\"contentUrl\":\"https:\/\/speaktotheworld.ch\/wp-content\/uploads\/2024\/10\/examen-1.jpg\",\"width\":1102,\"height\":735},{\"@type\":\"BreadcrumbList\",\"@id\":\"https:\/\/speaktotheworld.ch\/pt-br\/produto\/workshops-de-idiomas-para-idosos-copie\/#breadcrumb\",\"itemListElement\":[{\"@type\":\"ListItem\",\"position\":1,\"name\":\"Accueil\",\"item\":\"https:\/\/speaktotheworld.ch\/pt-br\/\"},{\"@type\":\"ListItem\",\"position\":2,\"name\":\"Loja\",\"item\":\"https:\/\/speaktotheworld.ch\/pt-br\/shop-br\/\"},{\"@type\":\"ListItem\",\"position\":3,\"name\":\"Prepara\u00e7\u00e3o para os exames B1 e B2\"}]},{\"@type\":\"WebSite\",\"@id\":\"https:\/\/speaktotheworld.ch\/pt-br\/#website\",\"url\":\"https:\/\/speaktotheworld.ch\/pt-br\/\",\"name\":\"Speak to the world\",\"description\":\"\",\"publisher\":{\"@id\":\"https:\/\/speaktotheworld.ch\/pt-br\/#organization\"},\"alternateName\":\"Speak to the world\",\"potentialAction\":[{\"@type\":\"SearchAction\",\"target\":{\"@type\":\"EntryPoint\",\"urlTemplate\":\"https:\/\/speaktotheworld.ch\/pt-br\/?s={search_term_string}\"},\"query-input\":{\"@type\":\"PropertyValueSpecification\",\"valueRequired\":true,\"valueName\":\"search_term_string\"}}],\"inLanguage\":\"pt-BR\"},{\"@type\":\"Organization\",\"@id\":\"https:\/\/speaktotheworld.ch\/pt-br\/#organization\",\"name\":\"Speak to the world\",\"url\":\"https:\/\/speaktotheworld.ch\/pt-br\/\",\"logo\":{\"@type\":\"ImageObject\",\"inLanguage\":\"pt-BR\",\"@id\":\"https:\/\/speaktotheworld.ch\/pt-br\/#\/schema\/logo\/image\/\",\"url\":\"https:\/\/speaktotheworld.ch\/wp-content\/uploads\/2023\/09\/7219a61d-3523-4e36-b066-6413484aa469-removebg-preview.png\",\"contentUrl\":\"https:\/\/speaktotheworld.ch\/wp-content\/uploads\/2023\/09\/7219a61d-3523-4e36-b066-6413484aa469-removebg-preview.png\",\"width\":869,\"height\":287,\"caption\":\"Speak to the world\"},\"image\":{\"@id\":\"https:\/\/speaktotheworld.ch\/pt-br\/#\/schema\/logo\/image\/\"},\"sameAs\":[\"https:\/\/www.instagram.com\/speaktotheworld.ch\/\"]}]}<\/script>\n<!-- \/ Yoast SEO plugin. -->","yoast_head_json":{"title":"Prepara\u00e7\u00e3o para os exames B1 e B2 - Speak to the world","robots":{"index":"index","follow":"follow","max-snippet":"max-snippet:-1","max-image-preview":"max-image-preview:large","max-video-preview":"max-video-preview:-1"},"canonical":"https:\/\/speaktotheworld.ch\/pt-br\/produto\/workshops-de-idiomas-para-idosos-copie\/","og_locale":"pt_BR","og_type":"article","og_title":"Prepara\u00e7\u00e3o para os exames B1 e B2 - Speak to the world","og_description":"Per\u00edodo: 1 hora  Pessoalmente  1:1  Temas personalizados  Ingl\u00eas, alem\u00e3o       Profissional     Nicole Durand Smaini O fundador fala ao mundo","og_url":"https:\/\/speaktotheworld.ch\/pt-br\/produto\/workshops-de-idiomas-para-idosos-copie\/","og_site_name":"Speak to the world","article_modified_time":"2024-10-17T18:43:21+00:00","og_image":[{"width":1102,"height":735,"url":"https:\/\/speaktotheworld.ch\/wp-content\/uploads\/2024\/10\/examen-1.jpg","type":"image\/jpeg"}],"twitter_card":"summary_large_image","twitter_misc":{"Est. tempo de leitura":"1 minuto"},"schema":{"@context":"https:\/\/schema.org","@graph":[{"@type":"WebPage","@id":"https:\/\/speaktotheworld.ch\/pt-br\/produto\/workshops-de-idiomas-para-idosos-copie\/","url":"https:\/\/speaktotheworld.ch\/pt-br\/produto\/workshops-de-idiomas-para-idosos-copie\/","name":"Prepara\u00e7\u00e3o para os exames B1 e B2 - Speak to the world","isPartOf":{"@id":"https:\/\/speaktotheworld.ch\/pt-br\/#website"},"primaryImageOfPage":{"@id":"https:\/\/speaktotheworld.ch\/pt-br\/produto\/workshops-de-idiomas-para-idosos-copie\/#primaryimage"},"image":{"@id":"https:\/\/speaktotheworld.ch\/pt-br\/produto\/workshops-de-idiomas-para-idosos-copie\/#primaryimage"},"thumbnailUrl":"https:\/\/speaktotheworld.ch\/wp-content\/uploads\/2024\/10\/examen-1.jpg","datePublished":"2024-10-16T18:49:01+00:00","dateModified":"2024-10-17T18:43:21+00:00","breadcrumb":{"@id":"https:\/\/speaktotheworld.ch\/pt-br\/produto\/workshops-de-idiomas-para-idosos-copie\/#breadcrumb"},"inLanguage":"pt-BR","potentialAction":[{"@type":"ReadAction","target":["https:\/\/speaktotheworld.ch\/pt-br\/produto\/workshops-de-idiomas-para-idosos-copie\/"]}]},{"@type":"ImageObject","inLanguage":"pt-BR","@id":"https:\/\/speaktotheworld.ch\/pt-br\/produto\/workshops-de-idiomas-para-idosos-copie\/#primaryimage","url":"https:\/\/speaktotheworld.ch\/wp-content\/uploads\/2024\/10\/examen-1.jpg","contentUrl":"https:\/\/speaktotheworld.ch\/wp-content\/uploads\/2024\/10\/examen-1.jpg","width":1102,"height":735},{"@type":"BreadcrumbList","@id":"https:\/\/speaktotheworld.ch\/pt-br\/produto\/workshops-de-idiomas-para-idosos-copie\/#breadcrumb","itemListElement":[{"@type":"ListItem","position":1,"name":"Accueil","item":"https:\/\/speaktotheworld.ch\/pt-br\/"},{"@type":"ListItem","position":2,"name":"Loja","item":"https:\/\/speaktotheworld.ch\/pt-br\/shop-br\/"},{"@type":"ListItem","position":3,"name":"Prepara\u00e7\u00e3o para os exames B1 e B2"}]},{"@type":"WebSite","@id":"https:\/\/speaktotheworld.ch\/pt-br\/#website","url":"https:\/\/speaktotheworld.ch\/pt-br\/","name":"Speak to the world","description":"","publisher":{"@id":"https:\/\/speaktotheworld.ch\/pt-br\/#organization"},"alternateName":"Speak to the world","potentialAction":[{"@type":"SearchAction","target":{"@type":"EntryPoint","urlTemplate":"https:\/\/speaktotheworld.ch\/pt-br\/?s={search_term_string}"},"query-input":{"@type":"PropertyValueSpecification","valueRequired":true,"valueName":"search_term_string"}}],"inLanguage":"pt-BR"},{"@type":"Organization","@id":"https:\/\/speaktotheworld.ch\/pt-br\/#organization","name":"Speak to the world","url":"https:\/\/speaktotheworld.ch\/pt-br\/","logo":{"@type":"ImageObject","inLanguage":"pt-BR","@id":"https:\/\/speaktotheworld.ch\/pt-br\/#\/schema\/logo\/image\/","url":"https:\/\/speaktotheworld.ch\/wp-content\/uploads\/2023\/09\/7219a61d-3523-4e36-b066-6413484aa469-removebg-preview.png","contentUrl":"https:\/\/speaktotheworld.ch\/wp-content\/uploads\/2023\/09\/7219a61d-3523-4e36-b066-6413484aa469-removebg-preview.png","width":869,"height":287,"caption":"Speak to the world"},"image":{"@id":"https:\/\/speaktotheworld.ch\/pt-br\/#\/schema\/logo\/image\/"},"sameAs":["https:\/\/www.instagram.com\/speaktotheworld.ch\/"]}]}},"_links":{"self":[{"href":"https:\/\/speaktotheworld.ch\/pt-br\/wp-json\/wp\/v2\/product\/5725","targetHints":{"allow":["GET"]}}],"collection":[{"href":"https:\/\/speaktotheworld.ch\/pt-br\/wp-json\/wp\/v2\/product"}],"about":[{"href":"https:\/\/speaktotheworld.ch\/pt-br\/wp-json\/wp\/v2\/types\/product"}],"replies":[{"embeddable":true,"href":"https:\/\/speaktotheworld.ch\/pt-br\/wp-json\/wp\/v2\/comments?post=5725"}],"version-history":[{"count":3,"href":"https:\/\/speaktotheworld.ch\/pt-br\/wp-json\/wp\/v2\/product\/5725\/revisions"}],"predecessor-version":[{"id":5766,"href":"https:\/\/speaktotheworld.ch\/pt-br\/wp-json\/wp\/v2\/product\/5725\/revisions\/5766"}],"wp:featuredmedia":[{"embeddable":true,"href":"https:\/\/speaktotheworld.ch\/pt-br\/wp-json\/wp\/v2\/media\/5729"}],"wp:attachment":[{"href":"https:\/\/speaktotheworld.ch\/pt-br\/wp-json\/wp\/v2\/media?parent=5725"}],"wp:term":[{"taxonomy":"brand","embeddable":true,"href":"https:\/\/speaktotheworld.ch\/pt-br\/wp-json\/wp\/v2\/etheme_brands?post=5725"},{"taxonomy":"product_brand","embeddable":true,"href":"https:\/\/speaktotheworld.ch\/pt-br\/wp-json\/wp\/v2\/product_brand?post=5725"},{"taxonomy":"product_cat","embeddable":true,"href":"https:\/\/speaktotheworld.ch\/pt-br\/wp-json\/wp\/v2\/product_cat?post=5725"},{"taxonomy":"product_tag","embeddable":true,"href":"https:\/\/speaktotheworld.ch\/pt-br\/wp-json\/wp\/v2\/product_tag?post=5725"}],"curies":[{"name":"wp","href":"https:\/\/api.w.org\/{rel}","templated":true}]}}