{"id":5378,"date":"2024-06-07T19:37:19","date_gmt":"2024-06-07T17:37:19","guid":{"rendered":"https:\/\/speaktotheworld.ch\/product\/aulas-de-chines\/"},"modified":"2024-10-17T21:03:41","modified_gmt":"2024-10-17T19:03:41","slug":"aulas-de-chines","status":"publish","type":"product","link":"https:\/\/speaktotheworld.ch\/pt-br\/produto\/aulas-de-chines\/","title":{"rendered":"Aulas de chin\u00eas"},"content":{"rendered":"<h1>Quais s\u00e3o os objetivos deste curso?<\/h1>\n<p><span style=\"font-weight: 400;\">Uma experi\u00eancia empolgante e uma oportunidade gratificante de aprimorar suas habilidades em um dos idiomas mais dif\u00edceis, mas gratificantes e valiosos que voc\u00ea pode aprender. Nossos cursos s\u00e3o adaptados \u00e0s suas necessidades e ao seu ritmo de aprendizado. Mas, acima de tudo, nunca se esque\u00e7a&#8230; em chin\u00eas, a paci\u00eancia sempre compensa no final!<\/span><\/p>\n<h1>Para quem \u00e9 esse curso?<\/h1>\n<p><span style=\"font-weight: 400;\">Quer voc\u00ea seja um aluno iniciante, intermedi\u00e1rio ou avan\u00e7ado, precise do idioma para trabalhar, viajar ou simplesmente queira aprimorar suas habilidades, nossos cursos s\u00e3o projetados para transmitir a mesma paix\u00e3o profunda pelo idioma que nossos professores compartilham e para orient\u00e1-lo nas sutilezas da escrita, leitura e fala.<\/span><\/p>\n<h1>Qual \u00e9 o formato desse curso?<\/h1>\n<p><span style=\"font-weight: 400;\">Nosso curso foi especialmente desenvolvido para que voc\u00ea aprenda o idioma de A a Z, com uma combina\u00e7\u00e3o de gram\u00e1tica e vocabul\u00e1rio focada na express\u00e3o oral para uso di\u00e1rio em uma ampla variedade de contextos, e facilmente adapt\u00e1vel \u00e0s suas necessidades espec\u00edficas de aprendizado, ritmo e exig\u00eancias.<\/span><\/p>\n","protected":false},"excerpt":{"rendered":"<table class=\"course-info\">\n<tbody>\n<tr>\n<td>\n<ul>\n<li>Pre\u00e7o por um per\u00edodo de 1h30<\/li>\n<li>Dura\u00e7\u00e3o m\u00ednima do pacote: 10 per\u00edodos<\/li>\n<li style=\"text-align: left;\">1:1<\/li>\n<li style=\"text-align: left;\">On-line<\/li>\n<li style=\"text-align: left;\">Temas personalizados<\/li>\n<\/ul>\n<\/td>\n<\/tr>\n<tr>\n<td>\n<div class=\"prof-info\">\n<div class=\"prof-title\">Profissional<\/div>\n<div class=\"prof-details\">\n<p><img decoding=\"async\" class=\"prof-photo\" src=\"https:\/\/speaktotheworld.ch\/wp-content\/uploads\/2024\/06\/foto-orobosa.jpeg\" alt=\"Profissional do curso\" \/><\/p>\n<div>\n<div class=\"prof-name\">Orobosa Hernan Osayawe Gallego<\/div>\n<div class=\"prof-role\">Fale com o parceiro mundial<\/div>\n<\/div>\n<\/div>\n<\/div>\n<\/td>\n<\/tr>\n<\/tbody>\n<\/table>\n","protected":false},"featured_media":5483,"comment_status":"open","ping_status":"closed","template":"","meta":[],"etheme_brands":[],"product_brand":[],"product_cat":[157,158],"product_tag":[],"class_list":{"0":"post-5378","1":"product","2":"type-product","3":"status-publish","4":"has-post-thumbnail","6":"product_cat-chines","7":"product_cat-nouveautes-pt-br","9":"first","10":"instock","11":"shipping-taxable","12":"purchasable","13":"product-type-simple"},"yoast_head":"<!-- This site is optimized with the Yoast SEO plugin v27.2 - https:\/\/yoast.com\/product\/yoast-seo-wordpress\/ -->\n<title>Aulas de chin\u00eas - Speak to the world<\/title>\n<meta name=\"robots\" content=\"index, follow, max-snippet:-1, max-image-preview:large, max-video-preview:-1\" \/>\n<link rel=\"canonical\" href=\"https:\/\/speaktotheworld.ch\/pt-br\/produto\/aulas-de-chines\/\" \/>\n<meta property=\"og:locale\" content=\"pt_BR\" \/>\n<meta property=\"og:type\" content=\"article\" \/>\n<meta property=\"og:title\" content=\"Aulas de chin\u00eas - Speak to the world\" \/>\n<meta property=\"og:description\" content=\"Pre\u00e7o por um per\u00edodo de 1h30  Dura\u00e7\u00e3o m\u00ednima do pacote: 10 per\u00edodos  1:1  On-line  Temas personalizados       Profissional     Orobosa Hernan Osayawe Gallego Fale com o parceiro mundial\" \/>\n<meta property=\"og:url\" content=\"https:\/\/speaktotheworld.ch\/pt-br\/produto\/aulas-de-chines\/\" \/>\n<meta property=\"og:site_name\" content=\"Speak to the world\" \/>\n<meta property=\"article:modified_time\" content=\"2024-10-17T19:03:41+00:00\" \/>\n<meta property=\"og:image\" content=\"https:\/\/speaktotheworld.ch\/wp-content\/uploads\/2024\/06\/cours-chinois-scaled.jpg\" \/>\n\t<meta property=\"og:image:width\" content=\"2560\" \/>\n\t<meta property=\"og:image:height\" content=\"1707\" \/>\n\t<meta property=\"og:image:type\" content=\"image\/jpeg\" \/>\n<meta name=\"twitter:card\" content=\"summary_large_image\" \/>\n<meta name=\"twitter:label1\" content=\"Est. tempo de leitura\" \/>\n\t<meta name=\"twitter:data1\" content=\"1 minuto\" \/>\n<script type=\"application\/ld+json\" class=\"yoast-schema-graph\">{\"@context\":\"https:\/\/schema.org\",\"@graph\":[{\"@type\":\"WebPage\",\"@id\":\"https:\/\/speaktotheworld.ch\/pt-br\/produto\/aulas-de-chines\/\",\"url\":\"https:\/\/speaktotheworld.ch\/pt-br\/produto\/aulas-de-chines\/\",\"name\":\"Aulas de chin\u00eas - Speak to the world\",\"isPartOf\":{\"@id\":\"https:\/\/speaktotheworld.ch\/pt-br\/#website\"},\"primaryImageOfPage\":{\"@id\":\"https:\/\/speaktotheworld.ch\/pt-br\/produto\/aulas-de-chines\/#primaryimage\"},\"image\":{\"@id\":\"https:\/\/speaktotheworld.ch\/pt-br\/produto\/aulas-de-chines\/#primaryimage\"},\"thumbnailUrl\":\"https:\/\/speaktotheworld.ch\/wp-content\/uploads\/2024\/06\/cours-chinois-scaled.jpg\",\"datePublished\":\"2024-06-07T17:37:19+00:00\",\"dateModified\":\"2024-10-17T19:03:41+00:00\",\"breadcrumb\":{\"@id\":\"https:\/\/speaktotheworld.ch\/pt-br\/produto\/aulas-de-chines\/#breadcrumb\"},\"inLanguage\":\"pt-BR\",\"potentialAction\":[{\"@type\":\"ReadAction\",\"target\":[\"https:\/\/speaktotheworld.ch\/pt-br\/produto\/aulas-de-chines\/\"]}]},{\"@type\":\"ImageObject\",\"inLanguage\":\"pt-BR\",\"@id\":\"https:\/\/speaktotheworld.ch\/pt-br\/produto\/aulas-de-chines\/#primaryimage\",\"url\":\"https:\/\/speaktotheworld.ch\/wp-content\/uploads\/2024\/06\/cours-chinois-scaled.jpg\",\"contentUrl\":\"https:\/\/speaktotheworld.ch\/wp-content\/uploads\/2024\/06\/cours-chinois-scaled.jpg\",\"width\":2560,\"height\":1707,\"caption\":\"Portrait of young Asian woman as female teacher teaching Chinese language class sitting at table by whiteboard with hieroglyphs copy space\"},{\"@type\":\"BreadcrumbList\",\"@id\":\"https:\/\/speaktotheworld.ch\/pt-br\/produto\/aulas-de-chines\/#breadcrumb\",\"itemListElement\":[{\"@type\":\"ListItem\",\"position\":1,\"name\":\"Accueil\",\"item\":\"https:\/\/speaktotheworld.ch\/pt-br\/\"},{\"@type\":\"ListItem\",\"position\":2,\"name\":\"Loja\",\"item\":\"https:\/\/speaktotheworld.ch\/pt-br\/shop-br\/\"},{\"@type\":\"ListItem\",\"position\":3,\"name\":\"Aulas de chin\u00eas\"}]},{\"@type\":\"WebSite\",\"@id\":\"https:\/\/speaktotheworld.ch\/pt-br\/#website\",\"url\":\"https:\/\/speaktotheworld.ch\/pt-br\/\",\"name\":\"Speak to the world\",\"description\":\"\",\"publisher\":{\"@id\":\"https:\/\/speaktotheworld.ch\/pt-br\/#organization\"},\"alternateName\":\"Speak to the world\",\"potentialAction\":[{\"@type\":\"SearchAction\",\"target\":{\"@type\":\"EntryPoint\",\"urlTemplate\":\"https:\/\/speaktotheworld.ch\/pt-br\/?s={search_term_string}\"},\"query-input\":{\"@type\":\"PropertyValueSpecification\",\"valueRequired\":true,\"valueName\":\"search_term_string\"}}],\"inLanguage\":\"pt-BR\"},{\"@type\":\"Organization\",\"@id\":\"https:\/\/speaktotheworld.ch\/pt-br\/#organization\",\"name\":\"Speak to the world\",\"url\":\"https:\/\/speaktotheworld.ch\/pt-br\/\",\"logo\":{\"@type\":\"ImageObject\",\"inLanguage\":\"pt-BR\",\"@id\":\"https:\/\/speaktotheworld.ch\/pt-br\/#\/schema\/logo\/image\/\",\"url\":\"https:\/\/speaktotheworld.ch\/wp-content\/uploads\/2023\/09\/7219a61d-3523-4e36-b066-6413484aa469-removebg-preview.png\",\"contentUrl\":\"https:\/\/speaktotheworld.ch\/wp-content\/uploads\/2023\/09\/7219a61d-3523-4e36-b066-6413484aa469-removebg-preview.png\",\"width\":869,\"height\":287,\"caption\":\"Speak to the world\"},\"image\":{\"@id\":\"https:\/\/speaktotheworld.ch\/pt-br\/#\/schema\/logo\/image\/\"},\"sameAs\":[\"https:\/\/www.instagram.com\/speaktotheworld.ch\/\"]}]}<\/script>\n<!-- \/ Yoast SEO plugin. -->","yoast_head_json":{"title":"Aulas de chin\u00eas - Speak to the world","robots":{"index":"index","follow":"follow","max-snippet":"max-snippet:-1","max-image-preview":"max-image-preview:large","max-video-preview":"max-video-preview:-1"},"canonical":"https:\/\/speaktotheworld.ch\/pt-br\/produto\/aulas-de-chines\/","og_locale":"pt_BR","og_type":"article","og_title":"Aulas de chin\u00eas - Speak to the world","og_description":"Pre\u00e7o por um per\u00edodo de 1h30  Dura\u00e7\u00e3o m\u00ednima do pacote: 10 per\u00edodos  1:1  On-line  Temas personalizados       Profissional     Orobosa Hernan Osayawe Gallego Fale com o parceiro mundial","og_url":"https:\/\/speaktotheworld.ch\/pt-br\/produto\/aulas-de-chines\/","og_site_name":"Speak to the world","article_modified_time":"2024-10-17T19:03:41+00:00","og_image":[{"width":2560,"height":1707,"url":"https:\/\/speaktotheworld.ch\/wp-content\/uploads\/2024\/06\/cours-chinois-scaled.jpg","type":"image\/jpeg"}],"twitter_card":"summary_large_image","twitter_misc":{"Est. tempo de leitura":"1 minuto"},"schema":{"@context":"https:\/\/schema.org","@graph":[{"@type":"WebPage","@id":"https:\/\/speaktotheworld.ch\/pt-br\/produto\/aulas-de-chines\/","url":"https:\/\/speaktotheworld.ch\/pt-br\/produto\/aulas-de-chines\/","name":"Aulas de chin\u00eas - Speak to the world","isPartOf":{"@id":"https:\/\/speaktotheworld.ch\/pt-br\/#website"},"primaryImageOfPage":{"@id":"https:\/\/speaktotheworld.ch\/pt-br\/produto\/aulas-de-chines\/#primaryimage"},"image":{"@id":"https:\/\/speaktotheworld.ch\/pt-br\/produto\/aulas-de-chines\/#primaryimage"},"thumbnailUrl":"https:\/\/speaktotheworld.ch\/wp-content\/uploads\/2024\/06\/cours-chinois-scaled.jpg","datePublished":"2024-06-07T17:37:19+00:00","dateModified":"2024-10-17T19:03:41+00:00","breadcrumb":{"@id":"https:\/\/speaktotheworld.ch\/pt-br\/produto\/aulas-de-chines\/#breadcrumb"},"inLanguage":"pt-BR","potentialAction":[{"@type":"ReadAction","target":["https:\/\/speaktotheworld.ch\/pt-br\/produto\/aulas-de-chines\/"]}]},{"@type":"ImageObject","inLanguage":"pt-BR","@id":"https:\/\/speaktotheworld.ch\/pt-br\/produto\/aulas-de-chines\/#primaryimage","url":"https:\/\/speaktotheworld.ch\/wp-content\/uploads\/2024\/06\/cours-chinois-scaled.jpg","contentUrl":"https:\/\/speaktotheworld.ch\/wp-content\/uploads\/2024\/06\/cours-chinois-scaled.jpg","width":2560,"height":1707,"caption":"Portrait of young Asian woman as female teacher teaching Chinese language class sitting at table by whiteboard with hieroglyphs copy space"},{"@type":"BreadcrumbList","@id":"https:\/\/speaktotheworld.ch\/pt-br\/produto\/aulas-de-chines\/#breadcrumb","itemListElement":[{"@type":"ListItem","position":1,"name":"Accueil","item":"https:\/\/speaktotheworld.ch\/pt-br\/"},{"@type":"ListItem","position":2,"name":"Loja","item":"https:\/\/speaktotheworld.ch\/pt-br\/shop-br\/"},{"@type":"ListItem","position":3,"name":"Aulas de chin\u00eas"}]},{"@type":"WebSite","@id":"https:\/\/speaktotheworld.ch\/pt-br\/#website","url":"https:\/\/speaktotheworld.ch\/pt-br\/","name":"Speak to the world","description":"","publisher":{"@id":"https:\/\/speaktotheworld.ch\/pt-br\/#organization"},"alternateName":"Speak to the world","potentialAction":[{"@type":"SearchAction","target":{"@type":"EntryPoint","urlTemplate":"https:\/\/speaktotheworld.ch\/pt-br\/?s={search_term_string}"},"query-input":{"@type":"PropertyValueSpecification","valueRequired":true,"valueName":"search_term_string"}}],"inLanguage":"pt-BR"},{"@type":"Organization","@id":"https:\/\/speaktotheworld.ch\/pt-br\/#organization","name":"Speak to the world","url":"https:\/\/speaktotheworld.ch\/pt-br\/","logo":{"@type":"ImageObject","inLanguage":"pt-BR","@id":"https:\/\/speaktotheworld.ch\/pt-br\/#\/schema\/logo\/image\/","url":"https:\/\/speaktotheworld.ch\/wp-content\/uploads\/2023\/09\/7219a61d-3523-4e36-b066-6413484aa469-removebg-preview.png","contentUrl":"https:\/\/speaktotheworld.ch\/wp-content\/uploads\/2023\/09\/7219a61d-3523-4e36-b066-6413484aa469-removebg-preview.png","width":869,"height":287,"caption":"Speak to the world"},"image":{"@id":"https:\/\/speaktotheworld.ch\/pt-br\/#\/schema\/logo\/image\/"},"sameAs":["https:\/\/www.instagram.com\/speaktotheworld.ch\/"]}]}},"_links":{"self":[{"href":"https:\/\/speaktotheworld.ch\/pt-br\/wp-json\/wp\/v2\/product\/5378","targetHints":{"allow":["GET"]}}],"collection":[{"href":"https:\/\/speaktotheworld.ch\/pt-br\/wp-json\/wp\/v2\/product"}],"about":[{"href":"https:\/\/speaktotheworld.ch\/pt-br\/wp-json\/wp\/v2\/types\/product"}],"replies":[{"embeddable":true,"href":"https:\/\/speaktotheworld.ch\/pt-br\/wp-json\/wp\/v2\/comments?post=5378"}],"version-history":[{"count":1,"href":"https:\/\/speaktotheworld.ch\/pt-br\/wp-json\/wp\/v2\/product\/5378\/revisions"}],"predecessor-version":[{"id":5781,"href":"https:\/\/speaktotheworld.ch\/pt-br\/wp-json\/wp\/v2\/product\/5378\/revisions\/5781"}],"wp:featuredmedia":[{"embeddable":true,"href":"https:\/\/speaktotheworld.ch\/pt-br\/wp-json\/wp\/v2\/media\/5483"}],"wp:attachment":[{"href":"https:\/\/speaktotheworld.ch\/pt-br\/wp-json\/wp\/v2\/media?parent=5378"}],"wp:term":[{"taxonomy":"brand","embeddable":true,"href":"https:\/\/speaktotheworld.ch\/pt-br\/wp-json\/wp\/v2\/etheme_brands?post=5378"},{"taxonomy":"product_brand","embeddable":true,"href":"https:\/\/speaktotheworld.ch\/pt-br\/wp-json\/wp\/v2\/product_brand?post=5378"},{"taxonomy":"product_cat","embeddable":true,"href":"https:\/\/speaktotheworld.ch\/pt-br\/wp-json\/wp\/v2\/product_cat?post=5378"},{"taxonomy":"product_tag","embeddable":true,"href":"https:\/\/speaktotheworld.ch\/pt-br\/wp-json\/wp\/v2\/product_tag?post=5378"}],"curies":[{"name":"wp","href":"https:\/\/api.w.org\/{rel}","templated":true}]}}