{"id":5375,"date":"2024-06-07T19:37:19","date_gmt":"2024-06-07T17:37:19","guid":{"rendered":"https:\/\/speaktotheworld.ch\/product\/mandatos-da-empresa\/"},"modified":"2024-10-13T13:16:04","modified_gmt":"2024-10-13T11:16:04","slug":"mandatos-da-empresa","status":"publish","type":"product","link":"https:\/\/speaktotheworld.ch\/pt-br\/produto\/mandatos-da-empresa\/","title":{"rendered":"Mandatos da empresa"},"content":{"rendered":"<h1>Quais s\u00e3o os objetivos deste curso?<\/h1>\n<p><span style=\"font-weight: 400;\">Uma oportunidade \u00fanica de aprimorar as habilidades lingu\u00edsticas de seus funcion\u00e1rios, concentrando-se na express\u00e3o oral em um contexto profissional. Podemos integrar e adaptar o vocabul\u00e1rio necess\u00e1rio ao seu setor de neg\u00f3cios. Um programa de imers\u00e3o no idioma destinado especificamente a expatriados para ajud\u00e1-los a conhecer melhor a cultura su\u00ed\u00e7a.  <\/span><\/p>\n<h1>Para quem \u00e9 esse curso?<\/h1>\n<p><span style=\"font-weight: 400;\">Cursos de l\u00edngua estrangeira e franc\u00eas especialmente desenvolvidos para os funcion\u00e1rios e expatriados de sua empresa.<\/span><\/p>\n<h1>Qual \u00e9 o formato desse curso?<\/h1>\n<p><span style=\"font-weight: 400;\">Os cursos s\u00e3o oferecidos individualmente (1:1) ou em grupos (m\u00e1ximo de 4 pessoas), presencialmente ou on-line, dependendo da escolha e do conforto dos alunos, ou em workshops (imers\u00e3o no idioma). Podemos ir at\u00e9 sua casa ou local de trabalho.  <\/span><\/p>\n<h1>Documentos \u00fateis<\/h1>\n<p><a href=\"https:\/\/speaktotheworld.ch\/wp-content\/uploads\/2024\/06\/Fiche-technique-expatries-mandats-dentreprise.pdf\" target=\"_blank\" rel=\"noopener\">Folha de dados &#8211; funcion\u00e1rios expatriados.pdf<\/a><\/p>\n<p><a href=\"https:\/\/speaktotheworld.ch\/wp-content\/uploads\/2024\/06\/Fiche_technique_collaborateurs_mandats_entreprises.pdf\" target=\"_blank\" rel=\"noopener\">Folha de dados &#8211; funcion\u00e1rios.pdf<\/a><\/p>\n","protected":false},"excerpt":{"rendered":"<table class=\"course-info\">\n<tbody>\n<tr>\n<td>\n<ul>\n<li style=\"text-align: left;\">Pre\u00e7o de acordo com suas necessidades<\/li>\n<li style=\"text-align: left;\">Per\u00edodo: 1 hora<\/li>\n<li style=\"text-align: left;\">1:1 \/ grupos de at\u00e9 4 pessoas<\/li>\n<li style=\"text-align: left;\">Presencial \/ Online<\/li>\n<li style=\"text-align: left;\">Temas personalizados<\/li>\n<li style=\"text-align: left;\">Franc\u00eas, ingl\u00eas, espanhol, portugu\u00eas (Brasil)<\/li>\n<\/ul>\n<\/td>\n<\/tr>\n<tr>\n<td>\n<div class=\"prof-info\">\n<div class=\"prof-title\">Profissional<\/div>\n<div class=\"prof-details\">\n<p><img decoding=\"async\" class=\"prof-photo\" src=\"https:\/\/speaktotheworld.ch\/wp-content\/uploads\/2024\/06\/Image_pp-e1716752391110.jpeg\" alt=\"Profissional do curso\"><\/p>\n<div>\n<div class=\"prof-name\">Nicole Durand Smaini<\/div>\n<div class=\"prof-role\">O fundador fala ao mundo<\/div>\n<\/div>\n<\/div>\n<\/div>\n<\/td>\n<\/tr>\n<\/tbody>\n<\/table>\n","protected":false},"featured_media":5468,"comment_status":"open","ping_status":"closed","template":"","meta":[],"etheme_brands":[],"product_brand":[],"product_cat":[163,171,175,167,121,179],"product_tag":[],"class_list":{"0":"post-5375","1":"product","2":"type-product","3":"status-publish","4":"has-post-thumbnail","6":"product_cat-alemao","7":"product_cat-espanhol","8":"product_cat-frances","9":"product_cat-ingles","10":"product_cat-mandatos-da-empresa","11":"product_cat-portugues-brasil","13":"first","14":"instock","15":"shipping-taxable","16":"product-type-simple"},"yoast_head":"<!-- This site is optimized with the Yoast SEO plugin v27.2 - https:\/\/yoast.com\/product\/yoast-seo-wordpress\/ -->\n<title>Mandatos da empresa - Speak to the world<\/title>\n<meta name=\"robots\" content=\"index, follow, max-snippet:-1, max-image-preview:large, max-video-preview:-1\" \/>\n<link rel=\"canonical\" href=\"https:\/\/speaktotheworld.ch\/pt-br\/produto\/mandatos-da-empresa\/\" \/>\n<meta property=\"og:locale\" content=\"pt_BR\" \/>\n<meta property=\"og:type\" content=\"article\" \/>\n<meta property=\"og:title\" content=\"Mandatos da empresa - Speak to the world\" \/>\n<meta property=\"og:description\" content=\"Pre\u00e7o de acordo com suas necessidades  Per\u00edodo: 1 hora  1:1 \/ grupos de at\u00e9 4 pessoas  Presencial \/ Online  Temas personalizados  Franc\u00eas, ingl\u00eas, espanhol, portugu\u00eas (Brasil)    Profissional   Nicole Durand Smaini O fundador fala ao mundo\" \/>\n<meta property=\"og:url\" content=\"https:\/\/speaktotheworld.ch\/pt-br\/produto\/mandatos-da-empresa\/\" \/>\n<meta property=\"og:site_name\" content=\"Speak to the world\" \/>\n<meta property=\"article:modified_time\" content=\"2024-10-13T11:16:04+00:00\" \/>\n<meta property=\"og:image\" content=\"https:\/\/speaktotheworld.ch\/wp-content\/uploads\/2024\/06\/mandats-entreprises-scaled.jpg\" \/>\n\t<meta property=\"og:image:width\" content=\"2560\" \/>\n\t<meta property=\"og:image:height\" content=\"1707\" \/>\n\t<meta property=\"og:image:type\" content=\"image\/jpeg\" \/>\n<meta name=\"twitter:card\" content=\"summary_large_image\" \/>\n<meta name=\"twitter:label1\" content=\"Est. tempo de leitura\" \/>\n\t<meta name=\"twitter:data1\" content=\"1 minuto\" \/>\n<script type=\"application\/ld+json\" class=\"yoast-schema-graph\">{\"@context\":\"https:\/\/schema.org\",\"@graph\":[{\"@type\":\"WebPage\",\"@id\":\"https:\/\/speaktotheworld.ch\/pt-br\/produto\/mandatos-da-empresa\/\",\"url\":\"https:\/\/speaktotheworld.ch\/pt-br\/produto\/mandatos-da-empresa\/\",\"name\":\"Mandatos da empresa - Speak to the world\",\"isPartOf\":{\"@id\":\"https:\/\/speaktotheworld.ch\/pt-br\/#website\"},\"primaryImageOfPage\":{\"@id\":\"https:\/\/speaktotheworld.ch\/pt-br\/produto\/mandatos-da-empresa\/#primaryimage\"},\"image\":{\"@id\":\"https:\/\/speaktotheworld.ch\/pt-br\/produto\/mandatos-da-empresa\/#primaryimage\"},\"thumbnailUrl\":\"https:\/\/speaktotheworld.ch\/wp-content\/uploads\/2024\/06\/mandats-entreprises-scaled.jpg\",\"datePublished\":\"2024-06-07T17:37:19+00:00\",\"dateModified\":\"2024-10-13T11:16:04+00:00\",\"breadcrumb\":{\"@id\":\"https:\/\/speaktotheworld.ch\/pt-br\/produto\/mandatos-da-empresa\/#breadcrumb\"},\"inLanguage\":\"pt-BR\",\"potentialAction\":[{\"@type\":\"ReadAction\",\"target\":[\"https:\/\/speaktotheworld.ch\/pt-br\/produto\/mandatos-da-empresa\/\"]}]},{\"@type\":\"ImageObject\",\"inLanguage\":\"pt-BR\",\"@id\":\"https:\/\/speaktotheworld.ch\/pt-br\/produto\/mandatos-da-empresa\/#primaryimage\",\"url\":\"https:\/\/speaktotheworld.ch\/wp-content\/uploads\/2024\/06\/mandats-entreprises-scaled.jpg\",\"contentUrl\":\"https:\/\/speaktotheworld.ch\/wp-content\/uploads\/2024\/06\/mandats-entreprises-scaled.jpg\",\"width\":2560,\"height\":1707,\"caption\":\"Empres\u00e1rios de v\u00e1rias etnias participando de reuni\u00e3o. Jovem empres\u00e1ria faz apresenta\u00e7\u00e3o para equipe em novo escrit\u00f3rio.\"},{\"@type\":\"BreadcrumbList\",\"@id\":\"https:\/\/speaktotheworld.ch\/pt-br\/produto\/mandatos-da-empresa\/#breadcrumb\",\"itemListElement\":[{\"@type\":\"ListItem\",\"position\":1,\"name\":\"Accueil\",\"item\":\"https:\/\/speaktotheworld.ch\/pt-br\/\"},{\"@type\":\"ListItem\",\"position\":2,\"name\":\"Loja\",\"item\":\"https:\/\/speaktotheworld.ch\/pt-br\/shop-br\/\"},{\"@type\":\"ListItem\",\"position\":3,\"name\":\"Mandatos da empresa\"}]},{\"@type\":\"WebSite\",\"@id\":\"https:\/\/speaktotheworld.ch\/pt-br\/#website\",\"url\":\"https:\/\/speaktotheworld.ch\/pt-br\/\",\"name\":\"Speak to the world\",\"description\":\"\",\"publisher\":{\"@id\":\"https:\/\/speaktotheworld.ch\/pt-br\/#organization\"},\"alternateName\":\"Speak to the world\",\"potentialAction\":[{\"@type\":\"SearchAction\",\"target\":{\"@type\":\"EntryPoint\",\"urlTemplate\":\"https:\/\/speaktotheworld.ch\/pt-br\/?s={search_term_string}\"},\"query-input\":{\"@type\":\"PropertyValueSpecification\",\"valueRequired\":true,\"valueName\":\"search_term_string\"}}],\"inLanguage\":\"pt-BR\"},{\"@type\":\"Organization\",\"@id\":\"https:\/\/speaktotheworld.ch\/pt-br\/#organization\",\"name\":\"Speak to the world\",\"url\":\"https:\/\/speaktotheworld.ch\/pt-br\/\",\"logo\":{\"@type\":\"ImageObject\",\"inLanguage\":\"pt-BR\",\"@id\":\"https:\/\/speaktotheworld.ch\/pt-br\/#\/schema\/logo\/image\/\",\"url\":\"https:\/\/speaktotheworld.ch\/wp-content\/uploads\/2023\/09\/7219a61d-3523-4e36-b066-6413484aa469-removebg-preview.png\",\"contentUrl\":\"https:\/\/speaktotheworld.ch\/wp-content\/uploads\/2023\/09\/7219a61d-3523-4e36-b066-6413484aa469-removebg-preview.png\",\"width\":869,\"height\":287,\"caption\":\"Speak to the world\"},\"image\":{\"@id\":\"https:\/\/speaktotheworld.ch\/pt-br\/#\/schema\/logo\/image\/\"},\"sameAs\":[\"https:\/\/www.instagram.com\/speaktotheworld.ch\/\"]}]}<\/script>\n<!-- \/ Yoast SEO plugin. -->","yoast_head_json":{"title":"Mandatos da empresa - Speak to the world","robots":{"index":"index","follow":"follow","max-snippet":"max-snippet:-1","max-image-preview":"max-image-preview:large","max-video-preview":"max-video-preview:-1"},"canonical":"https:\/\/speaktotheworld.ch\/pt-br\/produto\/mandatos-da-empresa\/","og_locale":"pt_BR","og_type":"article","og_title":"Mandatos da empresa - Speak to the world","og_description":"Pre\u00e7o de acordo com suas necessidades  Per\u00edodo: 1 hora  1:1 \/ grupos de at\u00e9 4 pessoas  Presencial \/ Online  Temas personalizados  Franc\u00eas, ingl\u00eas, espanhol, portugu\u00eas (Brasil)    Profissional   Nicole Durand Smaini O fundador fala ao mundo","og_url":"https:\/\/speaktotheworld.ch\/pt-br\/produto\/mandatos-da-empresa\/","og_site_name":"Speak to the world","article_modified_time":"2024-10-13T11:16:04+00:00","og_image":[{"width":2560,"height":1707,"url":"https:\/\/speaktotheworld.ch\/wp-content\/uploads\/2024\/06\/mandats-entreprises-scaled.jpg","type":"image\/jpeg"}],"twitter_card":"summary_large_image","twitter_misc":{"Est. tempo de leitura":"1 minuto"},"schema":{"@context":"https:\/\/schema.org","@graph":[{"@type":"WebPage","@id":"https:\/\/speaktotheworld.ch\/pt-br\/produto\/mandatos-da-empresa\/","url":"https:\/\/speaktotheworld.ch\/pt-br\/produto\/mandatos-da-empresa\/","name":"Mandatos da empresa - Speak to the world","isPartOf":{"@id":"https:\/\/speaktotheworld.ch\/pt-br\/#website"},"primaryImageOfPage":{"@id":"https:\/\/speaktotheworld.ch\/pt-br\/produto\/mandatos-da-empresa\/#primaryimage"},"image":{"@id":"https:\/\/speaktotheworld.ch\/pt-br\/produto\/mandatos-da-empresa\/#primaryimage"},"thumbnailUrl":"https:\/\/speaktotheworld.ch\/wp-content\/uploads\/2024\/06\/mandats-entreprises-scaled.jpg","datePublished":"2024-06-07T17:37:19+00:00","dateModified":"2024-10-13T11:16:04+00:00","breadcrumb":{"@id":"https:\/\/speaktotheworld.ch\/pt-br\/produto\/mandatos-da-empresa\/#breadcrumb"},"inLanguage":"pt-BR","potentialAction":[{"@type":"ReadAction","target":["https:\/\/speaktotheworld.ch\/pt-br\/produto\/mandatos-da-empresa\/"]}]},{"@type":"ImageObject","inLanguage":"pt-BR","@id":"https:\/\/speaktotheworld.ch\/pt-br\/produto\/mandatos-da-empresa\/#primaryimage","url":"https:\/\/speaktotheworld.ch\/wp-content\/uploads\/2024\/06\/mandats-entreprises-scaled.jpg","contentUrl":"https:\/\/speaktotheworld.ch\/wp-content\/uploads\/2024\/06\/mandats-entreprises-scaled.jpg","width":2560,"height":1707,"caption":"Empres\u00e1rios de v\u00e1rias etnias participando de reuni\u00e3o. Jovem empres\u00e1ria faz apresenta\u00e7\u00e3o para equipe em novo escrit\u00f3rio."},{"@type":"BreadcrumbList","@id":"https:\/\/speaktotheworld.ch\/pt-br\/produto\/mandatos-da-empresa\/#breadcrumb","itemListElement":[{"@type":"ListItem","position":1,"name":"Accueil","item":"https:\/\/speaktotheworld.ch\/pt-br\/"},{"@type":"ListItem","position":2,"name":"Loja","item":"https:\/\/speaktotheworld.ch\/pt-br\/shop-br\/"},{"@type":"ListItem","position":3,"name":"Mandatos da empresa"}]},{"@type":"WebSite","@id":"https:\/\/speaktotheworld.ch\/pt-br\/#website","url":"https:\/\/speaktotheworld.ch\/pt-br\/","name":"Speak to the world","description":"","publisher":{"@id":"https:\/\/speaktotheworld.ch\/pt-br\/#organization"},"alternateName":"Speak to the world","potentialAction":[{"@type":"SearchAction","target":{"@type":"EntryPoint","urlTemplate":"https:\/\/speaktotheworld.ch\/pt-br\/?s={search_term_string}"},"query-input":{"@type":"PropertyValueSpecification","valueRequired":true,"valueName":"search_term_string"}}],"inLanguage":"pt-BR"},{"@type":"Organization","@id":"https:\/\/speaktotheworld.ch\/pt-br\/#organization","name":"Speak to the world","url":"https:\/\/speaktotheworld.ch\/pt-br\/","logo":{"@type":"ImageObject","inLanguage":"pt-BR","@id":"https:\/\/speaktotheworld.ch\/pt-br\/#\/schema\/logo\/image\/","url":"https:\/\/speaktotheworld.ch\/wp-content\/uploads\/2023\/09\/7219a61d-3523-4e36-b066-6413484aa469-removebg-preview.png","contentUrl":"https:\/\/speaktotheworld.ch\/wp-content\/uploads\/2023\/09\/7219a61d-3523-4e36-b066-6413484aa469-removebg-preview.png","width":869,"height":287,"caption":"Speak to the world"},"image":{"@id":"https:\/\/speaktotheworld.ch\/pt-br\/#\/schema\/logo\/image\/"},"sameAs":["https:\/\/www.instagram.com\/speaktotheworld.ch\/"]}]}},"_links":{"self":[{"href":"https:\/\/speaktotheworld.ch\/pt-br\/wp-json\/wp\/v2\/product\/5375","targetHints":{"allow":["GET"]}}],"collection":[{"href":"https:\/\/speaktotheworld.ch\/pt-br\/wp-json\/wp\/v2\/product"}],"about":[{"href":"https:\/\/speaktotheworld.ch\/pt-br\/wp-json\/wp\/v2\/types\/product"}],"replies":[{"embeddable":true,"href":"https:\/\/speaktotheworld.ch\/pt-br\/wp-json\/wp\/v2\/comments?post=5375"}],"version-history":[{"count":2,"href":"https:\/\/speaktotheworld.ch\/pt-br\/wp-json\/wp\/v2\/product\/5375\/revisions"}],"predecessor-version":[{"id":5698,"href":"https:\/\/speaktotheworld.ch\/pt-br\/wp-json\/wp\/v2\/product\/5375\/revisions\/5698"}],"wp:featuredmedia":[{"embeddable":true,"href":"https:\/\/speaktotheworld.ch\/pt-br\/wp-json\/wp\/v2\/media\/5468"}],"wp:attachment":[{"href":"https:\/\/speaktotheworld.ch\/pt-br\/wp-json\/wp\/v2\/media?parent=5375"}],"wp:term":[{"taxonomy":"brand","embeddable":true,"href":"https:\/\/speaktotheworld.ch\/pt-br\/wp-json\/wp\/v2\/etheme_brands?post=5375"},{"taxonomy":"product_brand","embeddable":true,"href":"https:\/\/speaktotheworld.ch\/pt-br\/wp-json\/wp\/v2\/product_brand?post=5375"},{"taxonomy":"product_cat","embeddable":true,"href":"https:\/\/speaktotheworld.ch\/pt-br\/wp-json\/wp\/v2\/product_cat?post=5375"},{"taxonomy":"product_tag","embeddable":true,"href":"https:\/\/speaktotheworld.ch\/pt-br\/wp-json\/wp\/v2\/product_tag?post=5375"}],"curies":[{"name":"wp","href":"https:\/\/api.w.org\/{rel}","templated":true}]}}