{"id":5361,"date":"2024-06-07T19:37:18","date_gmt":"2024-06-07T17:37:18","guid":{"rendered":"https:\/\/speaktotheworld.ch\/product\/cursos-para-adultos\/"},"modified":"2024-10-24T22:10:13","modified_gmt":"2024-10-24T20:10:13","slug":"cursos-para-adultos","status":"publish","type":"product","link":"https:\/\/speaktotheworld.ch\/pt-br\/produto\/cursos-para-adultos\/","title":{"rendered":"Cursos para adultos"},"content":{"rendered":"<p>Voc\u00ea tem receio de se expressar em um idioma estrangeiro? Este curso \u00e9 para voc\u00ea!<\/p>\n<h1>Quais s\u00e3o os objetivos deste curso?<\/h1>\n<p><span style=\"font-weight: 400;\">Uma oportunidade \u00fanica de aprimorar suas habilidades no idioma, priorizando a express\u00e3o oral de acordo com suas necessidades. Podemos integrar e adaptar o vocabul\u00e1rio necess\u00e1rio para atender aos seus objetivos.<\/span><\/p>\n<h1>Para quem \u00e9 esse curso?<\/h1>\n<p><span style=\"font-weight: 400;\">Ele foi desenvolvido para adultos de todas as idades e n\u00edveis de idioma que desejam aprimorar suas habilidades lingu\u00edsticas.<\/span><\/p>\n<h1>Qual \u00e9 o formato desse curso?<\/h1>\n<div class=\"elementToProof\">\n<p><span style=\"font-weight: 400;\">Os cursos s\u00e3o oferecidos individualmente (1:1), on-line ou presencialmente, dependendo da sua escolha e conveni\u00eancia. Tamb\u00e9m podemos ir at\u00e9 sua casa.<\/span><\/p>\n<\/div>\n","protected":false},"excerpt":{"rendered":"<table class=\"course-info\">\n<tbody>\n<tr>\n<td>\n<ul>\n<li>Pre\u00e7o por um per\u00edodo de 1h30<\/li>\n<li>Dura\u00e7\u00e3o m\u00ednima do pacote: 10 per\u00edodos<\/li>\n<li style=\"text-align: left;\">1:1<\/li>\n<li style=\"text-align: left;\">Presencial\/ Online<\/li>\n<li style=\"text-align: left;\">Temas personalizados<\/li>\n<li style=\"text-align: left;\">Franc\u00eas, ingl\u00eas, espanhol, portugu\u00eas (Brasil)<\/li>\n<\/ul>\n<\/td>\n<\/tr>\n<tr>\n<td>\n<div class=\"prof-info\">\n<div class=\"prof-title\">Profissional<\/div>\n<div class=\"prof-details\">\n<p><img decoding=\"async\" class=\"prof-photo\" src=\"https:\/\/speaktotheworld.ch\/wp-content\/uploads\/2024\/06\/Image_pp-e1716752391110.jpeg\" alt=\"Profissional do curso\" \/><\/p>\n<div>\n<div class=\"prof-name\">Nicole Durand Smaini<\/div>\n<div class=\"prof-role\">O fundador fala ao mundo<\/div>\n<\/div>\n<\/div>\n<\/div>\n<\/td>\n<\/tr>\n<\/tbody>\n<\/table>\n","protected":false},"featured_media":4893,"comment_status":"open","ping_status":"closed","template":"","meta":[],"etheme_brands":[],"product_brand":[],"product_cat":[163,133,171,175,167,179],"product_tag":[],"class_list":{"0":"post-5361","1":"product","2":"type-product","3":"status-publish","4":"has-post-thumbnail","6":"product_cat-alemao","7":"product_cat-cursos-de-idiomas-para-adultos","8":"product_cat-espanhol","9":"product_cat-frances","10":"product_cat-ingles","11":"product_cat-portugues-brasil","13":"first","14":"instock","15":"shipping-taxable","16":"purchasable","17":"product-type-simple"},"yoast_head":"<!-- This site is optimized with the Yoast SEO plugin v27.3 - https:\/\/yoast.com\/product\/yoast-seo-wordpress\/ -->\n<title>Cursos para adultos - Speak to the world<\/title>\n<meta name=\"robots\" content=\"index, follow, max-snippet:-1, max-image-preview:large, max-video-preview:-1\" \/>\n<link rel=\"canonical\" href=\"https:\/\/speaktotheworld.ch\/pt-br\/produto\/cursos-para-adultos\/\" \/>\n<meta property=\"og:locale\" content=\"pt_BR\" \/>\n<meta property=\"og:type\" content=\"article\" \/>\n<meta property=\"og:title\" content=\"Cursos para adultos - Speak to the world\" \/>\n<meta property=\"og:description\" content=\"Pre\u00e7o por um per\u00edodo de 1h30  Dura\u00e7\u00e3o m\u00ednima do pacote: 10 per\u00edodos  1:1  Presencial\/ Online  Temas personalizados  Franc\u00eas, ingl\u00eas, espanhol, portugu\u00eas (Brasil)       Profissional     Nicole Durand Smaini O fundador fala ao mundo\" \/>\n<meta property=\"og:url\" content=\"https:\/\/speaktotheworld.ch\/pt-br\/produto\/cursos-para-adultos\/\" \/>\n<meta property=\"og:site_name\" content=\"Speak to the world\" \/>\n<meta property=\"article:modified_time\" content=\"2024-10-24T20:10:13+00:00\" \/>\n<meta property=\"og:image\" content=\"https:\/\/speaktotheworld.ch\/wp-content\/uploads\/2024\/04\/cours-anglais-Neuchatel.jpeg\" \/>\n\t<meta property=\"og:image:width\" content=\"612\" \/>\n\t<meta property=\"og:image:height\" content=\"408\" \/>\n\t<meta property=\"og:image:type\" content=\"image\/jpeg\" \/>\n<meta name=\"twitter:card\" content=\"summary_large_image\" \/>\n<meta name=\"twitter:label1\" content=\"Est. tempo de leitura\" \/>\n\t<meta name=\"twitter:data1\" content=\"1 minuto\" \/>\n<script type=\"application\/ld+json\" class=\"yoast-schema-graph\">{\"@context\":\"https:\\\/\\\/schema.org\",\"@graph\":[{\"@type\":\"WebPage\",\"@id\":\"https:\\\/\\\/speaktotheworld.ch\\\/pt-br\\\/produto\\\/cursos-para-adultos\\\/\",\"url\":\"https:\\\/\\\/speaktotheworld.ch\\\/pt-br\\\/produto\\\/cursos-para-adultos\\\/\",\"name\":\"Cursos para adultos - Speak to the world\",\"isPartOf\":{\"@id\":\"https:\\\/\\\/speaktotheworld.ch\\\/pt-br\\\/#website\"},\"primaryImageOfPage\":{\"@id\":\"https:\\\/\\\/speaktotheworld.ch\\\/pt-br\\\/produto\\\/cursos-para-adultos\\\/#primaryimage\"},\"image\":{\"@id\":\"https:\\\/\\\/speaktotheworld.ch\\\/pt-br\\\/produto\\\/cursos-para-adultos\\\/#primaryimage\"},\"thumbnailUrl\":\"https:\\\/\\\/speaktotheworld.ch\\\/wp-content\\\/uploads\\\/2024\\\/04\\\/cours-anglais-Neuchatel.jpeg\",\"datePublished\":\"2024-06-07T17:37:18+00:00\",\"dateModified\":\"2024-10-24T20:10:13+00:00\",\"breadcrumb\":{\"@id\":\"https:\\\/\\\/speaktotheworld.ch\\\/pt-br\\\/produto\\\/cursos-para-adultos\\\/#breadcrumb\"},\"inLanguage\":\"pt-BR\",\"potentialAction\":[{\"@type\":\"ReadAction\",\"target\":[\"https:\\\/\\\/speaktotheworld.ch\\\/pt-br\\\/produto\\\/cursos-para-adultos\\\/\"]}]},{\"@type\":\"ImageObject\",\"inLanguage\":\"pt-BR\",\"@id\":\"https:\\\/\\\/speaktotheworld.ch\\\/pt-br\\\/produto\\\/cursos-para-adultos\\\/#primaryimage\",\"url\":\"https:\\\/\\\/speaktotheworld.ch\\\/wp-content\\\/uploads\\\/2024\\\/04\\\/cours-anglais-Neuchatel.jpeg\",\"contentUrl\":\"https:\\\/\\\/speaktotheworld.ch\\\/wp-content\\\/uploads\\\/2024\\\/04\\\/cours-anglais-Neuchatel.jpeg\",\"width\":612,\"height\":408,\"caption\":\"Young Middle Eastern man standing at whiteboard writing past participle forms of irregular verbs during lesson\"},{\"@type\":\"BreadcrumbList\",\"@id\":\"https:\\\/\\\/speaktotheworld.ch\\\/pt-br\\\/produto\\\/cursos-para-adultos\\\/#breadcrumb\",\"itemListElement\":[{\"@type\":\"ListItem\",\"position\":1,\"name\":\"Accueil\",\"item\":\"https:\\\/\\\/speaktotheworld.ch\\\/pt-br\\\/\"},{\"@type\":\"ListItem\",\"position\":2,\"name\":\"Loja\",\"item\":\"https:\\\/\\\/speaktotheworld.ch\\\/pt-br\\\/shop-br\\\/\"},{\"@type\":\"ListItem\",\"position\":3,\"name\":\"Cursos para adultos\"}]},{\"@type\":\"WebSite\",\"@id\":\"https:\\\/\\\/speaktotheworld.ch\\\/pt-br\\\/#website\",\"url\":\"https:\\\/\\\/speaktotheworld.ch\\\/pt-br\\\/\",\"name\":\"Speak to the world\",\"description\":\"\",\"publisher\":{\"@id\":\"https:\\\/\\\/speaktotheworld.ch\\\/pt-br\\\/#organization\"},\"alternateName\":\"Speak to the world\",\"potentialAction\":[{\"@type\":\"SearchAction\",\"target\":{\"@type\":\"EntryPoint\",\"urlTemplate\":\"https:\\\/\\\/speaktotheworld.ch\\\/pt-br\\\/?s={search_term_string}\"},\"query-input\":{\"@type\":\"PropertyValueSpecification\",\"valueRequired\":true,\"valueName\":\"search_term_string\"}}],\"inLanguage\":\"pt-BR\"},{\"@type\":\"Organization\",\"@id\":\"https:\\\/\\\/speaktotheworld.ch\\\/pt-br\\\/#organization\",\"name\":\"Speak to the world\",\"url\":\"https:\\\/\\\/speaktotheworld.ch\\\/pt-br\\\/\",\"logo\":{\"@type\":\"ImageObject\",\"inLanguage\":\"pt-BR\",\"@id\":\"https:\\\/\\\/speaktotheworld.ch\\\/pt-br\\\/#\\\/schema\\\/logo\\\/image\\\/\",\"url\":\"https:\\\/\\\/speaktotheworld.ch\\\/wp-content\\\/uploads\\\/2023\\\/09\\\/7219a61d-3523-4e36-b066-6413484aa469-removebg-preview.png\",\"contentUrl\":\"https:\\\/\\\/speaktotheworld.ch\\\/wp-content\\\/uploads\\\/2023\\\/09\\\/7219a61d-3523-4e36-b066-6413484aa469-removebg-preview.png\",\"width\":869,\"height\":287,\"caption\":\"Speak to the world\"},\"image\":{\"@id\":\"https:\\\/\\\/speaktotheworld.ch\\\/pt-br\\\/#\\\/schema\\\/logo\\\/image\\\/\"},\"sameAs\":[\"https:\\\/\\\/www.instagram.com\\\/speaktotheworld.ch\\\/\"]}]}<\/script>\n<!-- \/ Yoast SEO plugin. -->","yoast_head_json":{"title":"Cursos para adultos - Speak to the world","robots":{"index":"index","follow":"follow","max-snippet":"max-snippet:-1","max-image-preview":"max-image-preview:large","max-video-preview":"max-video-preview:-1"},"canonical":"https:\/\/speaktotheworld.ch\/pt-br\/produto\/cursos-para-adultos\/","og_locale":"pt_BR","og_type":"article","og_title":"Cursos para adultos - Speak to the world","og_description":"Pre\u00e7o por um per\u00edodo de 1h30  Dura\u00e7\u00e3o m\u00ednima do pacote: 10 per\u00edodos  1:1  Presencial\/ Online  Temas personalizados  Franc\u00eas, ingl\u00eas, espanhol, portugu\u00eas (Brasil)       Profissional     Nicole Durand Smaini O fundador fala ao mundo","og_url":"https:\/\/speaktotheworld.ch\/pt-br\/produto\/cursos-para-adultos\/","og_site_name":"Speak to the world","article_modified_time":"2024-10-24T20:10:13+00:00","og_image":[{"width":612,"height":408,"url":"https:\/\/speaktotheworld.ch\/wp-content\/uploads\/2024\/04\/cours-anglais-Neuchatel.jpeg","type":"image\/jpeg"}],"twitter_card":"summary_large_image","twitter_misc":{"Est. tempo de leitura":"1 minuto"},"schema":{"@context":"https:\/\/schema.org","@graph":[{"@type":"WebPage","@id":"https:\/\/speaktotheworld.ch\/pt-br\/produto\/cursos-para-adultos\/","url":"https:\/\/speaktotheworld.ch\/pt-br\/produto\/cursos-para-adultos\/","name":"Cursos para adultos - Speak to the world","isPartOf":{"@id":"https:\/\/speaktotheworld.ch\/pt-br\/#website"},"primaryImageOfPage":{"@id":"https:\/\/speaktotheworld.ch\/pt-br\/produto\/cursos-para-adultos\/#primaryimage"},"image":{"@id":"https:\/\/speaktotheworld.ch\/pt-br\/produto\/cursos-para-adultos\/#primaryimage"},"thumbnailUrl":"https:\/\/speaktotheworld.ch\/wp-content\/uploads\/2024\/04\/cours-anglais-Neuchatel.jpeg","datePublished":"2024-06-07T17:37:18+00:00","dateModified":"2024-10-24T20:10:13+00:00","breadcrumb":{"@id":"https:\/\/speaktotheworld.ch\/pt-br\/produto\/cursos-para-adultos\/#breadcrumb"},"inLanguage":"pt-BR","potentialAction":[{"@type":"ReadAction","target":["https:\/\/speaktotheworld.ch\/pt-br\/produto\/cursos-para-adultos\/"]}]},{"@type":"ImageObject","inLanguage":"pt-BR","@id":"https:\/\/speaktotheworld.ch\/pt-br\/produto\/cursos-para-adultos\/#primaryimage","url":"https:\/\/speaktotheworld.ch\/wp-content\/uploads\/2024\/04\/cours-anglais-Neuchatel.jpeg","contentUrl":"https:\/\/speaktotheworld.ch\/wp-content\/uploads\/2024\/04\/cours-anglais-Neuchatel.jpeg","width":612,"height":408,"caption":"Young Middle Eastern man standing at whiteboard writing past participle forms of irregular verbs during lesson"},{"@type":"BreadcrumbList","@id":"https:\/\/speaktotheworld.ch\/pt-br\/produto\/cursos-para-adultos\/#breadcrumb","itemListElement":[{"@type":"ListItem","position":1,"name":"Accueil","item":"https:\/\/speaktotheworld.ch\/pt-br\/"},{"@type":"ListItem","position":2,"name":"Loja","item":"https:\/\/speaktotheworld.ch\/pt-br\/shop-br\/"},{"@type":"ListItem","position":3,"name":"Cursos para adultos"}]},{"@type":"WebSite","@id":"https:\/\/speaktotheworld.ch\/pt-br\/#website","url":"https:\/\/speaktotheworld.ch\/pt-br\/","name":"Speak to the world","description":"","publisher":{"@id":"https:\/\/speaktotheworld.ch\/pt-br\/#organization"},"alternateName":"Speak to the world","potentialAction":[{"@type":"SearchAction","target":{"@type":"EntryPoint","urlTemplate":"https:\/\/speaktotheworld.ch\/pt-br\/?s={search_term_string}"},"query-input":{"@type":"PropertyValueSpecification","valueRequired":true,"valueName":"search_term_string"}}],"inLanguage":"pt-BR"},{"@type":"Organization","@id":"https:\/\/speaktotheworld.ch\/pt-br\/#organization","name":"Speak to the world","url":"https:\/\/speaktotheworld.ch\/pt-br\/","logo":{"@type":"ImageObject","inLanguage":"pt-BR","@id":"https:\/\/speaktotheworld.ch\/pt-br\/#\/schema\/logo\/image\/","url":"https:\/\/speaktotheworld.ch\/wp-content\/uploads\/2023\/09\/7219a61d-3523-4e36-b066-6413484aa469-removebg-preview.png","contentUrl":"https:\/\/speaktotheworld.ch\/wp-content\/uploads\/2023\/09\/7219a61d-3523-4e36-b066-6413484aa469-removebg-preview.png","width":869,"height":287,"caption":"Speak to the world"},"image":{"@id":"https:\/\/speaktotheworld.ch\/pt-br\/#\/schema\/logo\/image\/"},"sameAs":["https:\/\/www.instagram.com\/speaktotheworld.ch\/"]}]}},"_links":{"self":[{"href":"https:\/\/speaktotheworld.ch\/pt-br\/wp-json\/wp\/v2\/product\/5361","targetHints":{"allow":["GET"]}}],"collection":[{"href":"https:\/\/speaktotheworld.ch\/pt-br\/wp-json\/wp\/v2\/product"}],"about":[{"href":"https:\/\/speaktotheworld.ch\/pt-br\/wp-json\/wp\/v2\/types\/product"}],"replies":[{"embeddable":true,"href":"https:\/\/speaktotheworld.ch\/pt-br\/wp-json\/wp\/v2\/comments?post=5361"}],"version-history":[{"count":1,"href":"https:\/\/speaktotheworld.ch\/pt-br\/wp-json\/wp\/v2\/product\/5361\/revisions"}],"predecessor-version":[{"id":5670,"href":"https:\/\/speaktotheworld.ch\/pt-br\/wp-json\/wp\/v2\/product\/5361\/revisions\/5670"}],"wp:featuredmedia":[{"embeddable":true,"href":"https:\/\/speaktotheworld.ch\/pt-br\/wp-json\/wp\/v2\/media\/4893"}],"wp:attachment":[{"href":"https:\/\/speaktotheworld.ch\/pt-br\/wp-json\/wp\/v2\/media?parent=5361"}],"wp:term":[{"taxonomy":"brand","embeddable":true,"href":"https:\/\/speaktotheworld.ch\/pt-br\/wp-json\/wp\/v2\/etheme_brands?post=5361"},{"taxonomy":"product_brand","embeddable":true,"href":"https:\/\/speaktotheworld.ch\/pt-br\/wp-json\/wp\/v2\/product_brand?post=5361"},{"taxonomy":"product_cat","embeddable":true,"href":"https:\/\/speaktotheworld.ch\/pt-br\/wp-json\/wp\/v2\/product_cat?post=5361"},{"taxonomy":"product_tag","embeddable":true,"href":"https:\/\/speaktotheworld.ch\/pt-br\/wp-json\/wp\/v2\/product_tag?post=5361"}],"curies":[{"name":"wp","href":"https:\/\/api.w.org\/{rel}","templated":true}]}}