{"id":5348,"date":"2024-06-07T19:37:20","date_gmt":"2024-06-07T17:37:20","guid":{"rendered":"https:\/\/speaktotheworld.ch\/product\/cours-express-de-chinois\/"},"modified":"2024-10-17T20:55:32","modified_gmt":"2024-10-17T18:55:32","slug":"cours-express-de-chinois","status":"publish","type":"product","link":"https:\/\/speaktotheworld.ch\/pt-br\/produto\/cours-express-de-chinois\/","title":{"rendered":"Aulas de chin\u00eas expresso"},"content":{"rendered":"<h1>Quais s\u00e3o os objetivos deste curso?<\/h1>\n<p><span style=\"font-weight: 400;\">Se voc\u00ea estiver viajando para o exterior ou simplesmente buscando aprimorar sua experi\u00eancia tur\u00edstica, nossos cursos expressos de idiomas s\u00e3o projetados para oferecer a voc\u00ea as habilidades lingu\u00edsticas necess\u00e1rias para mergulhar totalmente na cultura local (dominando frases essenciais de viagem, melhorando a compreens\u00e3o e a pron\u00fancia e ganhando confian\u00e7a para interagir com os habitantes locais). Com cursos intensivos ministrados por professores qualificados e dedicados, voc\u00ea ter\u00e1 um progresso r\u00e1pido e eficaz.<\/span><\/p>\n<h1>Para quem \u00e9 esse curso?<\/h1>\n<p><span style=\"font-weight: 400;\">Nossos programas flex\u00edveis s\u00e3o adequados para todos os n\u00edveis, quer voc\u00ea seja um iniciante absoluto ou apenas queira aperfei\u00e7oar suas habilidades. <\/span><\/p>\n<h1>Qual \u00e9 o formato desse curso?<\/h1>\n<p><span style=\"font-weight: 400;\">Os cursos s\u00e3o oferecidos individualmente (1:1), on-line ou presencialmente, dependendo da sua escolha e conveni\u00eancia. Tamb\u00e9m podemos ir at\u00e9 sua casa ou local de trabalho. <\/span><\/p>\n<h1>Documento \u00fatil<\/h1>\n<p><a href=\"https:\/\/speaktotheworld.ch\/wp-content\/uploads\/2024\/06\/Fiche-technique_cours-express.pdf\" target=\"_blank\" rel=\"noopener\">Folha de dados.pdf<\/a><\/p>\n","protected":false},"excerpt":{"rendered":"<table class=\"course-info\">\n<tbody>\n<tr>\n<td>\n<ul>\n<li>Pre\u00e7o por 1 hora<\/li>\n<li>3 a 4 aulas por semana<\/li>\n<li>Dura\u00e7\u00e3o: 4 semanas<\/li>\n<li style=\"text-align: left;\">1:1<\/li>\n<li style=\"text-align: left;\">On-line<\/li>\n<li style=\"text-align: left;\">Temas relacionados a viagens<\/li>\n<\/ul>\n<\/td>\n<\/tr>\n<tr>\n<td>\n<div class=\"prof-info\">\n<div class=\"prof-title\">Profissional<\/div>\n<div class=\"prof-details\">\n<p><img decoding=\"async\" class=\"prof-photo\" src=\"https:\/\/speaktotheworld.ch\/wp-content\/uploads\/2024\/06\/foto-orobosa.jpeg\" alt=\"Profissional do curso\" \/><\/p>\n<div>\n<div class=\"prof-name\">Orobosa Hernan Osayawe Gallego<\/div>\n<div class=\"prof-role\">Fale com o parceiro mundial<\/div>\n<\/div>\n<\/div>\n<\/div>\n<\/td>\n<\/tr>\n<\/tbody>\n<\/table>\n","protected":false},"featured_media":5503,"comment_status":"open","ping_status":"closed","template":"","meta":[],"etheme_brands":[],"product_brand":[],"product_cat":[157,158],"product_tag":[],"class_list":{"0":"post-5348","1":"product","2":"type-product","3":"status-publish","4":"has-post-thumbnail","6":"product_cat-chines","7":"product_cat-nouveautes-pt-br","9":"first","10":"instock","11":"shipping-taxable","12":"purchasable","13":"product-type-simple"},"yoast_head":"<!-- This site is optimized with the Yoast SEO plugin v27.2 - https:\/\/yoast.com\/product\/yoast-seo-wordpress\/ -->\n<title>Aulas de chin\u00eas expresso - Speak to the world<\/title>\n<meta name=\"robots\" content=\"index, follow, max-snippet:-1, max-image-preview:large, max-video-preview:-1\" \/>\n<link rel=\"canonical\" href=\"https:\/\/speaktotheworld.ch\/pt-br\/produto\/cours-express-de-chinois\/\" \/>\n<meta property=\"og:locale\" content=\"pt_BR\" \/>\n<meta property=\"og:type\" content=\"article\" \/>\n<meta property=\"og:title\" content=\"Aulas de chin\u00eas expresso - Speak to the world\" \/>\n<meta property=\"og:description\" content=\"Pre\u00e7o por 1 hora  3 a 4 aulas por semana  Dura\u00e7\u00e3o: 4 semanas  1:1  On-line  Temas relacionados a viagens       Profissional     Orobosa Hernan Osayawe Gallego Fale com o parceiro mundial\" \/>\n<meta property=\"og:url\" content=\"https:\/\/speaktotheworld.ch\/pt-br\/produto\/cours-express-de-chinois\/\" \/>\n<meta property=\"og:site_name\" content=\"Speak to the world\" \/>\n<meta property=\"article:modified_time\" content=\"2024-10-17T18:55:32+00:00\" \/>\n<meta property=\"og:image\" content=\"https:\/\/speaktotheworld.ch\/wp-content\/uploads\/2024\/06\/cours-express-ch.png\" \/>\n\t<meta property=\"og:image:width\" content=\"1224\" \/>\n\t<meta property=\"og:image:height\" content=\"816\" \/>\n\t<meta property=\"og:image:type\" content=\"image\/png\" \/>\n<meta name=\"twitter:card\" content=\"summary_large_image\" \/>\n<meta name=\"twitter:label1\" content=\"Est. tempo de leitura\" \/>\n\t<meta name=\"twitter:data1\" content=\"1 minuto\" \/>\n<script type=\"application\/ld+json\" class=\"yoast-schema-graph\">{\"@context\":\"https:\/\/schema.org\",\"@graph\":[{\"@type\":\"WebPage\",\"@id\":\"https:\/\/speaktotheworld.ch\/pt-br\/produto\/cours-express-de-chinois\/\",\"url\":\"https:\/\/speaktotheworld.ch\/pt-br\/produto\/cours-express-de-chinois\/\",\"name\":\"Aulas de chin\u00eas expresso - Speak to the world\",\"isPartOf\":{\"@id\":\"https:\/\/speaktotheworld.ch\/pt-br\/#website\"},\"primaryImageOfPage\":{\"@id\":\"https:\/\/speaktotheworld.ch\/pt-br\/produto\/cours-express-de-chinois\/#primaryimage\"},\"image\":{\"@id\":\"https:\/\/speaktotheworld.ch\/pt-br\/produto\/cours-express-de-chinois\/#primaryimage\"},\"thumbnailUrl\":\"https:\/\/speaktotheworld.ch\/wp-content\/uploads\/2024\/06\/cours-express-ch.png\",\"datePublished\":\"2024-06-07T17:37:20+00:00\",\"dateModified\":\"2024-10-17T18:55:32+00:00\",\"breadcrumb\":{\"@id\":\"https:\/\/speaktotheworld.ch\/pt-br\/produto\/cours-express-de-chinois\/#breadcrumb\"},\"inLanguage\":\"pt-BR\",\"potentialAction\":[{\"@type\":\"ReadAction\",\"target\":[\"https:\/\/speaktotheworld.ch\/pt-br\/produto\/cours-express-de-chinois\/\"]}]},{\"@type\":\"ImageObject\",\"inLanguage\":\"pt-BR\",\"@id\":\"https:\/\/speaktotheworld.ch\/pt-br\/produto\/cours-express-de-chinois\/#primaryimage\",\"url\":\"https:\/\/speaktotheworld.ch\/wp-content\/uploads\/2024\/06\/cours-express-ch.png\",\"contentUrl\":\"https:\/\/speaktotheworld.ch\/wp-content\/uploads\/2024\/06\/cours-express-ch.png\",\"width\":1224,\"height\":816},{\"@type\":\"BreadcrumbList\",\"@id\":\"https:\/\/speaktotheworld.ch\/pt-br\/produto\/cours-express-de-chinois\/#breadcrumb\",\"itemListElement\":[{\"@type\":\"ListItem\",\"position\":1,\"name\":\"Accueil\",\"item\":\"https:\/\/speaktotheworld.ch\/pt-br\/\"},{\"@type\":\"ListItem\",\"position\":2,\"name\":\"Loja\",\"item\":\"https:\/\/speaktotheworld.ch\/pt-br\/shop-br\/\"},{\"@type\":\"ListItem\",\"position\":3,\"name\":\"Aulas de chin\u00eas expresso\"}]},{\"@type\":\"WebSite\",\"@id\":\"https:\/\/speaktotheworld.ch\/pt-br\/#website\",\"url\":\"https:\/\/speaktotheworld.ch\/pt-br\/\",\"name\":\"Speak to the world\",\"description\":\"\",\"publisher\":{\"@id\":\"https:\/\/speaktotheworld.ch\/pt-br\/#organization\"},\"alternateName\":\"Speak to the world\",\"potentialAction\":[{\"@type\":\"SearchAction\",\"target\":{\"@type\":\"EntryPoint\",\"urlTemplate\":\"https:\/\/speaktotheworld.ch\/pt-br\/?s={search_term_string}\"},\"query-input\":{\"@type\":\"PropertyValueSpecification\",\"valueRequired\":true,\"valueName\":\"search_term_string\"}}],\"inLanguage\":\"pt-BR\"},{\"@type\":\"Organization\",\"@id\":\"https:\/\/speaktotheworld.ch\/pt-br\/#organization\",\"name\":\"Speak to the world\",\"url\":\"https:\/\/speaktotheworld.ch\/pt-br\/\",\"logo\":{\"@type\":\"ImageObject\",\"inLanguage\":\"pt-BR\",\"@id\":\"https:\/\/speaktotheworld.ch\/pt-br\/#\/schema\/logo\/image\/\",\"url\":\"https:\/\/speaktotheworld.ch\/wp-content\/uploads\/2023\/09\/7219a61d-3523-4e36-b066-6413484aa469-removebg-preview.png\",\"contentUrl\":\"https:\/\/speaktotheworld.ch\/wp-content\/uploads\/2023\/09\/7219a61d-3523-4e36-b066-6413484aa469-removebg-preview.png\",\"width\":869,\"height\":287,\"caption\":\"Speak to the world\"},\"image\":{\"@id\":\"https:\/\/speaktotheworld.ch\/pt-br\/#\/schema\/logo\/image\/\"},\"sameAs\":[\"https:\/\/www.instagram.com\/speaktotheworld.ch\/\"]}]}<\/script>\n<!-- \/ Yoast SEO plugin. -->","yoast_head_json":{"title":"Aulas de chin\u00eas expresso - Speak to the world","robots":{"index":"index","follow":"follow","max-snippet":"max-snippet:-1","max-image-preview":"max-image-preview:large","max-video-preview":"max-video-preview:-1"},"canonical":"https:\/\/speaktotheworld.ch\/pt-br\/produto\/cours-express-de-chinois\/","og_locale":"pt_BR","og_type":"article","og_title":"Aulas de chin\u00eas expresso - Speak to the world","og_description":"Pre\u00e7o por 1 hora  3 a 4 aulas por semana  Dura\u00e7\u00e3o: 4 semanas  1:1  On-line  Temas relacionados a viagens       Profissional     Orobosa Hernan Osayawe Gallego Fale com o parceiro mundial","og_url":"https:\/\/speaktotheworld.ch\/pt-br\/produto\/cours-express-de-chinois\/","og_site_name":"Speak to the world","article_modified_time":"2024-10-17T18:55:32+00:00","og_image":[{"width":1224,"height":816,"url":"https:\/\/speaktotheworld.ch\/wp-content\/uploads\/2024\/06\/cours-express-ch.png","type":"image\/png"}],"twitter_card":"summary_large_image","twitter_misc":{"Est. tempo de leitura":"1 minuto"},"schema":{"@context":"https:\/\/schema.org","@graph":[{"@type":"WebPage","@id":"https:\/\/speaktotheworld.ch\/pt-br\/produto\/cours-express-de-chinois\/","url":"https:\/\/speaktotheworld.ch\/pt-br\/produto\/cours-express-de-chinois\/","name":"Aulas de chin\u00eas expresso - Speak to the world","isPartOf":{"@id":"https:\/\/speaktotheworld.ch\/pt-br\/#website"},"primaryImageOfPage":{"@id":"https:\/\/speaktotheworld.ch\/pt-br\/produto\/cours-express-de-chinois\/#primaryimage"},"image":{"@id":"https:\/\/speaktotheworld.ch\/pt-br\/produto\/cours-express-de-chinois\/#primaryimage"},"thumbnailUrl":"https:\/\/speaktotheworld.ch\/wp-content\/uploads\/2024\/06\/cours-express-ch.png","datePublished":"2024-06-07T17:37:20+00:00","dateModified":"2024-10-17T18:55:32+00:00","breadcrumb":{"@id":"https:\/\/speaktotheworld.ch\/pt-br\/produto\/cours-express-de-chinois\/#breadcrumb"},"inLanguage":"pt-BR","potentialAction":[{"@type":"ReadAction","target":["https:\/\/speaktotheworld.ch\/pt-br\/produto\/cours-express-de-chinois\/"]}]},{"@type":"ImageObject","inLanguage":"pt-BR","@id":"https:\/\/speaktotheworld.ch\/pt-br\/produto\/cours-express-de-chinois\/#primaryimage","url":"https:\/\/speaktotheworld.ch\/wp-content\/uploads\/2024\/06\/cours-express-ch.png","contentUrl":"https:\/\/speaktotheworld.ch\/wp-content\/uploads\/2024\/06\/cours-express-ch.png","width":1224,"height":816},{"@type":"BreadcrumbList","@id":"https:\/\/speaktotheworld.ch\/pt-br\/produto\/cours-express-de-chinois\/#breadcrumb","itemListElement":[{"@type":"ListItem","position":1,"name":"Accueil","item":"https:\/\/speaktotheworld.ch\/pt-br\/"},{"@type":"ListItem","position":2,"name":"Loja","item":"https:\/\/speaktotheworld.ch\/pt-br\/shop-br\/"},{"@type":"ListItem","position":3,"name":"Aulas de chin\u00eas expresso"}]},{"@type":"WebSite","@id":"https:\/\/speaktotheworld.ch\/pt-br\/#website","url":"https:\/\/speaktotheworld.ch\/pt-br\/","name":"Speak to the world","description":"","publisher":{"@id":"https:\/\/speaktotheworld.ch\/pt-br\/#organization"},"alternateName":"Speak to the world","potentialAction":[{"@type":"SearchAction","target":{"@type":"EntryPoint","urlTemplate":"https:\/\/speaktotheworld.ch\/pt-br\/?s={search_term_string}"},"query-input":{"@type":"PropertyValueSpecification","valueRequired":true,"valueName":"search_term_string"}}],"inLanguage":"pt-BR"},{"@type":"Organization","@id":"https:\/\/speaktotheworld.ch\/pt-br\/#organization","name":"Speak to the world","url":"https:\/\/speaktotheworld.ch\/pt-br\/","logo":{"@type":"ImageObject","inLanguage":"pt-BR","@id":"https:\/\/speaktotheworld.ch\/pt-br\/#\/schema\/logo\/image\/","url":"https:\/\/speaktotheworld.ch\/wp-content\/uploads\/2023\/09\/7219a61d-3523-4e36-b066-6413484aa469-removebg-preview.png","contentUrl":"https:\/\/speaktotheworld.ch\/wp-content\/uploads\/2023\/09\/7219a61d-3523-4e36-b066-6413484aa469-removebg-preview.png","width":869,"height":287,"caption":"Speak to the world"},"image":{"@id":"https:\/\/speaktotheworld.ch\/pt-br\/#\/schema\/logo\/image\/"},"sameAs":["https:\/\/www.instagram.com\/speaktotheworld.ch\/"]}]}},"_links":{"self":[{"href":"https:\/\/speaktotheworld.ch\/pt-br\/wp-json\/wp\/v2\/product\/5348","targetHints":{"allow":["GET"]}}],"collection":[{"href":"https:\/\/speaktotheworld.ch\/pt-br\/wp-json\/wp\/v2\/product"}],"about":[{"href":"https:\/\/speaktotheworld.ch\/pt-br\/wp-json\/wp\/v2\/types\/product"}],"replies":[{"embeddable":true,"href":"https:\/\/speaktotheworld.ch\/pt-br\/wp-json\/wp\/v2\/comments?post=5348"}],"version-history":[{"count":4,"href":"https:\/\/speaktotheworld.ch\/pt-br\/wp-json\/wp\/v2\/product\/5348\/revisions"}],"predecessor-version":[{"id":5774,"href":"https:\/\/speaktotheworld.ch\/pt-br\/wp-json\/wp\/v2\/product\/5348\/revisions\/5774"}],"wp:featuredmedia":[{"embeddable":true,"href":"https:\/\/speaktotheworld.ch\/pt-br\/wp-json\/wp\/v2\/media\/5503"}],"wp:attachment":[{"href":"https:\/\/speaktotheworld.ch\/pt-br\/wp-json\/wp\/v2\/media?parent=5348"}],"wp:term":[{"taxonomy":"brand","embeddable":true,"href":"https:\/\/speaktotheworld.ch\/pt-br\/wp-json\/wp\/v2\/etheme_brands?post=5348"},{"taxonomy":"product_brand","embeddable":true,"href":"https:\/\/speaktotheworld.ch\/pt-br\/wp-json\/wp\/v2\/product_brand?post=5348"},{"taxonomy":"product_cat","embeddable":true,"href":"https:\/\/speaktotheworld.ch\/pt-br\/wp-json\/wp\/v2\/product_cat?post=5348"},{"taxonomy":"product_tag","embeddable":true,"href":"https:\/\/speaktotheworld.ch\/pt-br\/wp-json\/wp\/v2\/product_tag?post=5348"}],"curies":[{"name":"wp","href":"https:\/\/api.w.org\/{rel}","templated":true}]}}