{"id":5724,"date":"2024-10-16T20:49:01","date_gmt":"2024-10-16T18:49:01","guid":{"rendered":"https:\/\/speaktotheworld.ch\/?post_type=product&#038;p=5724"},"modified":"2024-10-17T20:43:16","modified_gmt":"2024-10-17T18:43:16","slug":"talleres-de-idiomas-para-mayores-copie","status":"publish","type":"product","link":"https:\/\/speaktotheworld.ch\/es\/producto\/talleres-de-idiomas-para-mayores-copie\/","title":{"rendered":"Preparaci\u00f3n para los ex\u00e1menes B1 y B2"},"content":{"rendered":"<h1><strong>\u00bfCu\u00e1les son los objetivos de este curso?<\/strong><\/h1>\n<p><span style=\"font-weight: 400;\">Nuestros cursos de preparaci\u00f3n para los certificados B1 y B2 de ingl\u00e9s y alem\u00e1n est\u00e1n dise\u00f1ados para reforzar tus destrezas en las cuatro \u00e1reas clave evaluadas en el examen: comprensi\u00f3n oral, comprensi\u00f3n escrita, expresi\u00f3n oral y expresi\u00f3n escrita. Nos centramos en ejercicios pr\u00e1cticos y simulacros de examen para que te familiarices con el formato del examen. Nuestros formadores te proporcionan las herramientas que necesitas para tener \u00e9xito. <\/span><\/p>\n<h1><strong>\u00bfA qui\u00e9n va dirigido este curso?<\/strong><\/h1>\n<p><span style=\"font-weight: 400;\">Para alumnos, estudiantes, profesionales y demandantes de empleo. <\/span><\/p>\n<h1><strong>\u00bfQu\u00e9 forma adopta este curso?<\/strong><\/h1>\n<p><span style=\"font-weight: 400;\">Este curso se ofrece en modalidad individual (1:1), presencial u online. <\/span><\/p>\n","protected":false},"excerpt":{"rendered":"<table class=\"course-info\">\n<tbody>\n<tr>\n<td>\n<ul>\n<li>Periodo: 1 hora<\/li>\n<li style=\"text-align: left;\">Cara a cara<\/li>\n<li>1:1<\/li>\n<li style=\"text-align: left;\">Temas personalizados<\/li>\n<li style=\"text-align: left;\">Ingl\u00e9s, alem\u00e1n<\/li>\n<\/ul>\n<\/td>\n<\/tr>\n<tr>\n<td>\n<div class=\"prof-info\">\n<div class=\"prof-title\">Profesional<\/div>\n<div class=\"prof-details\">\n<p><img decoding=\"async\" class=\"prof-photo\" src=\"https:\/\/speaktotheworld.ch\/wp-content\/uploads\/2024\/06\/Image_pp-e1716752391110.jpeg\" alt=\"Curso profesional\" \/><\/p>\n<div>\n<div class=\"prof-name\">Nicole Durand Smaini<\/div>\n<div class=\"prof-role\">El fundador habla al mundo<\/div>\n<\/div>\n<\/div>\n<\/div>\n<\/td>\n<\/tr>\n<\/tbody>\n<\/table>\n","protected":false},"featured_media":5730,"comment_status":"open","ping_status":"closed","template":"","meta":[],"etheme_brands":[],"product_brand":[],"product_cat":[164,168,160],"product_tag":[],"class_list":{"0":"post-5724","1":"product","2":"type-product","3":"status-publish","4":"has-post-thumbnail","6":"product_cat-aleman","7":"product_cat-ingles-es","8":"product_cat-nouveautes-es","10":"first","11":"instock","12":"shipping-taxable","13":"purchasable","14":"product-type-simple"},"yoast_head":"<!-- This site is optimized with the Yoast SEO plugin v27.3 - https:\/\/yoast.com\/product\/yoast-seo-wordpress\/ -->\n<title>Preparaci\u00f3n para los ex\u00e1menes B1 y B2 - Speak to the world<\/title>\n<meta name=\"robots\" content=\"index, follow, max-snippet:-1, max-image-preview:large, max-video-preview:-1\" \/>\n<link rel=\"canonical\" href=\"https:\/\/speaktotheworld.ch\/es\/producto\/talleres-de-idiomas-para-mayores-copie\/\" \/>\n<meta property=\"og:locale\" content=\"es_ES\" \/>\n<meta property=\"og:type\" content=\"article\" \/>\n<meta property=\"og:title\" content=\"Preparaci\u00f3n para los ex\u00e1menes B1 y B2 - Speak to the world\" \/>\n<meta property=\"og:description\" content=\"Periodo: 1 hora  Cara a cara  1:1  Temas personalizados  Ingl\u00e9s, alem\u00e1n       Profesional     Nicole Durand Smaini El fundador habla al mundo\" \/>\n<meta property=\"og:url\" content=\"https:\/\/speaktotheworld.ch\/es\/producto\/talleres-de-idiomas-para-mayores-copie\/\" \/>\n<meta property=\"og:site_name\" content=\"Speak to the world\" \/>\n<meta property=\"article:modified_time\" content=\"2024-10-17T18:43:16+00:00\" \/>\n<meta property=\"og:image\" content=\"https:\/\/speaktotheworld.ch\/wp-content\/uploads\/2024\/10\/examen-1.jpg\" \/>\n\t<meta property=\"og:image:width\" content=\"1102\" \/>\n\t<meta property=\"og:image:height\" content=\"735\" \/>\n\t<meta property=\"og:image:type\" content=\"image\/jpeg\" \/>\n<meta name=\"twitter:card\" content=\"summary_large_image\" \/>\n<meta name=\"twitter:label1\" content=\"Tiempo de lectura\" \/>\n\t<meta name=\"twitter:data1\" content=\"1 minuto\" \/>\n<script type=\"application\/ld+json\" class=\"yoast-schema-graph\">{\"@context\":\"https:\\\/\\\/schema.org\",\"@graph\":[{\"@type\":\"WebPage\",\"@id\":\"https:\\\/\\\/speaktotheworld.ch\\\/es\\\/producto\\\/talleres-de-idiomas-para-mayores-copie\\\/\",\"url\":\"https:\\\/\\\/speaktotheworld.ch\\\/es\\\/producto\\\/talleres-de-idiomas-para-mayores-copie\\\/\",\"name\":\"Preparaci\u00f3n para los ex\u00e1menes B1 y B2 - Speak to the world\",\"isPartOf\":{\"@id\":\"https:\\\/\\\/speaktotheworld.ch\\\/es\\\/#website\"},\"primaryImageOfPage\":{\"@id\":\"https:\\\/\\\/speaktotheworld.ch\\\/es\\\/producto\\\/talleres-de-idiomas-para-mayores-copie\\\/#primaryimage\"},\"image\":{\"@id\":\"https:\\\/\\\/speaktotheworld.ch\\\/es\\\/producto\\\/talleres-de-idiomas-para-mayores-copie\\\/#primaryimage\"},\"thumbnailUrl\":\"https:\\\/\\\/speaktotheworld.ch\\\/wp-content\\\/uploads\\\/2024\\\/10\\\/examen-1.jpg\",\"datePublished\":\"2024-10-16T18:49:01+00:00\",\"dateModified\":\"2024-10-17T18:43:16+00:00\",\"breadcrumb\":{\"@id\":\"https:\\\/\\\/speaktotheworld.ch\\\/es\\\/producto\\\/talleres-de-idiomas-para-mayores-copie\\\/#breadcrumb\"},\"inLanguage\":\"es\",\"potentialAction\":[{\"@type\":\"ReadAction\",\"target\":[\"https:\\\/\\\/speaktotheworld.ch\\\/es\\\/producto\\\/talleres-de-idiomas-para-mayores-copie\\\/\"]}]},{\"@type\":\"ImageObject\",\"inLanguage\":\"es\",\"@id\":\"https:\\\/\\\/speaktotheworld.ch\\\/es\\\/producto\\\/talleres-de-idiomas-para-mayores-copie\\\/#primaryimage\",\"url\":\"https:\\\/\\\/speaktotheworld.ch\\\/wp-content\\\/uploads\\\/2024\\\/10\\\/examen-1.jpg\",\"contentUrl\":\"https:\\\/\\\/speaktotheworld.ch\\\/wp-content\\\/uploads\\\/2024\\\/10\\\/examen-1.jpg\",\"width\":1102,\"height\":735},{\"@type\":\"BreadcrumbList\",\"@id\":\"https:\\\/\\\/speaktotheworld.ch\\\/es\\\/producto\\\/talleres-de-idiomas-para-mayores-copie\\\/#breadcrumb\",\"itemListElement\":[{\"@type\":\"ListItem\",\"position\":1,\"name\":\"Accueil\",\"item\":\"https:\\\/\\\/speaktotheworld.ch\\\/es\\\/\"},{\"@type\":\"ListItem\",\"position\":2,\"name\":\"Tienda\",\"item\":\"https:\\\/\\\/speaktotheworld.ch\\\/es\\\/shop-es\\\/\"},{\"@type\":\"ListItem\",\"position\":3,\"name\":\"Preparaci\u00f3n para los ex\u00e1menes B1 y B2\"}]},{\"@type\":\"WebSite\",\"@id\":\"https:\\\/\\\/speaktotheworld.ch\\\/es\\\/#website\",\"url\":\"https:\\\/\\\/speaktotheworld.ch\\\/es\\\/\",\"name\":\"Speak to the world\",\"description\":\"\",\"publisher\":{\"@id\":\"https:\\\/\\\/speaktotheworld.ch\\\/es\\\/#organization\"},\"alternateName\":\"Speak to the world\",\"potentialAction\":[{\"@type\":\"SearchAction\",\"target\":{\"@type\":\"EntryPoint\",\"urlTemplate\":\"https:\\\/\\\/speaktotheworld.ch\\\/es\\\/?s={search_term_string}\"},\"query-input\":{\"@type\":\"PropertyValueSpecification\",\"valueRequired\":true,\"valueName\":\"search_term_string\"}}],\"inLanguage\":\"es\"},{\"@type\":\"Organization\",\"@id\":\"https:\\\/\\\/speaktotheworld.ch\\\/es\\\/#organization\",\"name\":\"Speak to the world\",\"url\":\"https:\\\/\\\/speaktotheworld.ch\\\/es\\\/\",\"logo\":{\"@type\":\"ImageObject\",\"inLanguage\":\"es\",\"@id\":\"https:\\\/\\\/speaktotheworld.ch\\\/es\\\/#\\\/schema\\\/logo\\\/image\\\/\",\"url\":\"https:\\\/\\\/speaktotheworld.ch\\\/wp-content\\\/uploads\\\/2023\\\/09\\\/7219a61d-3523-4e36-b066-6413484aa469-removebg-preview.png\",\"contentUrl\":\"https:\\\/\\\/speaktotheworld.ch\\\/wp-content\\\/uploads\\\/2023\\\/09\\\/7219a61d-3523-4e36-b066-6413484aa469-removebg-preview.png\",\"width\":869,\"height\":287,\"caption\":\"Speak to the world\"},\"image\":{\"@id\":\"https:\\\/\\\/speaktotheworld.ch\\\/es\\\/#\\\/schema\\\/logo\\\/image\\\/\"},\"sameAs\":[\"https:\\\/\\\/www.instagram.com\\\/speaktotheworld.ch\\\/\"]}]}<\/script>\n<!-- \/ Yoast SEO plugin. -->","yoast_head_json":{"title":"Preparaci\u00f3n para los ex\u00e1menes B1 y B2 - Speak to the world","robots":{"index":"index","follow":"follow","max-snippet":"max-snippet:-1","max-image-preview":"max-image-preview:large","max-video-preview":"max-video-preview:-1"},"canonical":"https:\/\/speaktotheworld.ch\/es\/producto\/talleres-de-idiomas-para-mayores-copie\/","og_locale":"es_ES","og_type":"article","og_title":"Preparaci\u00f3n para los ex\u00e1menes B1 y B2 - Speak to the world","og_description":"Periodo: 1 hora  Cara a cara  1:1  Temas personalizados  Ingl\u00e9s, alem\u00e1n       Profesional     Nicole Durand Smaini El fundador habla al mundo","og_url":"https:\/\/speaktotheworld.ch\/es\/producto\/talleres-de-idiomas-para-mayores-copie\/","og_site_name":"Speak to the world","article_modified_time":"2024-10-17T18:43:16+00:00","og_image":[{"width":1102,"height":735,"url":"https:\/\/speaktotheworld.ch\/wp-content\/uploads\/2024\/10\/examen-1.jpg","type":"image\/jpeg"}],"twitter_card":"summary_large_image","twitter_misc":{"Tiempo de lectura":"1 minuto"},"schema":{"@context":"https:\/\/schema.org","@graph":[{"@type":"WebPage","@id":"https:\/\/speaktotheworld.ch\/es\/producto\/talleres-de-idiomas-para-mayores-copie\/","url":"https:\/\/speaktotheworld.ch\/es\/producto\/talleres-de-idiomas-para-mayores-copie\/","name":"Preparaci\u00f3n para los ex\u00e1menes B1 y B2 - Speak to the world","isPartOf":{"@id":"https:\/\/speaktotheworld.ch\/es\/#website"},"primaryImageOfPage":{"@id":"https:\/\/speaktotheworld.ch\/es\/producto\/talleres-de-idiomas-para-mayores-copie\/#primaryimage"},"image":{"@id":"https:\/\/speaktotheworld.ch\/es\/producto\/talleres-de-idiomas-para-mayores-copie\/#primaryimage"},"thumbnailUrl":"https:\/\/speaktotheworld.ch\/wp-content\/uploads\/2024\/10\/examen-1.jpg","datePublished":"2024-10-16T18:49:01+00:00","dateModified":"2024-10-17T18:43:16+00:00","breadcrumb":{"@id":"https:\/\/speaktotheworld.ch\/es\/producto\/talleres-de-idiomas-para-mayores-copie\/#breadcrumb"},"inLanguage":"es","potentialAction":[{"@type":"ReadAction","target":["https:\/\/speaktotheworld.ch\/es\/producto\/talleres-de-idiomas-para-mayores-copie\/"]}]},{"@type":"ImageObject","inLanguage":"es","@id":"https:\/\/speaktotheworld.ch\/es\/producto\/talleres-de-idiomas-para-mayores-copie\/#primaryimage","url":"https:\/\/speaktotheworld.ch\/wp-content\/uploads\/2024\/10\/examen-1.jpg","contentUrl":"https:\/\/speaktotheworld.ch\/wp-content\/uploads\/2024\/10\/examen-1.jpg","width":1102,"height":735},{"@type":"BreadcrumbList","@id":"https:\/\/speaktotheworld.ch\/es\/producto\/talleres-de-idiomas-para-mayores-copie\/#breadcrumb","itemListElement":[{"@type":"ListItem","position":1,"name":"Accueil","item":"https:\/\/speaktotheworld.ch\/es\/"},{"@type":"ListItem","position":2,"name":"Tienda","item":"https:\/\/speaktotheworld.ch\/es\/shop-es\/"},{"@type":"ListItem","position":3,"name":"Preparaci\u00f3n para los ex\u00e1menes B1 y B2"}]},{"@type":"WebSite","@id":"https:\/\/speaktotheworld.ch\/es\/#website","url":"https:\/\/speaktotheworld.ch\/es\/","name":"Speak to the world","description":"","publisher":{"@id":"https:\/\/speaktotheworld.ch\/es\/#organization"},"alternateName":"Speak to the world","potentialAction":[{"@type":"SearchAction","target":{"@type":"EntryPoint","urlTemplate":"https:\/\/speaktotheworld.ch\/es\/?s={search_term_string}"},"query-input":{"@type":"PropertyValueSpecification","valueRequired":true,"valueName":"search_term_string"}}],"inLanguage":"es"},{"@type":"Organization","@id":"https:\/\/speaktotheworld.ch\/es\/#organization","name":"Speak to the world","url":"https:\/\/speaktotheworld.ch\/es\/","logo":{"@type":"ImageObject","inLanguage":"es","@id":"https:\/\/speaktotheworld.ch\/es\/#\/schema\/logo\/image\/","url":"https:\/\/speaktotheworld.ch\/wp-content\/uploads\/2023\/09\/7219a61d-3523-4e36-b066-6413484aa469-removebg-preview.png","contentUrl":"https:\/\/speaktotheworld.ch\/wp-content\/uploads\/2023\/09\/7219a61d-3523-4e36-b066-6413484aa469-removebg-preview.png","width":869,"height":287,"caption":"Speak to the world"},"image":{"@id":"https:\/\/speaktotheworld.ch\/es\/#\/schema\/logo\/image\/"},"sameAs":["https:\/\/www.instagram.com\/speaktotheworld.ch\/"]}]}},"_links":{"self":[{"href":"https:\/\/speaktotheworld.ch\/es\/wp-json\/wp\/v2\/product\/5724","targetHints":{"allow":["GET"]}}],"collection":[{"href":"https:\/\/speaktotheworld.ch\/es\/wp-json\/wp\/v2\/product"}],"about":[{"href":"https:\/\/speaktotheworld.ch\/es\/wp-json\/wp\/v2\/types\/product"}],"replies":[{"embeddable":true,"href":"https:\/\/speaktotheworld.ch\/es\/wp-json\/wp\/v2\/comments?post=5724"}],"version-history":[{"count":3,"href":"https:\/\/speaktotheworld.ch\/es\/wp-json\/wp\/v2\/product\/5724\/revisions"}],"predecessor-version":[{"id":5765,"href":"https:\/\/speaktotheworld.ch\/es\/wp-json\/wp\/v2\/product\/5724\/revisions\/5765"}],"wp:featuredmedia":[{"embeddable":true,"href":"https:\/\/speaktotheworld.ch\/es\/wp-json\/wp\/v2\/media\/5730"}],"wp:attachment":[{"href":"https:\/\/speaktotheworld.ch\/es\/wp-json\/wp\/v2\/media?parent=5724"}],"wp:term":[{"taxonomy":"brand","embeddable":true,"href":"https:\/\/speaktotheworld.ch\/es\/wp-json\/wp\/v2\/etheme_brands?post=5724"},{"taxonomy":"product_brand","embeddable":true,"href":"https:\/\/speaktotheworld.ch\/es\/wp-json\/wp\/v2\/product_brand?post=5724"},{"taxonomy":"product_cat","embeddable":true,"href":"https:\/\/speaktotheworld.ch\/es\/wp-json\/wp\/v2\/product_cat?post=5724"},{"taxonomy":"product_tag","embeddable":true,"href":"https:\/\/speaktotheworld.ch\/es\/wp-json\/wp\/v2\/product_tag?post=5724"}],"curies":[{"name":"wp","href":"https:\/\/api.w.org\/{rel}","templated":true}]}}