{"id":5376,"date":"2024-06-07T19:37:19","date_gmt":"2024-06-07T17:37:19","guid":{"rendered":"https:\/\/speaktotheworld.ch\/product\/clases-de-chino\/"},"modified":"2024-10-17T21:03:38","modified_gmt":"2024-10-17T19:03:38","slug":"clases-de-chino","status":"publish","type":"product","link":"https:\/\/speaktotheworld.ch\/es\/producto\/clases-de-chino\/","title":{"rendered":"Clases de chino"},"content":{"rendered":"<h1>\u00bfCu\u00e1les son los objetivos de este curso?<\/h1>\n<p><span style=\"font-weight: 400;\">Una experiencia emocionante y una oportunidad gratificante de mejorar tus habilidades en uno de los idiomas m\u00e1s dif\u00edciles pero gratificantes y valorados que puedes aprender. Nuestros cursos se adaptan a tus necesidades y ritmo de aprendizaje. Pero, sobre todo, no olvides nunca&#8230; en chino, \u00a1la paciencia siempre da sus frutos al final!<\/span><\/p>\n<h1>\u00bfA qui\u00e9n va dirigido este curso?<\/h1>\n<p><span style=\"font-weight: 400;\">Tanto si eres principiante, intermedio o avanzado, como si necesitas la lengua para trabajar, viajar o simplemente quieres mejorar tus conocimientos, nuestros cursos est\u00e1n dise\u00f1ados para transmitir la misma profunda pasi\u00f3n por la lengua que comparten nuestros profesores, y para guiarte a trav\u00e9s de las sutilezas de la escritura, la lectura y la expresi\u00f3n oral.<\/span><\/p>\n<h1>\u00bfQu\u00e9 forma adopta este curso?<\/h1>\n<p><span style=\"font-weight: 400;\">Nuestro curso est\u00e1 especialmente dise\u00f1ado para aprender el idioma de la A a la Z, con una combinaci\u00f3n de gram\u00e1tica y vocabulario centrada en la expresi\u00f3n oral para tu uso diario en una amplia variedad de contextos, y f\u00e1cilmente adaptable a tus necesidades, ritmo y requisitos espec\u00edficos de aprendizaje.<\/span><\/p>\n","protected":false},"excerpt":{"rendered":"<table class=\"course-info\">\n<tbody>\n<tr>\n<td>\n<ul>\n<li>Precio para un periodo de 1h30<\/li>\n<li>Duraci\u00f3n m\u00ednima del paquete: 10 periodos<\/li>\n<li style=\"text-align: left;\">1:1<\/li>\n<li style=\"text-align: left;\">En l\u00ednea<\/li>\n<li style=\"text-align: left;\">Temas personalizados<\/li>\n<\/ul>\n<\/td>\n<\/tr>\n<tr>\n<td>\n<div class=\"prof-info\">\n<div class=\"prof-title\">Profesional<\/div>\n<div class=\"prof-details\">\n<p><img decoding=\"async\" class=\"prof-photo\" src=\"https:\/\/speaktotheworld.ch\/wp-content\/uploads\/2024\/06\/foto-orobosa.jpeg\" alt=\"Curso profesional\" \/><\/p>\n<div>\n<div class=\"prof-name\">Orobosa Hern\u00e1n Osayawe Gallego<\/div>\n<div class=\"prof-role\">Habla con el socio mundial<\/div>\n<\/div>\n<\/div>\n<\/div>\n<\/td>\n<\/tr>\n<\/tbody>\n<\/table>\n","protected":false},"featured_media":5484,"comment_status":"open","ping_status":"closed","template":"","meta":[],"etheme_brands":[],"product_brand":[],"product_cat":[159,160],"product_tag":[],"class_list":{"0":"post-5376","1":"product","2":"type-product","3":"status-publish","4":"has-post-thumbnail","6":"product_cat-chino","7":"product_cat-nouveautes-es","9":"first","10":"instock","11":"shipping-taxable","12":"purchasable","13":"product-type-simple"},"yoast_head":"<!-- This site is optimized with the Yoast SEO plugin v27.3 - https:\/\/yoast.com\/product\/yoast-seo-wordpress\/ -->\n<title>Clases de chino - Speak to the world<\/title>\n<meta name=\"robots\" content=\"index, follow, max-snippet:-1, max-image-preview:large, max-video-preview:-1\" \/>\n<link rel=\"canonical\" href=\"https:\/\/speaktotheworld.ch\/es\/producto\/clases-de-chino\/\" \/>\n<meta property=\"og:locale\" content=\"es_ES\" \/>\n<meta property=\"og:type\" content=\"article\" \/>\n<meta property=\"og:title\" content=\"Clases de chino - Speak to the world\" \/>\n<meta property=\"og:description\" content=\"Precio para un periodo de 1h30  Duraci\u00f3n m\u00ednima del paquete: 10 periodos  1:1  En l\u00ednea  Temas personalizados       Profesional     Orobosa Hern\u00e1n Osayawe Gallego Habla con el socio mundial\" \/>\n<meta property=\"og:url\" content=\"https:\/\/speaktotheworld.ch\/es\/producto\/clases-de-chino\/\" \/>\n<meta property=\"og:site_name\" content=\"Speak to the world\" \/>\n<meta property=\"article:modified_time\" content=\"2024-10-17T19:03:38+00:00\" \/>\n<meta property=\"og:image\" content=\"https:\/\/speaktotheworld.ch\/wp-content\/uploads\/2024\/06\/cours-chinois-scaled.jpg\" \/>\n\t<meta property=\"og:image:width\" content=\"2560\" \/>\n\t<meta property=\"og:image:height\" content=\"1707\" \/>\n\t<meta property=\"og:image:type\" content=\"image\/jpeg\" \/>\n<meta name=\"twitter:card\" content=\"summary_large_image\" \/>\n<meta name=\"twitter:label1\" content=\"Tiempo de lectura\" \/>\n\t<meta name=\"twitter:data1\" content=\"1 minuto\" \/>\n<script type=\"application\/ld+json\" class=\"yoast-schema-graph\">{\"@context\":\"https:\\\/\\\/schema.org\",\"@graph\":[{\"@type\":\"WebPage\",\"@id\":\"https:\\\/\\\/speaktotheworld.ch\\\/es\\\/producto\\\/clases-de-chino\\\/\",\"url\":\"https:\\\/\\\/speaktotheworld.ch\\\/es\\\/producto\\\/clases-de-chino\\\/\",\"name\":\"Clases de chino - Speak to the world\",\"isPartOf\":{\"@id\":\"https:\\\/\\\/speaktotheworld.ch\\\/es\\\/#website\"},\"primaryImageOfPage\":{\"@id\":\"https:\\\/\\\/speaktotheworld.ch\\\/es\\\/producto\\\/clases-de-chino\\\/#primaryimage\"},\"image\":{\"@id\":\"https:\\\/\\\/speaktotheworld.ch\\\/es\\\/producto\\\/clases-de-chino\\\/#primaryimage\"},\"thumbnailUrl\":\"https:\\\/\\\/speaktotheworld.ch\\\/wp-content\\\/uploads\\\/2024\\\/06\\\/cours-chinois-scaled.jpg\",\"datePublished\":\"2024-06-07T17:37:19+00:00\",\"dateModified\":\"2024-10-17T19:03:38+00:00\",\"breadcrumb\":{\"@id\":\"https:\\\/\\\/speaktotheworld.ch\\\/es\\\/producto\\\/clases-de-chino\\\/#breadcrumb\"},\"inLanguage\":\"es\",\"potentialAction\":[{\"@type\":\"ReadAction\",\"target\":[\"https:\\\/\\\/speaktotheworld.ch\\\/es\\\/producto\\\/clases-de-chino\\\/\"]}]},{\"@type\":\"ImageObject\",\"inLanguage\":\"es\",\"@id\":\"https:\\\/\\\/speaktotheworld.ch\\\/es\\\/producto\\\/clases-de-chino\\\/#primaryimage\",\"url\":\"https:\\\/\\\/speaktotheworld.ch\\\/wp-content\\\/uploads\\\/2024\\\/06\\\/cours-chinois-scaled.jpg\",\"contentUrl\":\"https:\\\/\\\/speaktotheworld.ch\\\/wp-content\\\/uploads\\\/2024\\\/06\\\/cours-chinois-scaled.jpg\",\"width\":2560,\"height\":1707,\"caption\":\"Portrait of young Asian woman as female teacher teaching Chinese language class sitting at table by whiteboard with hieroglyphs copy space\"},{\"@type\":\"BreadcrumbList\",\"@id\":\"https:\\\/\\\/speaktotheworld.ch\\\/es\\\/producto\\\/clases-de-chino\\\/#breadcrumb\",\"itemListElement\":[{\"@type\":\"ListItem\",\"position\":1,\"name\":\"Accueil\",\"item\":\"https:\\\/\\\/speaktotheworld.ch\\\/es\\\/\"},{\"@type\":\"ListItem\",\"position\":2,\"name\":\"Tienda\",\"item\":\"https:\\\/\\\/speaktotheworld.ch\\\/es\\\/shop-es\\\/\"},{\"@type\":\"ListItem\",\"position\":3,\"name\":\"Clases de chino\"}]},{\"@type\":\"WebSite\",\"@id\":\"https:\\\/\\\/speaktotheworld.ch\\\/es\\\/#website\",\"url\":\"https:\\\/\\\/speaktotheworld.ch\\\/es\\\/\",\"name\":\"Speak to the world\",\"description\":\"\",\"publisher\":{\"@id\":\"https:\\\/\\\/speaktotheworld.ch\\\/es\\\/#organization\"},\"alternateName\":\"Speak to the world\",\"potentialAction\":[{\"@type\":\"SearchAction\",\"target\":{\"@type\":\"EntryPoint\",\"urlTemplate\":\"https:\\\/\\\/speaktotheworld.ch\\\/es\\\/?s={search_term_string}\"},\"query-input\":{\"@type\":\"PropertyValueSpecification\",\"valueRequired\":true,\"valueName\":\"search_term_string\"}}],\"inLanguage\":\"es\"},{\"@type\":\"Organization\",\"@id\":\"https:\\\/\\\/speaktotheworld.ch\\\/es\\\/#organization\",\"name\":\"Speak to the world\",\"url\":\"https:\\\/\\\/speaktotheworld.ch\\\/es\\\/\",\"logo\":{\"@type\":\"ImageObject\",\"inLanguage\":\"es\",\"@id\":\"https:\\\/\\\/speaktotheworld.ch\\\/es\\\/#\\\/schema\\\/logo\\\/image\\\/\",\"url\":\"https:\\\/\\\/speaktotheworld.ch\\\/wp-content\\\/uploads\\\/2023\\\/09\\\/7219a61d-3523-4e36-b066-6413484aa469-removebg-preview.png\",\"contentUrl\":\"https:\\\/\\\/speaktotheworld.ch\\\/wp-content\\\/uploads\\\/2023\\\/09\\\/7219a61d-3523-4e36-b066-6413484aa469-removebg-preview.png\",\"width\":869,\"height\":287,\"caption\":\"Speak to the world\"},\"image\":{\"@id\":\"https:\\\/\\\/speaktotheworld.ch\\\/es\\\/#\\\/schema\\\/logo\\\/image\\\/\"},\"sameAs\":[\"https:\\\/\\\/www.instagram.com\\\/speaktotheworld.ch\\\/\"]}]}<\/script>\n<!-- \/ Yoast SEO plugin. -->","yoast_head_json":{"title":"Clases de chino - Speak to the world","robots":{"index":"index","follow":"follow","max-snippet":"max-snippet:-1","max-image-preview":"max-image-preview:large","max-video-preview":"max-video-preview:-1"},"canonical":"https:\/\/speaktotheworld.ch\/es\/producto\/clases-de-chino\/","og_locale":"es_ES","og_type":"article","og_title":"Clases de chino - Speak to the world","og_description":"Precio para un periodo de 1h30  Duraci\u00f3n m\u00ednima del paquete: 10 periodos  1:1  En l\u00ednea  Temas personalizados       Profesional     Orobosa Hern\u00e1n Osayawe Gallego Habla con el socio mundial","og_url":"https:\/\/speaktotheworld.ch\/es\/producto\/clases-de-chino\/","og_site_name":"Speak to the world","article_modified_time":"2024-10-17T19:03:38+00:00","og_image":[{"width":2560,"height":1707,"url":"https:\/\/speaktotheworld.ch\/wp-content\/uploads\/2024\/06\/cours-chinois-scaled.jpg","type":"image\/jpeg"}],"twitter_card":"summary_large_image","twitter_misc":{"Tiempo de lectura":"1 minuto"},"schema":{"@context":"https:\/\/schema.org","@graph":[{"@type":"WebPage","@id":"https:\/\/speaktotheworld.ch\/es\/producto\/clases-de-chino\/","url":"https:\/\/speaktotheworld.ch\/es\/producto\/clases-de-chino\/","name":"Clases de chino - Speak to the world","isPartOf":{"@id":"https:\/\/speaktotheworld.ch\/es\/#website"},"primaryImageOfPage":{"@id":"https:\/\/speaktotheworld.ch\/es\/producto\/clases-de-chino\/#primaryimage"},"image":{"@id":"https:\/\/speaktotheworld.ch\/es\/producto\/clases-de-chino\/#primaryimage"},"thumbnailUrl":"https:\/\/speaktotheworld.ch\/wp-content\/uploads\/2024\/06\/cours-chinois-scaled.jpg","datePublished":"2024-06-07T17:37:19+00:00","dateModified":"2024-10-17T19:03:38+00:00","breadcrumb":{"@id":"https:\/\/speaktotheworld.ch\/es\/producto\/clases-de-chino\/#breadcrumb"},"inLanguage":"es","potentialAction":[{"@type":"ReadAction","target":["https:\/\/speaktotheworld.ch\/es\/producto\/clases-de-chino\/"]}]},{"@type":"ImageObject","inLanguage":"es","@id":"https:\/\/speaktotheworld.ch\/es\/producto\/clases-de-chino\/#primaryimage","url":"https:\/\/speaktotheworld.ch\/wp-content\/uploads\/2024\/06\/cours-chinois-scaled.jpg","contentUrl":"https:\/\/speaktotheworld.ch\/wp-content\/uploads\/2024\/06\/cours-chinois-scaled.jpg","width":2560,"height":1707,"caption":"Portrait of young Asian woman as female teacher teaching Chinese language class sitting at table by whiteboard with hieroglyphs copy space"},{"@type":"BreadcrumbList","@id":"https:\/\/speaktotheworld.ch\/es\/producto\/clases-de-chino\/#breadcrumb","itemListElement":[{"@type":"ListItem","position":1,"name":"Accueil","item":"https:\/\/speaktotheworld.ch\/es\/"},{"@type":"ListItem","position":2,"name":"Tienda","item":"https:\/\/speaktotheworld.ch\/es\/shop-es\/"},{"@type":"ListItem","position":3,"name":"Clases de chino"}]},{"@type":"WebSite","@id":"https:\/\/speaktotheworld.ch\/es\/#website","url":"https:\/\/speaktotheworld.ch\/es\/","name":"Speak to the world","description":"","publisher":{"@id":"https:\/\/speaktotheworld.ch\/es\/#organization"},"alternateName":"Speak to the world","potentialAction":[{"@type":"SearchAction","target":{"@type":"EntryPoint","urlTemplate":"https:\/\/speaktotheworld.ch\/es\/?s={search_term_string}"},"query-input":{"@type":"PropertyValueSpecification","valueRequired":true,"valueName":"search_term_string"}}],"inLanguage":"es"},{"@type":"Organization","@id":"https:\/\/speaktotheworld.ch\/es\/#organization","name":"Speak to the world","url":"https:\/\/speaktotheworld.ch\/es\/","logo":{"@type":"ImageObject","inLanguage":"es","@id":"https:\/\/speaktotheworld.ch\/es\/#\/schema\/logo\/image\/","url":"https:\/\/speaktotheworld.ch\/wp-content\/uploads\/2023\/09\/7219a61d-3523-4e36-b066-6413484aa469-removebg-preview.png","contentUrl":"https:\/\/speaktotheworld.ch\/wp-content\/uploads\/2023\/09\/7219a61d-3523-4e36-b066-6413484aa469-removebg-preview.png","width":869,"height":287,"caption":"Speak to the world"},"image":{"@id":"https:\/\/speaktotheworld.ch\/es\/#\/schema\/logo\/image\/"},"sameAs":["https:\/\/www.instagram.com\/speaktotheworld.ch\/"]}]}},"_links":{"self":[{"href":"https:\/\/speaktotheworld.ch\/es\/wp-json\/wp\/v2\/product\/5376","targetHints":{"allow":["GET"]}}],"collection":[{"href":"https:\/\/speaktotheworld.ch\/es\/wp-json\/wp\/v2\/product"}],"about":[{"href":"https:\/\/speaktotheworld.ch\/es\/wp-json\/wp\/v2\/types\/product"}],"replies":[{"embeddable":true,"href":"https:\/\/speaktotheworld.ch\/es\/wp-json\/wp\/v2\/comments?post=5376"}],"version-history":[{"count":1,"href":"https:\/\/speaktotheworld.ch\/es\/wp-json\/wp\/v2\/product\/5376\/revisions"}],"predecessor-version":[{"id":5780,"href":"https:\/\/speaktotheworld.ch\/es\/wp-json\/wp\/v2\/product\/5376\/revisions\/5780"}],"wp:featuredmedia":[{"embeddable":true,"href":"https:\/\/speaktotheworld.ch\/es\/wp-json\/wp\/v2\/media\/5484"}],"wp:attachment":[{"href":"https:\/\/speaktotheworld.ch\/es\/wp-json\/wp\/v2\/media?parent=5376"}],"wp:term":[{"taxonomy":"brand","embeddable":true,"href":"https:\/\/speaktotheworld.ch\/es\/wp-json\/wp\/v2\/etheme_brands?post=5376"},{"taxonomy":"product_brand","embeddable":true,"href":"https:\/\/speaktotheworld.ch\/es\/wp-json\/wp\/v2\/product_brand?post=5376"},{"taxonomy":"product_cat","embeddable":true,"href":"https:\/\/speaktotheworld.ch\/es\/wp-json\/wp\/v2\/product_cat?post=5376"},{"taxonomy":"product_tag","embeddable":true,"href":"https:\/\/speaktotheworld.ch\/es\/wp-json\/wp\/v2\/product_tag?post=5376"}],"curies":[{"name":"wp","href":"https:\/\/api.w.org\/{rel}","templated":true}]}}