{"id":5373,"date":"2024-06-07T19:37:19","date_gmt":"2024-06-07T17:37:19","guid":{"rendered":"https:\/\/speaktotheworld.ch\/product\/mandatos-de-las-empresas\/"},"modified":"2024-10-17T20:59:38","modified_gmt":"2024-10-17T18:59:38","slug":"mandatos-de-las-empresas","status":"publish","type":"product","link":"https:\/\/speaktotheworld.ch\/es\/producto\/mandatos-de-las-empresas\/","title":{"rendered":"Mandatos de las empresas"},"content":{"rendered":"<h1>\u00bfCu\u00e1les son los objetivos de este curso?<\/h1>\n<p><span style=\"font-weight: 400;\">Una oportunidad \u00fanica para mejorar las competencias ling\u00fc\u00edsticas de tus empleados centr\u00e1ndose en la expresi\u00f3n oral en un contexto profesional. Podemos integrar y adaptar el vocabulario necesario en tu sector de actividad. Un programa de inmersi\u00f3n ling\u00fc\u00edstica dirigido espec\u00edficamente a expatriados para ayudarles a conocer mejor la cultura suiza. <\/span><\/p>\n<h1>\u00bfA qui\u00e9n va dirigido este curso?<\/h1>\n<p><span style=\"font-weight: 400;\">Cursos de lengua extranjera y franc\u00e9s especialmente dise\u00f1ados para los empleados y expatriados de tu empresa.<\/span><\/p>\n<h1>\u00bfQu\u00e9 forma adopta este curso?<\/h1>\n<p><span style=\"font-weight: 400;\">Los cursos se ofrecen individualmente (1:1) o en grupos (m\u00e1ximo 4 personas), presenciales u online, seg\u00fan la elecci\u00f3n y comodidad de los alumnos, o en talleres (inmersi\u00f3n ling\u00fc\u00edstica). Podemos desplazarnos a tu domicilio o lugar de trabajo. <\/span><\/p>\n<h1>Documentos \u00fatiles<\/h1>\n<p><a href=\"https:\/\/speaktotheworld.ch\/wp-content\/uploads\/2024\/06\/Fiche-technique-expatries-mandats-dentreprise.pdf\" target=\"_blank\" rel=\"noopener\">Hoja de datos &#8211; empleados expatriados.pdf<\/a><\/p>\n<p><a href=\"https:\/\/speaktotheworld.ch\/wp-content\/uploads\/2024\/06\/Fiche_technique_collaborateurs_mandats_entreprises.pdf\" target=\"_blank\" rel=\"noopener\">Hoja de datos &#8211; empleados.pdf<\/a><\/p>\n","protected":false},"excerpt":{"rendered":"<table class=\"course-info\">\n<tbody>\n<tr>\n<td>\n<ul>\n<li style=\"text-align: left;\">Precio seg\u00fan sus necesidades<\/li>\n<li style=\"text-align: left;\">Periodo: 1 hora<\/li>\n<li style=\"text-align: left;\">1:1 \/ grupos de hasta 4 personas<\/li>\n<li style=\"text-align: left;\">Presencial \/ En l\u00ednea<\/li>\n<li style=\"text-align: left;\">Temas personalizados<\/li>\n<li style=\"text-align: left;\">Franc\u00e9s, ingl\u00e9s, espa\u00f1ol, portugu\u00e9s (Brasil)<\/li>\n<\/ul>\n<\/td>\n<\/tr>\n<tr>\n<td>\n<div class=\"prof-info\">\n<div class=\"prof-title\">Profesional<\/div>\n<div class=\"prof-details\">\n<p><img decoding=\"async\" class=\"prof-photo\" src=\"https:\/\/speaktotheworld.ch\/wp-content\/uploads\/2024\/06\/Image_pp-e1716752391110.jpeg\" alt=\"Curso profesional\" \/><\/p>\n<div>\n<div class=\"prof-name\">Nicole Durand Smaini<\/div>\n<div class=\"prof-role\">El fundador habla al mundo<\/div>\n<\/div>\n<\/div>\n<\/div>\n<\/td>\n<\/tr>\n<\/tbody>\n<\/table>\n","protected":false},"featured_media":5469,"comment_status":"open","ping_status":"closed","template":"","meta":[],"etheme_brands":[],"product_brand":[],"product_cat":[164,172,176,168,122,180],"product_tag":[],"class_list":{"0":"post-5373","1":"product","2":"type-product","3":"status-publish","4":"has-post-thumbnail","6":"product_cat-aleman","7":"product_cat-espanol","8":"product_cat-frances-es","9":"product_cat-ingles-es","10":"product_cat-mandatos-de-las-empresas","11":"product_cat-portugues-brasil-es","13":"first","14":"instock","15":"shipping-taxable","16":"product-type-simple"},"yoast_head":"<!-- This site is optimized with the Yoast SEO plugin v27.2 - https:\/\/yoast.com\/product\/yoast-seo-wordpress\/ -->\n<title>Mandatos de las empresas - Speak to the world<\/title>\n<meta name=\"robots\" content=\"index, follow, max-snippet:-1, max-image-preview:large, max-video-preview:-1\" \/>\n<link rel=\"canonical\" href=\"https:\/\/speaktotheworld.ch\/es\/producto\/mandatos-de-las-empresas\/\" \/>\n<meta property=\"og:locale\" content=\"es_ES\" \/>\n<meta property=\"og:type\" content=\"article\" \/>\n<meta property=\"og:title\" content=\"Mandatos de las empresas - Speak to the world\" \/>\n<meta property=\"og:description\" content=\"Precio seg\u00fan sus necesidades  Periodo: 1 hora  1:1 \/ grupos de hasta 4 personas  Presencial \/ En l\u00ednea  Temas personalizados  Franc\u00e9s, ingl\u00e9s, espa\u00f1ol, portugu\u00e9s (Brasil)       Profesional     Nicole Durand Smaini El fundador habla al mundo\" \/>\n<meta property=\"og:url\" content=\"https:\/\/speaktotheworld.ch\/es\/producto\/mandatos-de-las-empresas\/\" \/>\n<meta property=\"og:site_name\" content=\"Speak to the world\" \/>\n<meta property=\"article:modified_time\" content=\"2024-10-17T18:59:38+00:00\" \/>\n<meta property=\"og:image\" content=\"https:\/\/speaktotheworld.ch\/wp-content\/uploads\/2024\/06\/mandats-entreprises-scaled.jpg\" \/>\n\t<meta property=\"og:image:width\" content=\"2560\" \/>\n\t<meta property=\"og:image:height\" content=\"1707\" \/>\n\t<meta property=\"og:image:type\" content=\"image\/jpeg\" \/>\n<meta name=\"twitter:card\" content=\"summary_large_image\" \/>\n<meta name=\"twitter:label1\" content=\"Tiempo de lectura\" \/>\n\t<meta name=\"twitter:data1\" content=\"1 minuto\" \/>\n<script type=\"application\/ld+json\" class=\"yoast-schema-graph\">{\"@context\":\"https:\/\/schema.org\",\"@graph\":[{\"@type\":\"WebPage\",\"@id\":\"https:\/\/speaktotheworld.ch\/es\/producto\/mandatos-de-las-empresas\/\",\"url\":\"https:\/\/speaktotheworld.ch\/es\/producto\/mandatos-de-las-empresas\/\",\"name\":\"Mandatos de las empresas - Speak to the world\",\"isPartOf\":{\"@id\":\"https:\/\/speaktotheworld.ch\/es\/#website\"},\"primaryImageOfPage\":{\"@id\":\"https:\/\/speaktotheworld.ch\/es\/producto\/mandatos-de-las-empresas\/#primaryimage\"},\"image\":{\"@id\":\"https:\/\/speaktotheworld.ch\/es\/producto\/mandatos-de-las-empresas\/#primaryimage\"},\"thumbnailUrl\":\"https:\/\/speaktotheworld.ch\/wp-content\/uploads\/2024\/06\/mandats-entreprises-scaled.jpg\",\"datePublished\":\"2024-06-07T17:37:19+00:00\",\"dateModified\":\"2024-10-17T18:59:38+00:00\",\"breadcrumb\":{\"@id\":\"https:\/\/speaktotheworld.ch\/es\/producto\/mandatos-de-las-empresas\/#breadcrumb\"},\"inLanguage\":\"es\",\"potentialAction\":[{\"@type\":\"ReadAction\",\"target\":[\"https:\/\/speaktotheworld.ch\/es\/producto\/mandatos-de-las-empresas\/\"]}]},{\"@type\":\"ImageObject\",\"inLanguage\":\"es\",\"@id\":\"https:\/\/speaktotheworld.ch\/es\/producto\/mandatos-de-las-empresas\/#primaryimage\",\"url\":\"https:\/\/speaktotheworld.ch\/wp-content\/uploads\/2024\/06\/mandats-entreprises-scaled.jpg\",\"contentUrl\":\"https:\/\/speaktotheworld.ch\/wp-content\/uploads\/2024\/06\/mandats-entreprises-scaled.jpg\",\"width\":2560,\"height\":1707,\"caption\":\"Empresarios multi\u00e9tnicos en una reuni\u00f3n. Joven empresaria haciendo una presentaci\u00f3n al equipo en la nueva oficina.\"},{\"@type\":\"BreadcrumbList\",\"@id\":\"https:\/\/speaktotheworld.ch\/es\/producto\/mandatos-de-las-empresas\/#breadcrumb\",\"itemListElement\":[{\"@type\":\"ListItem\",\"position\":1,\"name\":\"Accueil\",\"item\":\"https:\/\/speaktotheworld.ch\/es\/\"},{\"@type\":\"ListItem\",\"position\":2,\"name\":\"Tienda\",\"item\":\"https:\/\/speaktotheworld.ch\/es\/shop-es\/\"},{\"@type\":\"ListItem\",\"position\":3,\"name\":\"Mandatos de las empresas\"}]},{\"@type\":\"WebSite\",\"@id\":\"https:\/\/speaktotheworld.ch\/es\/#website\",\"url\":\"https:\/\/speaktotheworld.ch\/es\/\",\"name\":\"Speak to the world\",\"description\":\"\",\"publisher\":{\"@id\":\"https:\/\/speaktotheworld.ch\/es\/#organization\"},\"alternateName\":\"Speak to the world\",\"potentialAction\":[{\"@type\":\"SearchAction\",\"target\":{\"@type\":\"EntryPoint\",\"urlTemplate\":\"https:\/\/speaktotheworld.ch\/es\/?s={search_term_string}\"},\"query-input\":{\"@type\":\"PropertyValueSpecification\",\"valueRequired\":true,\"valueName\":\"search_term_string\"}}],\"inLanguage\":\"es\"},{\"@type\":\"Organization\",\"@id\":\"https:\/\/speaktotheworld.ch\/es\/#organization\",\"name\":\"Speak to the world\",\"url\":\"https:\/\/speaktotheworld.ch\/es\/\",\"logo\":{\"@type\":\"ImageObject\",\"inLanguage\":\"es\",\"@id\":\"https:\/\/speaktotheworld.ch\/es\/#\/schema\/logo\/image\/\",\"url\":\"https:\/\/speaktotheworld.ch\/wp-content\/uploads\/2023\/09\/7219a61d-3523-4e36-b066-6413484aa469-removebg-preview.png\",\"contentUrl\":\"https:\/\/speaktotheworld.ch\/wp-content\/uploads\/2023\/09\/7219a61d-3523-4e36-b066-6413484aa469-removebg-preview.png\",\"width\":869,\"height\":287,\"caption\":\"Speak to the world\"},\"image\":{\"@id\":\"https:\/\/speaktotheworld.ch\/es\/#\/schema\/logo\/image\/\"},\"sameAs\":[\"https:\/\/www.instagram.com\/speaktotheworld.ch\/\"]}]}<\/script>\n<!-- \/ Yoast SEO plugin. -->","yoast_head_json":{"title":"Mandatos de las empresas - Speak to the world","robots":{"index":"index","follow":"follow","max-snippet":"max-snippet:-1","max-image-preview":"max-image-preview:large","max-video-preview":"max-video-preview:-1"},"canonical":"https:\/\/speaktotheworld.ch\/es\/producto\/mandatos-de-las-empresas\/","og_locale":"es_ES","og_type":"article","og_title":"Mandatos de las empresas - Speak to the world","og_description":"Precio seg\u00fan sus necesidades  Periodo: 1 hora  1:1 \/ grupos de hasta 4 personas  Presencial \/ En l\u00ednea  Temas personalizados  Franc\u00e9s, ingl\u00e9s, espa\u00f1ol, portugu\u00e9s (Brasil)       Profesional     Nicole Durand Smaini El fundador habla al mundo","og_url":"https:\/\/speaktotheworld.ch\/es\/producto\/mandatos-de-las-empresas\/","og_site_name":"Speak to the world","article_modified_time":"2024-10-17T18:59:38+00:00","og_image":[{"width":2560,"height":1707,"url":"https:\/\/speaktotheworld.ch\/wp-content\/uploads\/2024\/06\/mandats-entreprises-scaled.jpg","type":"image\/jpeg"}],"twitter_card":"summary_large_image","twitter_misc":{"Tiempo de lectura":"1 minuto"},"schema":{"@context":"https:\/\/schema.org","@graph":[{"@type":"WebPage","@id":"https:\/\/speaktotheworld.ch\/es\/producto\/mandatos-de-las-empresas\/","url":"https:\/\/speaktotheworld.ch\/es\/producto\/mandatos-de-las-empresas\/","name":"Mandatos de las empresas - Speak to the world","isPartOf":{"@id":"https:\/\/speaktotheworld.ch\/es\/#website"},"primaryImageOfPage":{"@id":"https:\/\/speaktotheworld.ch\/es\/producto\/mandatos-de-las-empresas\/#primaryimage"},"image":{"@id":"https:\/\/speaktotheworld.ch\/es\/producto\/mandatos-de-las-empresas\/#primaryimage"},"thumbnailUrl":"https:\/\/speaktotheworld.ch\/wp-content\/uploads\/2024\/06\/mandats-entreprises-scaled.jpg","datePublished":"2024-06-07T17:37:19+00:00","dateModified":"2024-10-17T18:59:38+00:00","breadcrumb":{"@id":"https:\/\/speaktotheworld.ch\/es\/producto\/mandatos-de-las-empresas\/#breadcrumb"},"inLanguage":"es","potentialAction":[{"@type":"ReadAction","target":["https:\/\/speaktotheworld.ch\/es\/producto\/mandatos-de-las-empresas\/"]}]},{"@type":"ImageObject","inLanguage":"es","@id":"https:\/\/speaktotheworld.ch\/es\/producto\/mandatos-de-las-empresas\/#primaryimage","url":"https:\/\/speaktotheworld.ch\/wp-content\/uploads\/2024\/06\/mandats-entreprises-scaled.jpg","contentUrl":"https:\/\/speaktotheworld.ch\/wp-content\/uploads\/2024\/06\/mandats-entreprises-scaled.jpg","width":2560,"height":1707,"caption":"Empresarios multi\u00e9tnicos en una reuni\u00f3n. Joven empresaria haciendo una presentaci\u00f3n al equipo en la nueva oficina."},{"@type":"BreadcrumbList","@id":"https:\/\/speaktotheworld.ch\/es\/producto\/mandatos-de-las-empresas\/#breadcrumb","itemListElement":[{"@type":"ListItem","position":1,"name":"Accueil","item":"https:\/\/speaktotheworld.ch\/es\/"},{"@type":"ListItem","position":2,"name":"Tienda","item":"https:\/\/speaktotheworld.ch\/es\/shop-es\/"},{"@type":"ListItem","position":3,"name":"Mandatos de las empresas"}]},{"@type":"WebSite","@id":"https:\/\/speaktotheworld.ch\/es\/#website","url":"https:\/\/speaktotheworld.ch\/es\/","name":"Speak to the world","description":"","publisher":{"@id":"https:\/\/speaktotheworld.ch\/es\/#organization"},"alternateName":"Speak to the world","potentialAction":[{"@type":"SearchAction","target":{"@type":"EntryPoint","urlTemplate":"https:\/\/speaktotheworld.ch\/es\/?s={search_term_string}"},"query-input":{"@type":"PropertyValueSpecification","valueRequired":true,"valueName":"search_term_string"}}],"inLanguage":"es"},{"@type":"Organization","@id":"https:\/\/speaktotheworld.ch\/es\/#organization","name":"Speak to the world","url":"https:\/\/speaktotheworld.ch\/es\/","logo":{"@type":"ImageObject","inLanguage":"es","@id":"https:\/\/speaktotheworld.ch\/es\/#\/schema\/logo\/image\/","url":"https:\/\/speaktotheworld.ch\/wp-content\/uploads\/2023\/09\/7219a61d-3523-4e36-b066-6413484aa469-removebg-preview.png","contentUrl":"https:\/\/speaktotheworld.ch\/wp-content\/uploads\/2023\/09\/7219a61d-3523-4e36-b066-6413484aa469-removebg-preview.png","width":869,"height":287,"caption":"Speak to the world"},"image":{"@id":"https:\/\/speaktotheworld.ch\/es\/#\/schema\/logo\/image\/"},"sameAs":["https:\/\/www.instagram.com\/speaktotheworld.ch\/"]}]}},"_links":{"self":[{"href":"https:\/\/speaktotheworld.ch\/es\/wp-json\/wp\/v2\/product\/5373","targetHints":{"allow":["GET"]}}],"collection":[{"href":"https:\/\/speaktotheworld.ch\/es\/wp-json\/wp\/v2\/product"}],"about":[{"href":"https:\/\/speaktotheworld.ch\/es\/wp-json\/wp\/v2\/types\/product"}],"replies":[{"embeddable":true,"href":"https:\/\/speaktotheworld.ch\/es\/wp-json\/wp\/v2\/comments?post=5373"}],"version-history":[{"count":3,"href":"https:\/\/speaktotheworld.ch\/es\/wp-json\/wp\/v2\/product\/5373\/revisions"}],"predecessor-version":[{"id":5779,"href":"https:\/\/speaktotheworld.ch\/es\/wp-json\/wp\/v2\/product\/5373\/revisions\/5779"}],"wp:featuredmedia":[{"embeddable":true,"href":"https:\/\/speaktotheworld.ch\/es\/wp-json\/wp\/v2\/media\/5469"}],"wp:attachment":[{"href":"https:\/\/speaktotheworld.ch\/es\/wp-json\/wp\/v2\/media?parent=5373"}],"wp:term":[{"taxonomy":"brand","embeddable":true,"href":"https:\/\/speaktotheworld.ch\/es\/wp-json\/wp\/v2\/etheme_brands?post=5373"},{"taxonomy":"product_brand","embeddable":true,"href":"https:\/\/speaktotheworld.ch\/es\/wp-json\/wp\/v2\/product_brand?post=5373"},{"taxonomy":"product_cat","embeddable":true,"href":"https:\/\/speaktotheworld.ch\/es\/wp-json\/wp\/v2\/product_cat?post=5373"},{"taxonomy":"product_tag","embeddable":true,"href":"https:\/\/speaktotheworld.ch\/es\/wp-json\/wp\/v2\/product_tag?post=5373"}],"curies":[{"name":"wp","href":"https:\/\/api.w.org\/{rel}","templated":true}]}}