{"id":5370,"date":"2024-06-07T19:37:19","date_gmt":"2024-06-07T17:37:19","guid":{"rendered":"https:\/\/speaktotheworld.ch\/product\/curso-de-ingles-expres\/"},"modified":"2024-10-17T21:01:35","modified_gmt":"2024-10-17T19:01:35","slug":"curso-de-ingles-expres","status":"publish","type":"product","link":"https:\/\/speaktotheworld.ch\/es\/producto\/curso-de-ingles-expres\/","title":{"rendered":"Curso de ingl\u00e9s expr\u00e9s"},"content":{"rendered":"<h1>\u00bfCu\u00e1les son los objetivos de este curso?<\/h1>\n<p><span style=\"font-weight: 400;\">Tanto si viajas al extranjero como si simplemente quieres mejorar tu experiencia tur\u00edstica, nuestros cursos expr\u00e9s de idiomas est\u00e1n dise\u00f1ados para proporcionarte los conocimientos ling\u00fc\u00edsticos que necesitas para sumergirte por completo en la cultura local (dominar las frases esenciales para viajar, mejorar la comprensi\u00f3n y la pronunciaci\u00f3n y ganar confianza para interactuar con los lugare\u00f1os). Con cursos intensivos impartidos por profesores cualificados y apasionados, progresar\u00e1s r\u00e1pida y eficazmente.<\/span><\/p>\n<h1>\u00bfA qui\u00e9n va dirigido este curso?<\/h1>\n<p><span style=\"font-weight: 400;\">Nuestros programas flexibles son adecuados para todos los niveles, tanto si eres un principiante absoluto como si s\u00f3lo quieres perfeccionar tus habilidades. <\/span><\/p>\n<h1>\u00bfQu\u00e9 forma adopta este curso?<\/h1>\n<p><span style=\"font-weight: 400;\">Los cursos se ofrecen en modalidad individual (1:1), en l\u00ednea o presencial, seg\u00fan tu elecci\u00f3n y conveniencia. Tambi\u00e9n podemos desplazarnos a tu domicilio o lugar de trabajo. <\/span><\/p>\n<h1>Documento \u00fatil<\/h1>\n<p><a href=\"https:\/\/speaktotheworld.ch\/wp-content\/uploads\/2024\/06\/Fiche-technique_cours-express.pdf\" target=\"_blank\" rel=\"noopener\">Hoja de datos.pdf<\/a><\/p>\n","protected":false},"excerpt":{"rendered":"<table class=\"course-info\">\n<tbody>\n<tr>\n<td>\n<ul>\n<li>Precio para un periodo de 1h30<\/li>\n<li>2 clases por semana<\/li>\n<li>Duraci\u00f3n: 4 semanas<\/li>\n<li style=\"text-align: left;\">1:1<\/li>\n<li style=\"text-align: left;\">En l\u00ednea<\/li>\n<li style=\"text-align: left;\">Temas relacionados con los viajes<\/li>\n<\/ul>\n<\/td>\n<\/tr>\n<tr>\n<td>\n<div class=\"prof-info\">\n<div class=\"prof-title\">Profesional<\/div>\n<div class=\"prof-details\">\n<p><img decoding=\"async\" class=\"prof-photo\" src=\"https:\/\/speaktotheworld.ch\/wp-content\/uploads\/2024\/06\/Image_pp-e1716752391110.jpeg\" alt=\"Curso profesional\" \/><\/p>\n<div>\n<div class=\"prof-name\">Nicole Durand Smaini<\/div>\n<div class=\"prof-role\">El fundador habla al mundo<\/div>\n<\/div>\n<\/div>\n<\/div>\n<\/td>\n<\/tr>\n<\/tbody>\n<\/table>\n","protected":false},"featured_media":5494,"comment_status":"open","ping_status":"closed","template":"","meta":[],"etheme_brands":[],"product_brand":[],"product_cat":[168,160],"product_tag":[],"class_list":{"0":"post-5370","1":"product","2":"type-product","3":"status-publish","4":"has-post-thumbnail","6":"product_cat-ingles-es","7":"product_cat-nouveautes-es","9":"first","10":"instock","11":"shipping-taxable","12":"purchasable","13":"product-type-simple"},"yoast_head":"<!-- This site is optimized with the Yoast SEO plugin v27.2 - https:\/\/yoast.com\/product\/yoast-seo-wordpress\/ -->\n<title>Curso de ingl\u00e9s expr\u00e9s - Speak to the world<\/title>\n<meta name=\"robots\" content=\"index, follow, max-snippet:-1, max-image-preview:large, max-video-preview:-1\" \/>\n<link rel=\"canonical\" href=\"https:\/\/speaktotheworld.ch\/es\/producto\/curso-de-ingles-expres\/\" \/>\n<meta property=\"og:locale\" content=\"es_ES\" \/>\n<meta property=\"og:type\" content=\"article\" \/>\n<meta property=\"og:title\" content=\"Curso de ingl\u00e9s expr\u00e9s - Speak to the world\" \/>\n<meta property=\"og:description\" content=\"Precio para un periodo de 1h30  2 clases por semana  Duraci\u00f3n: 4 semanas  1:1  En l\u00ednea  Temas relacionados con los viajes       Profesional     Nicole Durand Smaini El fundador habla al mundo\" \/>\n<meta property=\"og:url\" content=\"https:\/\/speaktotheworld.ch\/es\/producto\/curso-de-ingles-expres\/\" \/>\n<meta property=\"og:site_name\" content=\"Speak to the world\" \/>\n<meta property=\"article:modified_time\" content=\"2024-10-17T19:01:35+00:00\" \/>\n<meta property=\"og:image\" content=\"https:\/\/speaktotheworld.ch\/wp-content\/uploads\/2024\/06\/cours-express-an.png\" \/>\n\t<meta property=\"og:image:width\" content=\"1224\" \/>\n\t<meta property=\"og:image:height\" content=\"816\" \/>\n\t<meta property=\"og:image:type\" content=\"image\/png\" \/>\n<meta name=\"twitter:card\" content=\"summary_large_image\" \/>\n<meta name=\"twitter:label1\" content=\"Tiempo de lectura\" \/>\n\t<meta name=\"twitter:data1\" content=\"1 minuto\" \/>\n<script type=\"application\/ld+json\" class=\"yoast-schema-graph\">{\"@context\":\"https:\/\/schema.org\",\"@graph\":[{\"@type\":\"WebPage\",\"@id\":\"https:\/\/speaktotheworld.ch\/es\/producto\/curso-de-ingles-expres\/\",\"url\":\"https:\/\/speaktotheworld.ch\/es\/producto\/curso-de-ingles-expres\/\",\"name\":\"Curso de ingl\u00e9s expr\u00e9s - Speak to the world\",\"isPartOf\":{\"@id\":\"https:\/\/speaktotheworld.ch\/es\/#website\"},\"primaryImageOfPage\":{\"@id\":\"https:\/\/speaktotheworld.ch\/es\/producto\/curso-de-ingles-expres\/#primaryimage\"},\"image\":{\"@id\":\"https:\/\/speaktotheworld.ch\/es\/producto\/curso-de-ingles-expres\/#primaryimage\"},\"thumbnailUrl\":\"https:\/\/speaktotheworld.ch\/wp-content\/uploads\/2024\/06\/cours-express-an.png\",\"datePublished\":\"2024-06-07T17:37:19+00:00\",\"dateModified\":\"2024-10-17T19:01:35+00:00\",\"breadcrumb\":{\"@id\":\"https:\/\/speaktotheworld.ch\/es\/producto\/curso-de-ingles-expres\/#breadcrumb\"},\"inLanguage\":\"es\",\"potentialAction\":[{\"@type\":\"ReadAction\",\"target\":[\"https:\/\/speaktotheworld.ch\/es\/producto\/curso-de-ingles-expres\/\"]}]},{\"@type\":\"ImageObject\",\"inLanguage\":\"es\",\"@id\":\"https:\/\/speaktotheworld.ch\/es\/producto\/curso-de-ingles-expres\/#primaryimage\",\"url\":\"https:\/\/speaktotheworld.ch\/wp-content\/uploads\/2024\/06\/cours-express-an.png\",\"contentUrl\":\"https:\/\/speaktotheworld.ch\/wp-content\/uploads\/2024\/06\/cours-express-an.png\",\"width\":1224,\"height\":816},{\"@type\":\"BreadcrumbList\",\"@id\":\"https:\/\/speaktotheworld.ch\/es\/producto\/curso-de-ingles-expres\/#breadcrumb\",\"itemListElement\":[{\"@type\":\"ListItem\",\"position\":1,\"name\":\"Accueil\",\"item\":\"https:\/\/speaktotheworld.ch\/es\/\"},{\"@type\":\"ListItem\",\"position\":2,\"name\":\"Tienda\",\"item\":\"https:\/\/speaktotheworld.ch\/es\/shop-es\/\"},{\"@type\":\"ListItem\",\"position\":3,\"name\":\"Curso de ingl\u00e9s expr\u00e9s\"}]},{\"@type\":\"WebSite\",\"@id\":\"https:\/\/speaktotheworld.ch\/es\/#website\",\"url\":\"https:\/\/speaktotheworld.ch\/es\/\",\"name\":\"Speak to the world\",\"description\":\"\",\"publisher\":{\"@id\":\"https:\/\/speaktotheworld.ch\/es\/#organization\"},\"alternateName\":\"Speak to the world\",\"potentialAction\":[{\"@type\":\"SearchAction\",\"target\":{\"@type\":\"EntryPoint\",\"urlTemplate\":\"https:\/\/speaktotheworld.ch\/es\/?s={search_term_string}\"},\"query-input\":{\"@type\":\"PropertyValueSpecification\",\"valueRequired\":true,\"valueName\":\"search_term_string\"}}],\"inLanguage\":\"es\"},{\"@type\":\"Organization\",\"@id\":\"https:\/\/speaktotheworld.ch\/es\/#organization\",\"name\":\"Speak to the world\",\"url\":\"https:\/\/speaktotheworld.ch\/es\/\",\"logo\":{\"@type\":\"ImageObject\",\"inLanguage\":\"es\",\"@id\":\"https:\/\/speaktotheworld.ch\/es\/#\/schema\/logo\/image\/\",\"url\":\"https:\/\/speaktotheworld.ch\/wp-content\/uploads\/2023\/09\/7219a61d-3523-4e36-b066-6413484aa469-removebg-preview.png\",\"contentUrl\":\"https:\/\/speaktotheworld.ch\/wp-content\/uploads\/2023\/09\/7219a61d-3523-4e36-b066-6413484aa469-removebg-preview.png\",\"width\":869,\"height\":287,\"caption\":\"Speak to the world\"},\"image\":{\"@id\":\"https:\/\/speaktotheworld.ch\/es\/#\/schema\/logo\/image\/\"},\"sameAs\":[\"https:\/\/www.instagram.com\/speaktotheworld.ch\/\"]}]}<\/script>\n<!-- \/ Yoast SEO plugin. -->","yoast_head_json":{"title":"Curso de ingl\u00e9s expr\u00e9s - Speak to the world","robots":{"index":"index","follow":"follow","max-snippet":"max-snippet:-1","max-image-preview":"max-image-preview:large","max-video-preview":"max-video-preview:-1"},"canonical":"https:\/\/speaktotheworld.ch\/es\/producto\/curso-de-ingles-expres\/","og_locale":"es_ES","og_type":"article","og_title":"Curso de ingl\u00e9s expr\u00e9s - Speak to the world","og_description":"Precio para un periodo de 1h30  2 clases por semana  Duraci\u00f3n: 4 semanas  1:1  En l\u00ednea  Temas relacionados con los viajes       Profesional     Nicole Durand Smaini El fundador habla al mundo","og_url":"https:\/\/speaktotheworld.ch\/es\/producto\/curso-de-ingles-expres\/","og_site_name":"Speak to the world","article_modified_time":"2024-10-17T19:01:35+00:00","og_image":[{"width":1224,"height":816,"url":"https:\/\/speaktotheworld.ch\/wp-content\/uploads\/2024\/06\/cours-express-an.png","type":"image\/png"}],"twitter_card":"summary_large_image","twitter_misc":{"Tiempo de lectura":"1 minuto"},"schema":{"@context":"https:\/\/schema.org","@graph":[{"@type":"WebPage","@id":"https:\/\/speaktotheworld.ch\/es\/producto\/curso-de-ingles-expres\/","url":"https:\/\/speaktotheworld.ch\/es\/producto\/curso-de-ingles-expres\/","name":"Curso de ingl\u00e9s expr\u00e9s - Speak to the world","isPartOf":{"@id":"https:\/\/speaktotheworld.ch\/es\/#website"},"primaryImageOfPage":{"@id":"https:\/\/speaktotheworld.ch\/es\/producto\/curso-de-ingles-expres\/#primaryimage"},"image":{"@id":"https:\/\/speaktotheworld.ch\/es\/producto\/curso-de-ingles-expres\/#primaryimage"},"thumbnailUrl":"https:\/\/speaktotheworld.ch\/wp-content\/uploads\/2024\/06\/cours-express-an.png","datePublished":"2024-06-07T17:37:19+00:00","dateModified":"2024-10-17T19:01:35+00:00","breadcrumb":{"@id":"https:\/\/speaktotheworld.ch\/es\/producto\/curso-de-ingles-expres\/#breadcrumb"},"inLanguage":"es","potentialAction":[{"@type":"ReadAction","target":["https:\/\/speaktotheworld.ch\/es\/producto\/curso-de-ingles-expres\/"]}]},{"@type":"ImageObject","inLanguage":"es","@id":"https:\/\/speaktotheworld.ch\/es\/producto\/curso-de-ingles-expres\/#primaryimage","url":"https:\/\/speaktotheworld.ch\/wp-content\/uploads\/2024\/06\/cours-express-an.png","contentUrl":"https:\/\/speaktotheworld.ch\/wp-content\/uploads\/2024\/06\/cours-express-an.png","width":1224,"height":816},{"@type":"BreadcrumbList","@id":"https:\/\/speaktotheworld.ch\/es\/producto\/curso-de-ingles-expres\/#breadcrumb","itemListElement":[{"@type":"ListItem","position":1,"name":"Accueil","item":"https:\/\/speaktotheworld.ch\/es\/"},{"@type":"ListItem","position":2,"name":"Tienda","item":"https:\/\/speaktotheworld.ch\/es\/shop-es\/"},{"@type":"ListItem","position":3,"name":"Curso de ingl\u00e9s expr\u00e9s"}]},{"@type":"WebSite","@id":"https:\/\/speaktotheworld.ch\/es\/#website","url":"https:\/\/speaktotheworld.ch\/es\/","name":"Speak to the world","description":"","publisher":{"@id":"https:\/\/speaktotheworld.ch\/es\/#organization"},"alternateName":"Speak to the world","potentialAction":[{"@type":"SearchAction","target":{"@type":"EntryPoint","urlTemplate":"https:\/\/speaktotheworld.ch\/es\/?s={search_term_string}"},"query-input":{"@type":"PropertyValueSpecification","valueRequired":true,"valueName":"search_term_string"}}],"inLanguage":"es"},{"@type":"Organization","@id":"https:\/\/speaktotheworld.ch\/es\/#organization","name":"Speak to the world","url":"https:\/\/speaktotheworld.ch\/es\/","logo":{"@type":"ImageObject","inLanguage":"es","@id":"https:\/\/speaktotheworld.ch\/es\/#\/schema\/logo\/image\/","url":"https:\/\/speaktotheworld.ch\/wp-content\/uploads\/2023\/09\/7219a61d-3523-4e36-b066-6413484aa469-removebg-preview.png","contentUrl":"https:\/\/speaktotheworld.ch\/wp-content\/uploads\/2023\/09\/7219a61d-3523-4e36-b066-6413484aa469-removebg-preview.png","width":869,"height":287,"caption":"Speak to the world"},"image":{"@id":"https:\/\/speaktotheworld.ch\/es\/#\/schema\/logo\/image\/"},"sameAs":["https:\/\/www.instagram.com\/speaktotheworld.ch\/"]}]}},"_links":{"self":[{"href":"https:\/\/speaktotheworld.ch\/es\/wp-json\/wp\/v2\/product\/5370","targetHints":{"allow":["GET"]}}],"collection":[{"href":"https:\/\/speaktotheworld.ch\/es\/wp-json\/wp\/v2\/product"}],"about":[{"href":"https:\/\/speaktotheworld.ch\/es\/wp-json\/wp\/v2\/types\/product"}],"replies":[{"embeddable":true,"href":"https:\/\/speaktotheworld.ch\/es\/wp-json\/wp\/v2\/comments?post=5370"}],"version-history":[{"count":1,"href":"https:\/\/speaktotheworld.ch\/es\/wp-json\/wp\/v2\/product\/5370\/revisions"}],"predecessor-version":[{"id":5441,"href":"https:\/\/speaktotheworld.ch\/es\/wp-json\/wp\/v2\/product\/5370\/revisions\/5441"}],"wp:featuredmedia":[{"embeddable":true,"href":"https:\/\/speaktotheworld.ch\/es\/wp-json\/wp\/v2\/media\/5494"}],"wp:attachment":[{"href":"https:\/\/speaktotheworld.ch\/es\/wp-json\/wp\/v2\/media?parent=5370"}],"wp:term":[{"taxonomy":"brand","embeddable":true,"href":"https:\/\/speaktotheworld.ch\/es\/wp-json\/wp\/v2\/etheme_brands?post=5370"},{"taxonomy":"product_brand","embeddable":true,"href":"https:\/\/speaktotheworld.ch\/es\/wp-json\/wp\/v2\/product_brand?post=5370"},{"taxonomy":"product_cat","embeddable":true,"href":"https:\/\/speaktotheworld.ch\/es\/wp-json\/wp\/v2\/product_cat?post=5370"},{"taxonomy":"product_tag","embeddable":true,"href":"https:\/\/speaktotheworld.ch\/es\/wp-json\/wp\/v2\/product_tag?post=5370"}],"curies":[{"name":"wp","href":"https:\/\/api.w.org\/{rel}","templated":true}]}}