{"id":5367,"date":"2024-06-07T19:37:18","date_gmt":"2024-06-07T17:37:18","guid":{"rendered":"https:\/\/speaktotheworld.ch\/product\/inmersion-linguistica\/"},"modified":"2024-10-17T21:12:33","modified_gmt":"2024-10-17T19:12:33","slug":"inmersion-linguistica","status":"publish","type":"product","link":"https:\/\/speaktotheworld.ch\/es\/producto\/inmersion-linguistica\/","title":{"rendered":"Cursos para expatriados"},"content":{"rendered":"<h1>\u00bfCu\u00e1les son los objetivos de este curso?<\/h1>\n<p><span style=\"font-weight: 400;\">Una oportunidad \u00fanica para mejorar los conocimientos de franc\u00e9s de expatriados o no franc\u00f3fonos centr\u00e1ndose en la expresi\u00f3n oral. Podremos integrar y adaptar el vocabulario necesario en su sector de actividad. Tambi\u00e9n se ofrece inmersi\u00f3n ling\u00fc\u00edstica en forma de talleres (cocina, visitas culturales, etc.) para garantizar una integraci\u00f3n satisfactoria en la cultura suiza.<\/span><\/p>\n<h1>\u00bfA qui\u00e9n va dirigido este curso?<\/h1>\n<p><span style=\"font-weight: 400;\">Para expatriados y sus familias y no franc\u00f3fonos.<\/span><\/p>\n<h1>\u00bfQu\u00e9 forma adopta este curso?<\/h1>\n<p><span style=\"font-weight: 400;\">Los cursos se ofrecen de forma individual (1:1), presencial u online, seg\u00fan la elecci\u00f3n y conveniencia de los alumnos, o en talleres. Se recomiendan las clases presenciales. Podemos desplazarnos a tu domicilio o lugar de trabajo. <\/span><\/p>\n<h1>Documento \u00fatil<\/h1>\n<p><a href=\"https:\/\/speaktotheworld.ch\/wp-content\/uploads\/2024\/06\/Fiche-technique-immersion-linguistique.pdf\" target=\"_blank\" rel=\"noopener\">Hoja de datos.pdf<\/a><\/p>\n","protected":false},"excerpt":{"rendered":"<table class=\"course-info\">\n<tbody>\n<tr>\n<td>\n<ul>\n<li>Precio por 1 hora<\/li>\n<li>Duraci\u00f3n m\u00ednima del paquete: 10 periodos<\/li>\n<li>Precio de la actividad no incluido<\/li>\n<li style=\"text-align: left;\">Per\u00edodo: en funci\u00f3n de la actividad elegida<\/li>\n<li>Actividad: a elegir (p\u00f3ngase en contacto con nosotros)<\/li>\n<li style=\"text-align: left;\">1:1<\/li>\n<li style=\"text-align: left;\">Cara a cara<\/li>\n<li style=\"text-align: left;\">Temas personalizados<\/li>\n<li style=\"text-align: left;\">Franc\u00e9s<\/li>\n<\/ul>\n<\/td>\n<\/tr>\n<tr>\n<td>\n<div class=\"prof-info\">\n<div class=\"prof-title\">Profesional<\/div>\n<div class=\"prof-details\">\n<p><img decoding=\"async\" class=\"prof-photo\" src=\"https:\/\/speaktotheworld.ch\/wp-content\/uploads\/2024\/06\/Image_pp-e1716752391110.jpeg\" alt=\"Curso profesional\" \/><\/p>\n<div>\n<div class=\"prof-name\">Nicole Durand Smaini<\/div>\n<div class=\"prof-role\">El fundador habla al mundo<\/div>\n<\/div>\n<\/div>\n<\/div>\n<\/td>\n<\/tr>\n<\/tbody>\n<\/table>\n","protected":false},"featured_media":5479,"comment_status":"open","ping_status":"closed","template":"","meta":[],"etheme_brands":[],"product_brand":[],"product_cat":[176,126],"product_tag":[],"class_list":{"0":"post-5367","1":"product","2":"type-product","3":"status-publish","4":"has-post-thumbnail","6":"product_cat-frances-es","7":"product_cat-inmersion-linguistica","9":"first","10":"instock","11":"shipping-taxable","12":"purchasable","13":"product-type-simple"},"yoast_head":"<!-- This site is optimized with the Yoast SEO plugin v27.3 - https:\/\/yoast.com\/product\/yoast-seo-wordpress\/ -->\n<title>Cursos para expatriados - Speak to the world<\/title>\n<meta name=\"robots\" content=\"index, follow, max-snippet:-1, max-image-preview:large, max-video-preview:-1\" \/>\n<link rel=\"canonical\" href=\"https:\/\/speaktotheworld.ch\/es\/producto\/inmersion-linguistica\/\" \/>\n<meta property=\"og:locale\" content=\"es_ES\" \/>\n<meta property=\"og:type\" content=\"article\" \/>\n<meta property=\"og:title\" content=\"Cursos para expatriados - Speak to the world\" \/>\n<meta property=\"og:description\" content=\"Precio por 1 hora  Duraci\u00f3n m\u00ednima del paquete: 10 periodos  Precio de la actividad no incluido  Per\u00edodo: en funci\u00f3n de la actividad elegida  Actividad: a elegir (p\u00f3ngase en contacto con nosotros)  1:1  Cara a cara  Temas personalizados  Franc\u00e9s       Profesional     Nicole Durand Smaini El fundador habla al mundo\" \/>\n<meta property=\"og:url\" content=\"https:\/\/speaktotheworld.ch\/es\/producto\/inmersion-linguistica\/\" \/>\n<meta property=\"og:site_name\" content=\"Speak to the world\" \/>\n<meta property=\"article:modified_time\" content=\"2024-10-17T19:12:33+00:00\" \/>\n<meta property=\"og:image\" content=\"https:\/\/speaktotheworld.ch\/wp-content\/uploads\/2024\/06\/immersion-linguistique-scaled.jpg\" \/>\n\t<meta property=\"og:image:width\" content=\"2560\" \/>\n\t<meta property=\"og:image:height\" content=\"1707\" \/>\n\t<meta property=\"og:image:type\" content=\"image\/jpeg\" \/>\n<meta name=\"twitter:card\" content=\"summary_large_image\" \/>\n<meta name=\"twitter:label1\" content=\"Tiempo de lectura\" \/>\n\t<meta name=\"twitter:data1\" content=\"1 minuto\" \/>\n<script type=\"application\/ld+json\" class=\"yoast-schema-graph\">{\"@context\":\"https:\\\/\\\/schema.org\",\"@graph\":[{\"@type\":\"WebPage\",\"@id\":\"https:\\\/\\\/speaktotheworld.ch\\\/es\\\/producto\\\/inmersion-linguistica\\\/\",\"url\":\"https:\\\/\\\/speaktotheworld.ch\\\/es\\\/producto\\\/inmersion-linguistica\\\/\",\"name\":\"Cursos para expatriados - Speak to the world\",\"isPartOf\":{\"@id\":\"https:\\\/\\\/speaktotheworld.ch\\\/es\\\/#website\"},\"primaryImageOfPage\":{\"@id\":\"https:\\\/\\\/speaktotheworld.ch\\\/es\\\/producto\\\/inmersion-linguistica\\\/#primaryimage\"},\"image\":{\"@id\":\"https:\\\/\\\/speaktotheworld.ch\\\/es\\\/producto\\\/inmersion-linguistica\\\/#primaryimage\"},\"thumbnailUrl\":\"https:\\\/\\\/speaktotheworld.ch\\\/wp-content\\\/uploads\\\/2024\\\/06\\\/immersion-linguistique-scaled.jpg\",\"datePublished\":\"2024-06-07T17:37:18+00:00\",\"dateModified\":\"2024-10-17T19:12:33+00:00\",\"breadcrumb\":{\"@id\":\"https:\\\/\\\/speaktotheworld.ch\\\/es\\\/producto\\\/inmersion-linguistica\\\/#breadcrumb\"},\"inLanguage\":\"es\",\"potentialAction\":[{\"@type\":\"ReadAction\",\"target\":[\"https:\\\/\\\/speaktotheworld.ch\\\/es\\\/producto\\\/inmersion-linguistica\\\/\"]}]},{\"@type\":\"ImageObject\",\"inLanguage\":\"es\",\"@id\":\"https:\\\/\\\/speaktotheworld.ch\\\/es\\\/producto\\\/inmersion-linguistica\\\/#primaryimage\",\"url\":\"https:\\\/\\\/speaktotheworld.ch\\\/wp-content\\\/uploads\\\/2024\\\/06\\\/immersion-linguistique-scaled.jpg\",\"contentUrl\":\"https:\\\/\\\/speaktotheworld.ch\\\/wp-content\\\/uploads\\\/2024\\\/06\\\/immersion-linguistique-scaled.jpg\",\"width\":2560,\"height\":1707,\"caption\":\"Amigo alfarero en clase de alfarer\u00eda en un taller de cer\u00e1mica\"},{\"@type\":\"BreadcrumbList\",\"@id\":\"https:\\\/\\\/speaktotheworld.ch\\\/es\\\/producto\\\/inmersion-linguistica\\\/#breadcrumb\",\"itemListElement\":[{\"@type\":\"ListItem\",\"position\":1,\"name\":\"Accueil\",\"item\":\"https:\\\/\\\/speaktotheworld.ch\\\/es\\\/\"},{\"@type\":\"ListItem\",\"position\":2,\"name\":\"Tienda\",\"item\":\"https:\\\/\\\/speaktotheworld.ch\\\/es\\\/shop-es\\\/\"},{\"@type\":\"ListItem\",\"position\":3,\"name\":\"Cursos para expatriados\"}]},{\"@type\":\"WebSite\",\"@id\":\"https:\\\/\\\/speaktotheworld.ch\\\/es\\\/#website\",\"url\":\"https:\\\/\\\/speaktotheworld.ch\\\/es\\\/\",\"name\":\"Speak to the world\",\"description\":\"\",\"publisher\":{\"@id\":\"https:\\\/\\\/speaktotheworld.ch\\\/es\\\/#organization\"},\"alternateName\":\"Speak to the world\",\"potentialAction\":[{\"@type\":\"SearchAction\",\"target\":{\"@type\":\"EntryPoint\",\"urlTemplate\":\"https:\\\/\\\/speaktotheworld.ch\\\/es\\\/?s={search_term_string}\"},\"query-input\":{\"@type\":\"PropertyValueSpecification\",\"valueRequired\":true,\"valueName\":\"search_term_string\"}}],\"inLanguage\":\"es\"},{\"@type\":\"Organization\",\"@id\":\"https:\\\/\\\/speaktotheworld.ch\\\/es\\\/#organization\",\"name\":\"Speak to the world\",\"url\":\"https:\\\/\\\/speaktotheworld.ch\\\/es\\\/\",\"logo\":{\"@type\":\"ImageObject\",\"inLanguage\":\"es\",\"@id\":\"https:\\\/\\\/speaktotheworld.ch\\\/es\\\/#\\\/schema\\\/logo\\\/image\\\/\",\"url\":\"https:\\\/\\\/speaktotheworld.ch\\\/wp-content\\\/uploads\\\/2023\\\/09\\\/7219a61d-3523-4e36-b066-6413484aa469-removebg-preview.png\",\"contentUrl\":\"https:\\\/\\\/speaktotheworld.ch\\\/wp-content\\\/uploads\\\/2023\\\/09\\\/7219a61d-3523-4e36-b066-6413484aa469-removebg-preview.png\",\"width\":869,\"height\":287,\"caption\":\"Speak to the world\"},\"image\":{\"@id\":\"https:\\\/\\\/speaktotheworld.ch\\\/es\\\/#\\\/schema\\\/logo\\\/image\\\/\"},\"sameAs\":[\"https:\\\/\\\/www.instagram.com\\\/speaktotheworld.ch\\\/\"]}]}<\/script>\n<!-- \/ Yoast SEO plugin. -->","yoast_head_json":{"title":"Cursos para expatriados - Speak to the world","robots":{"index":"index","follow":"follow","max-snippet":"max-snippet:-1","max-image-preview":"max-image-preview:large","max-video-preview":"max-video-preview:-1"},"canonical":"https:\/\/speaktotheworld.ch\/es\/producto\/inmersion-linguistica\/","og_locale":"es_ES","og_type":"article","og_title":"Cursos para expatriados - Speak to the world","og_description":"Precio por 1 hora  Duraci\u00f3n m\u00ednima del paquete: 10 periodos  Precio de la actividad no incluido  Per\u00edodo: en funci\u00f3n de la actividad elegida  Actividad: a elegir (p\u00f3ngase en contacto con nosotros)  1:1  Cara a cara  Temas personalizados  Franc\u00e9s       Profesional     Nicole Durand Smaini El fundador habla al mundo","og_url":"https:\/\/speaktotheworld.ch\/es\/producto\/inmersion-linguistica\/","og_site_name":"Speak to the world","article_modified_time":"2024-10-17T19:12:33+00:00","og_image":[{"width":2560,"height":1707,"url":"https:\/\/speaktotheworld.ch\/wp-content\/uploads\/2024\/06\/immersion-linguistique-scaled.jpg","type":"image\/jpeg"}],"twitter_card":"summary_large_image","twitter_misc":{"Tiempo de lectura":"1 minuto"},"schema":{"@context":"https:\/\/schema.org","@graph":[{"@type":"WebPage","@id":"https:\/\/speaktotheworld.ch\/es\/producto\/inmersion-linguistica\/","url":"https:\/\/speaktotheworld.ch\/es\/producto\/inmersion-linguistica\/","name":"Cursos para expatriados - Speak to the world","isPartOf":{"@id":"https:\/\/speaktotheworld.ch\/es\/#website"},"primaryImageOfPage":{"@id":"https:\/\/speaktotheworld.ch\/es\/producto\/inmersion-linguistica\/#primaryimage"},"image":{"@id":"https:\/\/speaktotheworld.ch\/es\/producto\/inmersion-linguistica\/#primaryimage"},"thumbnailUrl":"https:\/\/speaktotheworld.ch\/wp-content\/uploads\/2024\/06\/immersion-linguistique-scaled.jpg","datePublished":"2024-06-07T17:37:18+00:00","dateModified":"2024-10-17T19:12:33+00:00","breadcrumb":{"@id":"https:\/\/speaktotheworld.ch\/es\/producto\/inmersion-linguistica\/#breadcrumb"},"inLanguage":"es","potentialAction":[{"@type":"ReadAction","target":["https:\/\/speaktotheworld.ch\/es\/producto\/inmersion-linguistica\/"]}]},{"@type":"ImageObject","inLanguage":"es","@id":"https:\/\/speaktotheworld.ch\/es\/producto\/inmersion-linguistica\/#primaryimage","url":"https:\/\/speaktotheworld.ch\/wp-content\/uploads\/2024\/06\/immersion-linguistique-scaled.jpg","contentUrl":"https:\/\/speaktotheworld.ch\/wp-content\/uploads\/2024\/06\/immersion-linguistique-scaled.jpg","width":2560,"height":1707,"caption":"Amigo alfarero en clase de alfarer\u00eda en un taller de cer\u00e1mica"},{"@type":"BreadcrumbList","@id":"https:\/\/speaktotheworld.ch\/es\/producto\/inmersion-linguistica\/#breadcrumb","itemListElement":[{"@type":"ListItem","position":1,"name":"Accueil","item":"https:\/\/speaktotheworld.ch\/es\/"},{"@type":"ListItem","position":2,"name":"Tienda","item":"https:\/\/speaktotheworld.ch\/es\/shop-es\/"},{"@type":"ListItem","position":3,"name":"Cursos para expatriados"}]},{"@type":"WebSite","@id":"https:\/\/speaktotheworld.ch\/es\/#website","url":"https:\/\/speaktotheworld.ch\/es\/","name":"Speak to the world","description":"","publisher":{"@id":"https:\/\/speaktotheworld.ch\/es\/#organization"},"alternateName":"Speak to the world","potentialAction":[{"@type":"SearchAction","target":{"@type":"EntryPoint","urlTemplate":"https:\/\/speaktotheworld.ch\/es\/?s={search_term_string}"},"query-input":{"@type":"PropertyValueSpecification","valueRequired":true,"valueName":"search_term_string"}}],"inLanguage":"es"},{"@type":"Organization","@id":"https:\/\/speaktotheworld.ch\/es\/#organization","name":"Speak to the world","url":"https:\/\/speaktotheworld.ch\/es\/","logo":{"@type":"ImageObject","inLanguage":"es","@id":"https:\/\/speaktotheworld.ch\/es\/#\/schema\/logo\/image\/","url":"https:\/\/speaktotheworld.ch\/wp-content\/uploads\/2023\/09\/7219a61d-3523-4e36-b066-6413484aa469-removebg-preview.png","contentUrl":"https:\/\/speaktotheworld.ch\/wp-content\/uploads\/2023\/09\/7219a61d-3523-4e36-b066-6413484aa469-removebg-preview.png","width":869,"height":287,"caption":"Speak to the world"},"image":{"@id":"https:\/\/speaktotheworld.ch\/es\/#\/schema\/logo\/image\/"},"sameAs":["https:\/\/www.instagram.com\/speaktotheworld.ch\/"]}]}},"_links":{"self":[{"href":"https:\/\/speaktotheworld.ch\/es\/wp-json\/wp\/v2\/product\/5367","targetHints":{"allow":["GET"]}}],"collection":[{"href":"https:\/\/speaktotheworld.ch\/es\/wp-json\/wp\/v2\/product"}],"about":[{"href":"https:\/\/speaktotheworld.ch\/es\/wp-json\/wp\/v2\/types\/product"}],"replies":[{"embeddable":true,"href":"https:\/\/speaktotheworld.ch\/es\/wp-json\/wp\/v2\/comments?post=5367"}],"version-history":[{"count":3,"href":"https:\/\/speaktotheworld.ch\/es\/wp-json\/wp\/v2\/product\/5367\/revisions"}],"predecessor-version":[{"id":5791,"href":"https:\/\/speaktotheworld.ch\/es\/wp-json\/wp\/v2\/product\/5367\/revisions\/5791"}],"wp:featuredmedia":[{"embeddable":true,"href":"https:\/\/speaktotheworld.ch\/es\/wp-json\/wp\/v2\/media\/5479"}],"wp:attachment":[{"href":"https:\/\/speaktotheworld.ch\/es\/wp-json\/wp\/v2\/media?parent=5367"}],"wp:term":[{"taxonomy":"brand","embeddable":true,"href":"https:\/\/speaktotheworld.ch\/es\/wp-json\/wp\/v2\/etheme_brands?post=5367"},{"taxonomy":"product_brand","embeddable":true,"href":"https:\/\/speaktotheworld.ch\/es\/wp-json\/wp\/v2\/product_brand?post=5367"},{"taxonomy":"product_cat","embeddable":true,"href":"https:\/\/speaktotheworld.ch\/es\/wp-json\/wp\/v2\/product_cat?post=5367"},{"taxonomy":"product_tag","embeddable":true,"href":"https:\/\/speaktotheworld.ch\/es\/wp-json\/wp\/v2\/product_tag?post=5367"}],"curies":[{"name":"wp","href":"https:\/\/api.w.org\/{rel}","templated":true}]}}