{"id":5363,"date":"2024-06-07T19:37:18","date_gmt":"2024-06-07T17:37:18","guid":{"rendered":"https:\/\/speaktotheworld.ch\/product\/cursos-para-ninos-de-5-a-10-anos\/"},"modified":"2024-10-17T21:09:25","modified_gmt":"2024-10-17T19:09:25","slug":"cursos-para-ninos-de-5-a-10-anos","status":"publish","type":"product","link":"https:\/\/speaktotheworld.ch\/es\/producto\/cursos-para-ninos-de-5-a-10-anos\/","title":{"rendered":"Cursos para ni\u00f1os (de 5 a 10 a\u00f1os)"},"content":{"rendered":"<h1>\u00bfCu\u00e1les son los objetivos de este curso?<\/h1>\n<p><span style=\"font-weight: 400;\">Este curso pretende facilitar el aprendizaje mediante actividades divertidas, como cuentos, canciones y juegos, que te permitir\u00e1n adquirir r\u00e1pidamente un vocabulario sencillo y pr\u00e1ctico. <\/span><\/p>\n<h1>\u00bfA qui\u00e9n va dirigido este curso?<\/h1>\n<p><span style=\"font-weight: 400;\">Ofrecemos cursos de lenguas extranjeras a ni\u00f1os de 5 a 10 a\u00f1os, con o sin conocimientos b\u00e1sicos, fuera del programa escolar. <\/span><\/p>\n<h1>\u00bfQu\u00e9 forma adopta este curso?<\/h1>\n<p><span style=\"font-weight: 400;\">Los cursos se ofrecen en modalidad individual (1:1), s\u00f3lo presencial. Es aconsejable celebrarlas en un entorno neutro, lejos del domicilio familiar, para que el ni\u00f1o pueda concentrarse plenamente. <\/span><\/p>\n","protected":false},"excerpt":{"rendered":"<table class=\"course-info\">\n<tbody>\n<tr>\n<td>\n<ul>\n<li>Precio por 1 hora<\/li>\n<li>Duraci\u00f3n m\u00ednima del paquete: 10 periodos<\/li>\n<li style=\"text-align: left;\">1:1<\/li>\n<li style=\"text-align: left;\">Cara a cara<\/li>\n<li style=\"text-align: left;\">Temas personalizados<\/li>\n<li style=\"text-align: left;\">Alem\u00e1n: hasta 4 HarmoS<\/li>\n<li style=\"text-align: left;\">Ingl\u00e9s: hasta 6 HarmoS<\/li>\n<li style=\"text-align: left;\">Espa\u00f1ol, portugu\u00e9s (Brasil): de 5 a 10 a\u00f1os<\/li>\n<\/ul>\n<\/td>\n<\/tr>\n<tr>\n<td>\n<div class=\"prof-info\">\n<div class=\"prof-title\">Profesional<\/div>\n<div class=\"prof-details\">\n<p><img decoding=\"async\" class=\"prof-photo\" src=\"https:\/\/speaktotheworld.ch\/wp-content\/uploads\/2024\/06\/Image_pp-e1716752391110.jpeg\" alt=\"Curso profesional\" \/><\/p>\n<div>\n<div class=\"prof-name\">Nicole Durand Smaini<\/div>\n<div class=\"prof-role\">El fundador habla al mundo<\/div>\n<\/div>\n<\/div>\n<\/div>\n<\/td>\n<\/tr>\n<\/tbody>\n<\/table>\n","protected":false},"featured_media":5474,"comment_status":"open","ping_status":"closed","template":"","meta":[],"etheme_brands":[],"product_brand":[],"product_cat":[164,129,172,168,180],"product_tag":[],"class_list":{"0":"post-5363","1":"product","2":"type-product","3":"status-publish","4":"has-post-thumbnail","6":"product_cat-aleman","7":"product_cat-cursos-de-apoyo-a-los-alumnos","8":"product_cat-espanol","9":"product_cat-ingles-es","10":"product_cat-portugues-brasil-es","12":"first","13":"instock","14":"shipping-taxable","15":"purchasable","16":"product-type-simple"},"yoast_head":"<!-- This site is optimized with the Yoast SEO plugin v27.3 - https:\/\/yoast.com\/product\/yoast-seo-wordpress\/ -->\n<title>Cursos para ni\u00f1os (de 5 a 10 a\u00f1os) - Speak to the world<\/title>\n<meta name=\"robots\" content=\"index, follow, max-snippet:-1, max-image-preview:large, max-video-preview:-1\" \/>\n<link rel=\"canonical\" href=\"https:\/\/speaktotheworld.ch\/es\/producto\/cursos-para-ninos-de-5-a-10-anos\/\" \/>\n<meta property=\"og:locale\" content=\"es_ES\" \/>\n<meta property=\"og:type\" content=\"article\" \/>\n<meta property=\"og:title\" content=\"Cursos para ni\u00f1os (de 5 a 10 a\u00f1os) - Speak to the world\" \/>\n<meta property=\"og:description\" content=\"Precio por 1 hora  Duraci\u00f3n m\u00ednima del paquete: 10 periodos  1:1  Cara a cara  Temas personalizados  Alem\u00e1n: hasta 4 HarmoS  Ingl\u00e9s: hasta 6 HarmoS  Espa\u00f1ol, portugu\u00e9s (Brasil): de 5 a 10 a\u00f1os       Profesional     Nicole Durand Smaini El fundador habla al mundo\" \/>\n<meta property=\"og:url\" content=\"https:\/\/speaktotheworld.ch\/es\/producto\/cursos-para-ninos-de-5-a-10-anos\/\" \/>\n<meta property=\"og:site_name\" content=\"Speak to the world\" \/>\n<meta property=\"article:modified_time\" content=\"2024-10-17T19:09:25+00:00\" \/>\n<meta property=\"og:image\" content=\"https:\/\/speaktotheworld.ch\/wp-content\/uploads\/2024\/06\/cours-enfants-scaled.jpg\" \/>\n\t<meta property=\"og:image:width\" content=\"2560\" \/>\n\t<meta property=\"og:image:height\" content=\"1707\" \/>\n\t<meta property=\"og:image:type\" content=\"image\/jpeg\" \/>\n<meta name=\"twitter:card\" content=\"summary_large_image\" \/>\n<script type=\"application\/ld+json\" class=\"yoast-schema-graph\">{\"@context\":\"https:\\\/\\\/schema.org\",\"@graph\":[{\"@type\":\"WebPage\",\"@id\":\"https:\\\/\\\/speaktotheworld.ch\\\/es\\\/producto\\\/cursos-para-ninos-de-5-a-10-anos\\\/\",\"url\":\"https:\\\/\\\/speaktotheworld.ch\\\/es\\\/producto\\\/cursos-para-ninos-de-5-a-10-anos\\\/\",\"name\":\"Cursos para ni\u00f1os (de 5 a 10 a\u00f1os) - Speak to the world\",\"isPartOf\":{\"@id\":\"https:\\\/\\\/speaktotheworld.ch\\\/es\\\/#website\"},\"primaryImageOfPage\":{\"@id\":\"https:\\\/\\\/speaktotheworld.ch\\\/es\\\/producto\\\/cursos-para-ninos-de-5-a-10-anos\\\/#primaryimage\"},\"image\":{\"@id\":\"https:\\\/\\\/speaktotheworld.ch\\\/es\\\/producto\\\/cursos-para-ninos-de-5-a-10-anos\\\/#primaryimage\"},\"thumbnailUrl\":\"https:\\\/\\\/speaktotheworld.ch\\\/wp-content\\\/uploads\\\/2024\\\/06\\\/cours-enfants-scaled.jpg\",\"datePublished\":\"2024-06-07T17:37:18+00:00\",\"dateModified\":\"2024-10-17T19:09:25+00:00\",\"breadcrumb\":{\"@id\":\"https:\\\/\\\/speaktotheworld.ch\\\/es\\\/producto\\\/cursos-para-ninos-de-5-a-10-anos\\\/#breadcrumb\"},\"inLanguage\":\"es\",\"potentialAction\":[{\"@type\":\"ReadAction\",\"target\":[\"https:\\\/\\\/speaktotheworld.ch\\\/es\\\/producto\\\/cursos-para-ninos-de-5-a-10-anos\\\/\"]}]},{\"@type\":\"ImageObject\",\"inLanguage\":\"es\",\"@id\":\"https:\\\/\\\/speaktotheworld.ch\\\/es\\\/producto\\\/cursos-para-ninos-de-5-a-10-anos\\\/#primaryimage\",\"url\":\"https:\\\/\\\/speaktotheworld.ch\\\/wp-content\\\/uploads\\\/2024\\\/06\\\/cours-enfants-scaled.jpg\",\"contentUrl\":\"https:\\\/\\\/speaktotheworld.ch\\\/wp-content\\\/uploads\\\/2024\\\/06\\\/cours-enfants-scaled.jpg\",\"width\":2560,\"height\":1707,\"caption\":\"A young girl cheerfully writes in her spelling workbook at her desk. Her teacher is kneeling beside the desk and encouraging her.\"},{\"@type\":\"BreadcrumbList\",\"@id\":\"https:\\\/\\\/speaktotheworld.ch\\\/es\\\/producto\\\/cursos-para-ninos-de-5-a-10-anos\\\/#breadcrumb\",\"itemListElement\":[{\"@type\":\"ListItem\",\"position\":1,\"name\":\"Accueil\",\"item\":\"https:\\\/\\\/speaktotheworld.ch\\\/es\\\/\"},{\"@type\":\"ListItem\",\"position\":2,\"name\":\"Tienda\",\"item\":\"https:\\\/\\\/speaktotheworld.ch\\\/es\\\/shop-es\\\/\"},{\"@type\":\"ListItem\",\"position\":3,\"name\":\"Cursos para ni\u00f1os (de 5 a 10 a\u00f1os)\"}]},{\"@type\":\"WebSite\",\"@id\":\"https:\\\/\\\/speaktotheworld.ch\\\/es\\\/#website\",\"url\":\"https:\\\/\\\/speaktotheworld.ch\\\/es\\\/\",\"name\":\"Speak to the world\",\"description\":\"\",\"publisher\":{\"@id\":\"https:\\\/\\\/speaktotheworld.ch\\\/es\\\/#organization\"},\"alternateName\":\"Speak to the world\",\"potentialAction\":[{\"@type\":\"SearchAction\",\"target\":{\"@type\":\"EntryPoint\",\"urlTemplate\":\"https:\\\/\\\/speaktotheworld.ch\\\/es\\\/?s={search_term_string}\"},\"query-input\":{\"@type\":\"PropertyValueSpecification\",\"valueRequired\":true,\"valueName\":\"search_term_string\"}}],\"inLanguage\":\"es\"},{\"@type\":\"Organization\",\"@id\":\"https:\\\/\\\/speaktotheworld.ch\\\/es\\\/#organization\",\"name\":\"Speak to the world\",\"url\":\"https:\\\/\\\/speaktotheworld.ch\\\/es\\\/\",\"logo\":{\"@type\":\"ImageObject\",\"inLanguage\":\"es\",\"@id\":\"https:\\\/\\\/speaktotheworld.ch\\\/es\\\/#\\\/schema\\\/logo\\\/image\\\/\",\"url\":\"https:\\\/\\\/speaktotheworld.ch\\\/wp-content\\\/uploads\\\/2023\\\/09\\\/7219a61d-3523-4e36-b066-6413484aa469-removebg-preview.png\",\"contentUrl\":\"https:\\\/\\\/speaktotheworld.ch\\\/wp-content\\\/uploads\\\/2023\\\/09\\\/7219a61d-3523-4e36-b066-6413484aa469-removebg-preview.png\",\"width\":869,\"height\":287,\"caption\":\"Speak to the world\"},\"image\":{\"@id\":\"https:\\\/\\\/speaktotheworld.ch\\\/es\\\/#\\\/schema\\\/logo\\\/image\\\/\"},\"sameAs\":[\"https:\\\/\\\/www.instagram.com\\\/speaktotheworld.ch\\\/\"]}]}<\/script>\n<!-- \/ Yoast SEO plugin. -->","yoast_head_json":{"title":"Cursos para ni\u00f1os (de 5 a 10 a\u00f1os) - Speak to the world","robots":{"index":"index","follow":"follow","max-snippet":"max-snippet:-1","max-image-preview":"max-image-preview:large","max-video-preview":"max-video-preview:-1"},"canonical":"https:\/\/speaktotheworld.ch\/es\/producto\/cursos-para-ninos-de-5-a-10-anos\/","og_locale":"es_ES","og_type":"article","og_title":"Cursos para ni\u00f1os (de 5 a 10 a\u00f1os) - Speak to the world","og_description":"Precio por 1 hora  Duraci\u00f3n m\u00ednima del paquete: 10 periodos  1:1  Cara a cara  Temas personalizados  Alem\u00e1n: hasta 4 HarmoS  Ingl\u00e9s: hasta 6 HarmoS  Espa\u00f1ol, portugu\u00e9s (Brasil): de 5 a 10 a\u00f1os       Profesional     Nicole Durand Smaini El fundador habla al mundo","og_url":"https:\/\/speaktotheworld.ch\/es\/producto\/cursos-para-ninos-de-5-a-10-anos\/","og_site_name":"Speak to the world","article_modified_time":"2024-10-17T19:09:25+00:00","og_image":[{"width":2560,"height":1707,"url":"https:\/\/speaktotheworld.ch\/wp-content\/uploads\/2024\/06\/cours-enfants-scaled.jpg","type":"image\/jpeg"}],"twitter_card":"summary_large_image","schema":{"@context":"https:\/\/schema.org","@graph":[{"@type":"WebPage","@id":"https:\/\/speaktotheworld.ch\/es\/producto\/cursos-para-ninos-de-5-a-10-anos\/","url":"https:\/\/speaktotheworld.ch\/es\/producto\/cursos-para-ninos-de-5-a-10-anos\/","name":"Cursos para ni\u00f1os (de 5 a 10 a\u00f1os) - Speak to the world","isPartOf":{"@id":"https:\/\/speaktotheworld.ch\/es\/#website"},"primaryImageOfPage":{"@id":"https:\/\/speaktotheworld.ch\/es\/producto\/cursos-para-ninos-de-5-a-10-anos\/#primaryimage"},"image":{"@id":"https:\/\/speaktotheworld.ch\/es\/producto\/cursos-para-ninos-de-5-a-10-anos\/#primaryimage"},"thumbnailUrl":"https:\/\/speaktotheworld.ch\/wp-content\/uploads\/2024\/06\/cours-enfants-scaled.jpg","datePublished":"2024-06-07T17:37:18+00:00","dateModified":"2024-10-17T19:09:25+00:00","breadcrumb":{"@id":"https:\/\/speaktotheworld.ch\/es\/producto\/cursos-para-ninos-de-5-a-10-anos\/#breadcrumb"},"inLanguage":"es","potentialAction":[{"@type":"ReadAction","target":["https:\/\/speaktotheworld.ch\/es\/producto\/cursos-para-ninos-de-5-a-10-anos\/"]}]},{"@type":"ImageObject","inLanguage":"es","@id":"https:\/\/speaktotheworld.ch\/es\/producto\/cursos-para-ninos-de-5-a-10-anos\/#primaryimage","url":"https:\/\/speaktotheworld.ch\/wp-content\/uploads\/2024\/06\/cours-enfants-scaled.jpg","contentUrl":"https:\/\/speaktotheworld.ch\/wp-content\/uploads\/2024\/06\/cours-enfants-scaled.jpg","width":2560,"height":1707,"caption":"A young girl cheerfully writes in her spelling workbook at her desk. Her teacher is kneeling beside the desk and encouraging her."},{"@type":"BreadcrumbList","@id":"https:\/\/speaktotheworld.ch\/es\/producto\/cursos-para-ninos-de-5-a-10-anos\/#breadcrumb","itemListElement":[{"@type":"ListItem","position":1,"name":"Accueil","item":"https:\/\/speaktotheworld.ch\/es\/"},{"@type":"ListItem","position":2,"name":"Tienda","item":"https:\/\/speaktotheworld.ch\/es\/shop-es\/"},{"@type":"ListItem","position":3,"name":"Cursos para ni\u00f1os (de 5 a 10 a\u00f1os)"}]},{"@type":"WebSite","@id":"https:\/\/speaktotheworld.ch\/es\/#website","url":"https:\/\/speaktotheworld.ch\/es\/","name":"Speak to the world","description":"","publisher":{"@id":"https:\/\/speaktotheworld.ch\/es\/#organization"},"alternateName":"Speak to the world","potentialAction":[{"@type":"SearchAction","target":{"@type":"EntryPoint","urlTemplate":"https:\/\/speaktotheworld.ch\/es\/?s={search_term_string}"},"query-input":{"@type":"PropertyValueSpecification","valueRequired":true,"valueName":"search_term_string"}}],"inLanguage":"es"},{"@type":"Organization","@id":"https:\/\/speaktotheworld.ch\/es\/#organization","name":"Speak to the world","url":"https:\/\/speaktotheworld.ch\/es\/","logo":{"@type":"ImageObject","inLanguage":"es","@id":"https:\/\/speaktotheworld.ch\/es\/#\/schema\/logo\/image\/","url":"https:\/\/speaktotheworld.ch\/wp-content\/uploads\/2023\/09\/7219a61d-3523-4e36-b066-6413484aa469-removebg-preview.png","contentUrl":"https:\/\/speaktotheworld.ch\/wp-content\/uploads\/2023\/09\/7219a61d-3523-4e36-b066-6413484aa469-removebg-preview.png","width":869,"height":287,"caption":"Speak to the world"},"image":{"@id":"https:\/\/speaktotheworld.ch\/es\/#\/schema\/logo\/image\/"},"sameAs":["https:\/\/www.instagram.com\/speaktotheworld.ch\/"]}]}},"_links":{"self":[{"href":"https:\/\/speaktotheworld.ch\/es\/wp-json\/wp\/v2\/product\/5363","targetHints":{"allow":["GET"]}}],"collection":[{"href":"https:\/\/speaktotheworld.ch\/es\/wp-json\/wp\/v2\/product"}],"about":[{"href":"https:\/\/speaktotheworld.ch\/es\/wp-json\/wp\/v2\/types\/product"}],"replies":[{"embeddable":true,"href":"https:\/\/speaktotheworld.ch\/es\/wp-json\/wp\/v2\/comments?post=5363"}],"version-history":[{"count":1,"href":"https:\/\/speaktotheworld.ch\/es\/wp-json\/wp\/v2\/product\/5363\/revisions"}],"predecessor-version":[{"id":5784,"href":"https:\/\/speaktotheworld.ch\/es\/wp-json\/wp\/v2\/product\/5363\/revisions\/5784"}],"wp:featuredmedia":[{"embeddable":true,"href":"https:\/\/speaktotheworld.ch\/es\/wp-json\/wp\/v2\/media\/5474"}],"wp:attachment":[{"href":"https:\/\/speaktotheworld.ch\/es\/wp-json\/wp\/v2\/media?parent=5363"}],"wp:term":[{"taxonomy":"brand","embeddable":true,"href":"https:\/\/speaktotheworld.ch\/es\/wp-json\/wp\/v2\/etheme_brands?post=5363"},{"taxonomy":"product_brand","embeddable":true,"href":"https:\/\/speaktotheworld.ch\/es\/wp-json\/wp\/v2\/product_brand?post=5363"},{"taxonomy":"product_cat","embeddable":true,"href":"https:\/\/speaktotheworld.ch\/es\/wp-json\/wp\/v2\/product_cat?post=5363"},{"taxonomy":"product_tag","embeddable":true,"href":"https:\/\/speaktotheworld.ch\/es\/wp-json\/wp\/v2\/product_tag?post=5363"}],"curies":[{"name":"wp","href":"https:\/\/api.w.org\/{rel}","templated":true}]}}