{"id":5742,"date":"2024-10-17T20:23:23","date_gmt":"2024-10-17T18:23:23","guid":{"rendered":"https:\/\/speaktotheworld.ch\/?post_type=product&#038;p=5742"},"modified":"2024-10-21T21:54:56","modified_gmt":"2024-10-21T19:54:56","slug":"vorbereitung-auf-die-prufungen-b1-und-b2-copie","status":"publish","type":"product","link":"https:\/\/speaktotheworld.ch\/de\/produkt\/vorbereitung-auf-die-prufungen-b1-und-b2-copie\/","title":{"rendered":"DUO-Kurse"},"content":{"rendered":"<h1><strong>Was sind die Ziele dieses Kurses?<\/strong><\/h1>\n<p class=\"p1\">Warum allein lernen, wenn Sie zu zweit Fortschritte machen k\u00f6nnen? Ob mit einem Freund, einem Kollegen oder einem Verwandten, unsere DUO-Sprachkurse sind die ideale L\u00f6sung, um in einer dynamischen und motivierenden Atmosph\u00e4re zu lernen! <\/p>\n<p class=\"p1\">Die Vorteile unserer DUO-Kurse sind folgende:<\/p>\n<ul class=\"ul1\">\n<li class=\"li1\">Beschleunigte Fortschritte durch Interaktion und Praxis mit Ihrem Partner.<\/li>\n<li class=\"li1\">Pers\u00f6nliche Betreuung durch einen Lehrer, der nur f\u00fcr Sie beide zust\u00e4ndig ist.<\/li>\n<li class=\"li1\">G\u00fcnstige Preise: Teilen Sie die Freude am Lernen und sparen Sie!<\/li>\n<\/ul>\n<p class=\"p1\">Zu zweit macht es mehr Spa\u00df und ist motivierender!<\/p>\n<h1><strong>F\u00fcr wen ist dieser Kurs geeignet?<\/strong><\/h1>\n<p class=\"p1\">F\u00fcr alle Erwachsenen jeden Alters und jeder Sprachstufe, die ihre Sprachkenntnisse verbessern m\u00f6chten.<\/p>\n<h1><strong>In welcher Form wird dieser Kurs angeboten?<\/strong><\/h1>\n<p class=\"p1\">Dieser Kurs wird zu zweit angeboten, vorzugsweise als Pr\u00e4senzkurs.<\/p>\n","protected":false},"excerpt":{"rendered":"<table class=\"course-info\">\n<tbody>\n<tr>\n<td>\n<ul>\n<li>Zeitraum: 1 Stunde<\/li>\n<li style=\"text-align: left;\">In Pr\u00e4senzveranstaltungen<\/li>\n<li>Im Duett<\/li>\n<li style=\"text-align: left;\">Eigene Themen<\/li>\n<li style=\"text-align: left;\">Franz\u00f6sisch, Englisch, Deutsch, Spanisch, Portugiesisch (Brasilien)<\/li>\n<\/ul>\n<\/td>\n<\/tr>\n<tr>\n<td>\n<div class=\"prof-info\">\n<div class=\"prof-title\">Professionell<\/div>\n<div class=\"prof-details\">\n<p><img decoding=\"async\" class=\"prof-photo\" src=\"https:\/\/speaktotheworld.ch\/wp-content\/uploads\/2024\/06\/Image_pp-e1716752391110.jpeg\" alt=\"Professioneller Kurs\"><\/p>\n<div>\n<div class=\"prof-name\">Nicole Durand Smaini<\/div>\n<div class=\"prof-role\">Gr\u00fcnderin von Speak to the World<\/div>\n<\/div>\n<\/div>\n<\/div>\n<\/td>\n<\/tr>\n<\/tbody>\n<\/table>\n","protected":false},"featured_media":5753,"comment_status":"open","ping_status":"closed","template":"","meta":[],"etheme_brands":[],"product_brand":[],"product_cat":[166,174,162,120,156,178,170],"product_tag":[],"class_list":{"0":"post-5742","1":"product","2":"type-product","3":"status-publish","4":"has-post-thumbnail","6":"product_cat-englisch","7":"product_cat-franzoesisch","8":"product_cat-german-de","9":"product_cat-mandate-in-unternehmen","10":"product_cat-nouveautes-de","11":"product_cat-portugiesisch-brasilien","12":"product_cat-spanisch","14":"first","15":"instock","16":"shipping-taxable","17":"product-type-simple"},"yoast_head":"<!-- This site is optimized with the Yoast SEO plugin v27.3 - https:\/\/yoast.com\/product\/yoast-seo-wordpress\/ -->\n<title>DUO-Kurse - Speak to the world<\/title>\n<meta name=\"robots\" content=\"index, follow, max-snippet:-1, max-image-preview:large, max-video-preview:-1\" \/>\n<link rel=\"canonical\" href=\"https:\/\/speaktotheworld.ch\/de\/produkt\/vorbereitung-auf-die-prufungen-b1-und-b2-copie\/\" \/>\n<meta property=\"og:locale\" content=\"de_DE\" \/>\n<meta property=\"og:type\" content=\"article\" \/>\n<meta property=\"og:title\" content=\"DUO-Kurse - Speak to the world\" \/>\n<meta property=\"og:description\" content=\"Zeitraum: 1 Stunde  In Pr\u00e4senzveranstaltungen  Im Duett  Eigene Themen  Franz\u00f6sisch, Englisch, Deutsch, Spanisch, Portugiesisch (Brasilien)    Professionell   Nicole Durand Smaini Gr\u00fcnderin von Speak to the World\" \/>\n<meta property=\"og:url\" content=\"https:\/\/speaktotheworld.ch\/de\/produkt\/vorbereitung-auf-die-prufungen-b1-und-b2-copie\/\" \/>\n<meta property=\"og:site_name\" content=\"Speak to the world\" \/>\n<meta property=\"article:modified_time\" content=\"2024-10-21T19:54:56+00:00\" \/>\n<meta property=\"og:image\" content=\"https:\/\/speaktotheworld.ch\/wp-content\/uploads\/2024\/10\/cours_duo-1.jpg\" \/>\n\t<meta property=\"og:image:width\" content=\"1102\" \/>\n\t<meta property=\"og:image:height\" content=\"735\" \/>\n\t<meta property=\"og:image:type\" content=\"image\/jpeg\" \/>\n<meta name=\"twitter:card\" content=\"summary_large_image\" \/>\n<meta name=\"twitter:label1\" content=\"Gesch\u00e4tzte Lesezeit\" \/>\n\t<meta name=\"twitter:data1\" content=\"1\u00a0Minute\" \/>\n<script type=\"application\/ld+json\" class=\"yoast-schema-graph\">{\"@context\":\"https:\\\/\\\/schema.org\",\"@graph\":[{\"@type\":\"WebPage\",\"@id\":\"https:\\\/\\\/speaktotheworld.ch\\\/de\\\/produkt\\\/vorbereitung-auf-die-prufungen-b1-und-b2-copie\\\/\",\"url\":\"https:\\\/\\\/speaktotheworld.ch\\\/de\\\/produkt\\\/vorbereitung-auf-die-prufungen-b1-und-b2-copie\\\/\",\"name\":\"DUO-Kurse - Speak to the world\",\"isPartOf\":{\"@id\":\"https:\\\/\\\/speaktotheworld.ch\\\/de\\\/#website\"},\"primaryImageOfPage\":{\"@id\":\"https:\\\/\\\/speaktotheworld.ch\\\/de\\\/produkt\\\/vorbereitung-auf-die-prufungen-b1-und-b2-copie\\\/#primaryimage\"},\"image\":{\"@id\":\"https:\\\/\\\/speaktotheworld.ch\\\/de\\\/produkt\\\/vorbereitung-auf-die-prufungen-b1-und-b2-copie\\\/#primaryimage\"},\"thumbnailUrl\":\"https:\\\/\\\/speaktotheworld.ch\\\/wp-content\\\/uploads\\\/2024\\\/10\\\/cours_duo-1.jpg\",\"datePublished\":\"2024-10-17T18:23:23+00:00\",\"dateModified\":\"2024-10-21T19:54:56+00:00\",\"breadcrumb\":{\"@id\":\"https:\\\/\\\/speaktotheworld.ch\\\/de\\\/produkt\\\/vorbereitung-auf-die-prufungen-b1-und-b2-copie\\\/#breadcrumb\"},\"inLanguage\":\"de\",\"potentialAction\":[{\"@type\":\"ReadAction\",\"target\":[\"https:\\\/\\\/speaktotheworld.ch\\\/de\\\/produkt\\\/vorbereitung-auf-die-prufungen-b1-und-b2-copie\\\/\"]}]},{\"@type\":\"ImageObject\",\"inLanguage\":\"de\",\"@id\":\"https:\\\/\\\/speaktotheworld.ch\\\/de\\\/produkt\\\/vorbereitung-auf-die-prufungen-b1-und-b2-copie\\\/#primaryimage\",\"url\":\"https:\\\/\\\/speaktotheworld.ch\\\/wp-content\\\/uploads\\\/2024\\\/10\\\/cours_duo-1.jpg\",\"contentUrl\":\"https:\\\/\\\/speaktotheworld.ch\\\/wp-content\\\/uploads\\\/2024\\\/10\\\/cours_duo-1.jpg\",\"width\":1102,\"height\":735},{\"@type\":\"BreadcrumbList\",\"@id\":\"https:\\\/\\\/speaktotheworld.ch\\\/de\\\/produkt\\\/vorbereitung-auf-die-prufungen-b1-und-b2-copie\\\/#breadcrumb\",\"itemListElement\":[{\"@type\":\"ListItem\",\"position\":1,\"name\":\"Accueil\",\"item\":\"https:\\\/\\\/speaktotheworld.ch\\\/de\\\/\"},{\"@type\":\"ListItem\",\"position\":2,\"name\":\"Shop\",\"item\":\"https:\\\/\\\/speaktotheworld.ch\\\/de\\\/shop-de\\\/\"},{\"@type\":\"ListItem\",\"position\":3,\"name\":\"DUO-Kurse\"}]},{\"@type\":\"WebSite\",\"@id\":\"https:\\\/\\\/speaktotheworld.ch\\\/de\\\/#website\",\"url\":\"https:\\\/\\\/speaktotheworld.ch\\\/de\\\/\",\"name\":\"Speak to the world\",\"description\":\"\",\"publisher\":{\"@id\":\"https:\\\/\\\/speaktotheworld.ch\\\/de\\\/#organization\"},\"alternateName\":\"Speak to the world\",\"potentialAction\":[{\"@type\":\"SearchAction\",\"target\":{\"@type\":\"EntryPoint\",\"urlTemplate\":\"https:\\\/\\\/speaktotheworld.ch\\\/de\\\/?s={search_term_string}\"},\"query-input\":{\"@type\":\"PropertyValueSpecification\",\"valueRequired\":true,\"valueName\":\"search_term_string\"}}],\"inLanguage\":\"de\"},{\"@type\":\"Organization\",\"@id\":\"https:\\\/\\\/speaktotheworld.ch\\\/de\\\/#organization\",\"name\":\"Speak to the world\",\"url\":\"https:\\\/\\\/speaktotheworld.ch\\\/de\\\/\",\"logo\":{\"@type\":\"ImageObject\",\"inLanguage\":\"de\",\"@id\":\"https:\\\/\\\/speaktotheworld.ch\\\/de\\\/#\\\/schema\\\/logo\\\/image\\\/\",\"url\":\"https:\\\/\\\/speaktotheworld.ch\\\/wp-content\\\/uploads\\\/2023\\\/09\\\/7219a61d-3523-4e36-b066-6413484aa469-removebg-preview.png\",\"contentUrl\":\"https:\\\/\\\/speaktotheworld.ch\\\/wp-content\\\/uploads\\\/2023\\\/09\\\/7219a61d-3523-4e36-b066-6413484aa469-removebg-preview.png\",\"width\":869,\"height\":287,\"caption\":\"Speak to the world\"},\"image\":{\"@id\":\"https:\\\/\\\/speaktotheworld.ch\\\/de\\\/#\\\/schema\\\/logo\\\/image\\\/\"},\"sameAs\":[\"https:\\\/\\\/www.instagram.com\\\/speaktotheworld.ch\\\/\"]}]}<\/script>\n<!-- \/ Yoast SEO plugin. -->","yoast_head_json":{"title":"DUO-Kurse - Speak to the world","robots":{"index":"index","follow":"follow","max-snippet":"max-snippet:-1","max-image-preview":"max-image-preview:large","max-video-preview":"max-video-preview:-1"},"canonical":"https:\/\/speaktotheworld.ch\/de\/produkt\/vorbereitung-auf-die-prufungen-b1-und-b2-copie\/","og_locale":"de_DE","og_type":"article","og_title":"DUO-Kurse - Speak to the world","og_description":"Zeitraum: 1 Stunde  In Pr\u00e4senzveranstaltungen  Im Duett  Eigene Themen  Franz\u00f6sisch, Englisch, Deutsch, Spanisch, Portugiesisch (Brasilien)    Professionell   Nicole Durand Smaini Gr\u00fcnderin von Speak to the World","og_url":"https:\/\/speaktotheworld.ch\/de\/produkt\/vorbereitung-auf-die-prufungen-b1-und-b2-copie\/","og_site_name":"Speak to the world","article_modified_time":"2024-10-21T19:54:56+00:00","og_image":[{"width":1102,"height":735,"url":"https:\/\/speaktotheworld.ch\/wp-content\/uploads\/2024\/10\/cours_duo-1.jpg","type":"image\/jpeg"}],"twitter_card":"summary_large_image","twitter_misc":{"Gesch\u00e4tzte Lesezeit":"1\u00a0Minute"},"schema":{"@context":"https:\/\/schema.org","@graph":[{"@type":"WebPage","@id":"https:\/\/speaktotheworld.ch\/de\/produkt\/vorbereitung-auf-die-prufungen-b1-und-b2-copie\/","url":"https:\/\/speaktotheworld.ch\/de\/produkt\/vorbereitung-auf-die-prufungen-b1-und-b2-copie\/","name":"DUO-Kurse - Speak to the world","isPartOf":{"@id":"https:\/\/speaktotheworld.ch\/de\/#website"},"primaryImageOfPage":{"@id":"https:\/\/speaktotheworld.ch\/de\/produkt\/vorbereitung-auf-die-prufungen-b1-und-b2-copie\/#primaryimage"},"image":{"@id":"https:\/\/speaktotheworld.ch\/de\/produkt\/vorbereitung-auf-die-prufungen-b1-und-b2-copie\/#primaryimage"},"thumbnailUrl":"https:\/\/speaktotheworld.ch\/wp-content\/uploads\/2024\/10\/cours_duo-1.jpg","datePublished":"2024-10-17T18:23:23+00:00","dateModified":"2024-10-21T19:54:56+00:00","breadcrumb":{"@id":"https:\/\/speaktotheworld.ch\/de\/produkt\/vorbereitung-auf-die-prufungen-b1-und-b2-copie\/#breadcrumb"},"inLanguage":"de","potentialAction":[{"@type":"ReadAction","target":["https:\/\/speaktotheworld.ch\/de\/produkt\/vorbereitung-auf-die-prufungen-b1-und-b2-copie\/"]}]},{"@type":"ImageObject","inLanguage":"de","@id":"https:\/\/speaktotheworld.ch\/de\/produkt\/vorbereitung-auf-die-prufungen-b1-und-b2-copie\/#primaryimage","url":"https:\/\/speaktotheworld.ch\/wp-content\/uploads\/2024\/10\/cours_duo-1.jpg","contentUrl":"https:\/\/speaktotheworld.ch\/wp-content\/uploads\/2024\/10\/cours_duo-1.jpg","width":1102,"height":735},{"@type":"BreadcrumbList","@id":"https:\/\/speaktotheworld.ch\/de\/produkt\/vorbereitung-auf-die-prufungen-b1-und-b2-copie\/#breadcrumb","itemListElement":[{"@type":"ListItem","position":1,"name":"Accueil","item":"https:\/\/speaktotheworld.ch\/de\/"},{"@type":"ListItem","position":2,"name":"Shop","item":"https:\/\/speaktotheworld.ch\/de\/shop-de\/"},{"@type":"ListItem","position":3,"name":"DUO-Kurse"}]},{"@type":"WebSite","@id":"https:\/\/speaktotheworld.ch\/de\/#website","url":"https:\/\/speaktotheworld.ch\/de\/","name":"Speak to the world","description":"","publisher":{"@id":"https:\/\/speaktotheworld.ch\/de\/#organization"},"alternateName":"Speak to the world","potentialAction":[{"@type":"SearchAction","target":{"@type":"EntryPoint","urlTemplate":"https:\/\/speaktotheworld.ch\/de\/?s={search_term_string}"},"query-input":{"@type":"PropertyValueSpecification","valueRequired":true,"valueName":"search_term_string"}}],"inLanguage":"de"},{"@type":"Organization","@id":"https:\/\/speaktotheworld.ch\/de\/#organization","name":"Speak to the world","url":"https:\/\/speaktotheworld.ch\/de\/","logo":{"@type":"ImageObject","inLanguage":"de","@id":"https:\/\/speaktotheworld.ch\/de\/#\/schema\/logo\/image\/","url":"https:\/\/speaktotheworld.ch\/wp-content\/uploads\/2023\/09\/7219a61d-3523-4e36-b066-6413484aa469-removebg-preview.png","contentUrl":"https:\/\/speaktotheworld.ch\/wp-content\/uploads\/2023\/09\/7219a61d-3523-4e36-b066-6413484aa469-removebg-preview.png","width":869,"height":287,"caption":"Speak to the world"},"image":{"@id":"https:\/\/speaktotheworld.ch\/de\/#\/schema\/logo\/image\/"},"sameAs":["https:\/\/www.instagram.com\/speaktotheworld.ch\/"]}]}},"_links":{"self":[{"href":"https:\/\/speaktotheworld.ch\/de\/wp-json\/wp\/v2\/product\/5742","targetHints":{"allow":["GET"]}}],"collection":[{"href":"https:\/\/speaktotheworld.ch\/de\/wp-json\/wp\/v2\/product"}],"about":[{"href":"https:\/\/speaktotheworld.ch\/de\/wp-json\/wp\/v2\/types\/product"}],"replies":[{"embeddable":true,"href":"https:\/\/speaktotheworld.ch\/de\/wp-json\/wp\/v2\/comments?post=5742"}],"version-history":[{"count":4,"href":"https:\/\/speaktotheworld.ch\/de\/wp-json\/wp\/v2\/product\/5742\/revisions"}],"predecessor-version":[{"id":5810,"href":"https:\/\/speaktotheworld.ch\/de\/wp-json\/wp\/v2\/product\/5742\/revisions\/5810"}],"wp:featuredmedia":[{"embeddable":true,"href":"https:\/\/speaktotheworld.ch\/de\/wp-json\/wp\/v2\/media\/5753"}],"wp:attachment":[{"href":"https:\/\/speaktotheworld.ch\/de\/wp-json\/wp\/v2\/media?parent=5742"}],"wp:term":[{"taxonomy":"brand","embeddable":true,"href":"https:\/\/speaktotheworld.ch\/de\/wp-json\/wp\/v2\/etheme_brands?post=5742"},{"taxonomy":"product_brand","embeddable":true,"href":"https:\/\/speaktotheworld.ch\/de\/wp-json\/wp\/v2\/product_brand?post=5742"},{"taxonomy":"product_cat","embeddable":true,"href":"https:\/\/speaktotheworld.ch\/de\/wp-json\/wp\/v2\/product_cat?post=5742"},{"taxonomy":"product_tag","embeddable":true,"href":"https:\/\/speaktotheworld.ch\/de\/wp-json\/wp\/v2\/product_tag?post=5742"}],"curies":[{"name":"wp","href":"https:\/\/api.w.org\/{rel}","templated":true}]}}