{"id":5702,"date":"2024-10-16T20:28:54","date_gmt":"2024-10-16T18:28:54","guid":{"rendered":"https:\/\/speaktotheworld.ch\/?post_type=product&#038;p=5702"},"modified":"2024-10-21T21:47:17","modified_gmt":"2024-10-21T19:47:17","slug":"mandate-in-unternehmen-copie","status":"publish","type":"product","link":"https:\/\/speaktotheworld.ch\/de\/produkt\/mandate-in-unternehmen-copie\/","title":{"rendered":"Sprachworkshops f\u00fcr Senioren"},"content":{"rendered":"<h1><strong>Was sind die Ziele dieses Workshops?<\/strong><\/h1>\n<p><span style=\"font-weight: 400;\">Eine einzigartige Gelegenheit f\u00fcr<\/span> <span style=\"font-weight: 400;\">\u00e4ltere Menschen, die neue Sprachen lernen oder ihre wenig oder nicht mehr praktizierten Sprachkenntnisse auffrischen m\u00f6chten, aber auch bereit sind, verschiedene Kulturen zu entdecken und dabei Spa\u00df zu haben. Die Mischung aus spielerischen Aktivit\u00e4ten, Liedern, virtuellen Reisen und der Kreation von lokalen Gerichten schafft eine bereichernde und stimulierende Erfahrung f\u00fcr alle. Diese innovative Methode stimuliert das Ged\u00e4chtnis und die kognitiven F\u00e4higkeiten der Teilnehmer und f\u00f6rdert die soziale Interaktion und die Freude an der Entdeckung. <\/span><\/p>\n<h1><strong>An wen richtet sich dieser Workshop?<\/strong><\/h1>\n<p><span style=\"font-weight: 400;\">Dieser Workshop richtet sich an Bewohner von betreuten Wohnungen oder Heimen. <\/span><\/p>\n<h1><strong>In welcher Form wird der Workshop angeboten?<\/strong><\/h1>\n<p><span style=\"font-weight: 400;\">Dieser Workshop wird in kleinen Gruppen (maximal 6 Personen) und nur in Anwesenheit angeboten. Wir kommen zu den Bewohnern. <\/span><\/p>\n","protected":false},"excerpt":{"rendered":"<table class=\"course-info\">\n<tbody>\n<tr>\n<td>\n<ul>\n<li>Preis pro Person<\/li>\n<li style=\"text-align: left;\">Zeitraum: 1 Stunde<\/li>\n<li style=\"text-align: left;\">Gruppe bis zu 6 Personen<\/li>\n<li style=\"text-align: left;\">In Pr\u00e4senzveranstaltungen<\/li>\n<li style=\"text-align: left;\">Eigene Themen<\/li>\n<li style=\"text-align: left;\">Franz\u00f6sisch, Englisch, Spanisch, Portugiesisch (Brasilien)<\/li>\n<\/ul>\n<\/td>\n<\/tr>\n<tr>\n<td>\n<div class=\"prof-info\">\n<div class=\"prof-title\">Professionell<\/div>\n<div class=\"prof-details\">\n<p><img decoding=\"async\" class=\"prof-photo\" src=\"https:\/\/speaktotheworld.ch\/wp-content\/uploads\/2024\/06\/Image_pp-e1716752391110.jpeg\" alt=\"Professioneller Kurs\" \/><\/p>\n<div>\n<div class=\"prof-name\">Nicole Durand Smaini<\/div>\n<div class=\"prof-role\">Gr\u00fcnderin von Speak to the World<\/div>\n<\/div>\n<\/div>\n<\/div>\n<\/td>\n<\/tr>\n<\/tbody>\n<\/table>\n","protected":false},"featured_media":5813,"comment_status":"open","ping_status":"closed","template":"","meta":[],"etheme_brands":[],"product_brand":[],"product_cat":[166,162,156,178,170],"product_tag":[],"class_list":{"0":"post-5702","1":"product","2":"type-product","3":"status-publish","4":"has-post-thumbnail","6":"product_cat-englisch","7":"product_cat-german-de","8":"product_cat-nouveautes-de","9":"product_cat-portugiesisch-brasilien","10":"product_cat-spanisch","12":"first","13":"instock","14":"shipping-taxable","15":"purchasable","16":"product-type-simple"},"yoast_head":"<!-- This site is optimized with the Yoast SEO plugin v27.3 - https:\/\/yoast.com\/product\/yoast-seo-wordpress\/ -->\n<title>Sprachworkshops f\u00fcr Senioren - Speak to the world<\/title>\n<meta name=\"robots\" content=\"index, follow, max-snippet:-1, max-image-preview:large, max-video-preview:-1\" \/>\n<link rel=\"canonical\" href=\"https:\/\/speaktotheworld.ch\/de\/produkt\/mandate-in-unternehmen-copie\/\" \/>\n<meta property=\"og:locale\" content=\"de_DE\" \/>\n<meta property=\"og:type\" content=\"article\" \/>\n<meta property=\"og:title\" content=\"Sprachworkshops f\u00fcr Senioren - Speak to the world\" \/>\n<meta property=\"og:description\" content=\"Preis pro Person  Zeitraum: 1 Stunde  Gruppe bis zu 6 Personen  In Pr\u00e4senzveranstaltungen  Eigene Themen  Franz\u00f6sisch, Englisch, Spanisch, Portugiesisch (Brasilien)       Professionell     Nicole Durand Smaini Gr\u00fcnderin von Speak to the World\" \/>\n<meta property=\"og:url\" content=\"https:\/\/speaktotheworld.ch\/de\/produkt\/mandate-in-unternehmen-copie\/\" \/>\n<meta property=\"og:site_name\" content=\"Speak to the world\" \/>\n<meta property=\"article:modified_time\" content=\"2024-10-21T19:47:17+00:00\" \/>\n<meta property=\"og:image\" content=\"https:\/\/speaktotheworld.ch\/wp-content\/uploads\/2024\/10\/atelier_senior.jpg\" \/>\n\t<meta property=\"og:image:width\" content=\"1102\" \/>\n\t<meta property=\"og:image:height\" content=\"735\" \/>\n\t<meta property=\"og:image:type\" content=\"image\/jpeg\" \/>\n<meta name=\"twitter:card\" content=\"summary_large_image\" \/>\n<meta name=\"twitter:label1\" content=\"Gesch\u00e4tzte Lesezeit\" \/>\n\t<meta name=\"twitter:data1\" content=\"1\u00a0Minute\" \/>\n<script type=\"application\/ld+json\" class=\"yoast-schema-graph\">{\"@context\":\"https:\\\/\\\/schema.org\",\"@graph\":[{\"@type\":\"WebPage\",\"@id\":\"https:\\\/\\\/speaktotheworld.ch\\\/de\\\/produkt\\\/mandate-in-unternehmen-copie\\\/\",\"url\":\"https:\\\/\\\/speaktotheworld.ch\\\/de\\\/produkt\\\/mandate-in-unternehmen-copie\\\/\",\"name\":\"Sprachworkshops f\u00fcr Senioren - Speak to the world\",\"isPartOf\":{\"@id\":\"https:\\\/\\\/speaktotheworld.ch\\\/de\\\/#website\"},\"primaryImageOfPage\":{\"@id\":\"https:\\\/\\\/speaktotheworld.ch\\\/de\\\/produkt\\\/mandate-in-unternehmen-copie\\\/#primaryimage\"},\"image\":{\"@id\":\"https:\\\/\\\/speaktotheworld.ch\\\/de\\\/produkt\\\/mandate-in-unternehmen-copie\\\/#primaryimage\"},\"thumbnailUrl\":\"https:\\\/\\\/speaktotheworld.ch\\\/wp-content\\\/uploads\\\/2024\\\/10\\\/seniors-1.jpg\",\"datePublished\":\"2024-10-16T18:28:54+00:00\",\"dateModified\":\"2024-10-21T19:47:17+00:00\",\"breadcrumb\":{\"@id\":\"https:\\\/\\\/speaktotheworld.ch\\\/de\\\/produkt\\\/mandate-in-unternehmen-copie\\\/#breadcrumb\"},\"inLanguage\":\"de\",\"potentialAction\":[{\"@type\":\"ReadAction\",\"target\":[\"https:\\\/\\\/speaktotheworld.ch\\\/de\\\/produkt\\\/mandate-in-unternehmen-copie\\\/\"]}]},{\"@type\":\"ImageObject\",\"inLanguage\":\"de\",\"@id\":\"https:\\\/\\\/speaktotheworld.ch\\\/de\\\/produkt\\\/mandate-in-unternehmen-copie\\\/#primaryimage\",\"url\":\"https:\\\/\\\/speaktotheworld.ch\\\/wp-content\\\/uploads\\\/2024\\\/10\\\/seniors-1.jpg\",\"contentUrl\":\"https:\\\/\\\/speaktotheworld.ch\\\/wp-content\\\/uploads\\\/2024\\\/10\\\/seniors-1.jpg\",\"width\":1102,\"height\":735},{\"@type\":\"BreadcrumbList\",\"@id\":\"https:\\\/\\\/speaktotheworld.ch\\\/de\\\/produkt\\\/mandate-in-unternehmen-copie\\\/#breadcrumb\",\"itemListElement\":[{\"@type\":\"ListItem\",\"position\":1,\"name\":\"Accueil\",\"item\":\"https:\\\/\\\/speaktotheworld.ch\\\/de\\\/\"},{\"@type\":\"ListItem\",\"position\":2,\"name\":\"Shop\",\"item\":\"https:\\\/\\\/speaktotheworld.ch\\\/de\\\/shop-de\\\/\"},{\"@type\":\"ListItem\",\"position\":3,\"name\":\"Sprachworkshops f\u00fcr Senioren\"}]},{\"@type\":\"WebSite\",\"@id\":\"https:\\\/\\\/speaktotheworld.ch\\\/de\\\/#website\",\"url\":\"https:\\\/\\\/speaktotheworld.ch\\\/de\\\/\",\"name\":\"Speak to the world\",\"description\":\"\",\"publisher\":{\"@id\":\"https:\\\/\\\/speaktotheworld.ch\\\/de\\\/#organization\"},\"alternateName\":\"Speak to the world\",\"potentialAction\":[{\"@type\":\"SearchAction\",\"target\":{\"@type\":\"EntryPoint\",\"urlTemplate\":\"https:\\\/\\\/speaktotheworld.ch\\\/de\\\/?s={search_term_string}\"},\"query-input\":{\"@type\":\"PropertyValueSpecification\",\"valueRequired\":true,\"valueName\":\"search_term_string\"}}],\"inLanguage\":\"de\"},{\"@type\":\"Organization\",\"@id\":\"https:\\\/\\\/speaktotheworld.ch\\\/de\\\/#organization\",\"name\":\"Speak to the world\",\"url\":\"https:\\\/\\\/speaktotheworld.ch\\\/de\\\/\",\"logo\":{\"@type\":\"ImageObject\",\"inLanguage\":\"de\",\"@id\":\"https:\\\/\\\/speaktotheworld.ch\\\/de\\\/#\\\/schema\\\/logo\\\/image\\\/\",\"url\":\"https:\\\/\\\/speaktotheworld.ch\\\/wp-content\\\/uploads\\\/2023\\\/09\\\/7219a61d-3523-4e36-b066-6413484aa469-removebg-preview.png\",\"contentUrl\":\"https:\\\/\\\/speaktotheworld.ch\\\/wp-content\\\/uploads\\\/2023\\\/09\\\/7219a61d-3523-4e36-b066-6413484aa469-removebg-preview.png\",\"width\":869,\"height\":287,\"caption\":\"Speak to the world\"},\"image\":{\"@id\":\"https:\\\/\\\/speaktotheworld.ch\\\/de\\\/#\\\/schema\\\/logo\\\/image\\\/\"},\"sameAs\":[\"https:\\\/\\\/www.instagram.com\\\/speaktotheworld.ch\\\/\"]}]}<\/script>\n<!-- \/ Yoast SEO plugin. -->","yoast_head_json":{"title":"Sprachworkshops f\u00fcr Senioren - Speak to the world","robots":{"index":"index","follow":"follow","max-snippet":"max-snippet:-1","max-image-preview":"max-image-preview:large","max-video-preview":"max-video-preview:-1"},"canonical":"https:\/\/speaktotheworld.ch\/de\/produkt\/mandate-in-unternehmen-copie\/","og_locale":"de_DE","og_type":"article","og_title":"Sprachworkshops f\u00fcr Senioren - Speak to the world","og_description":"Preis pro Person  Zeitraum: 1 Stunde  Gruppe bis zu 6 Personen  In Pr\u00e4senzveranstaltungen  Eigene Themen  Franz\u00f6sisch, Englisch, Spanisch, Portugiesisch (Brasilien)       Professionell     Nicole Durand Smaini Gr\u00fcnderin von Speak to the World","og_url":"https:\/\/speaktotheworld.ch\/de\/produkt\/mandate-in-unternehmen-copie\/","og_site_name":"Speak to the world","article_modified_time":"2024-10-21T19:47:17+00:00","og_image":[{"width":1102,"height":735,"url":"https:\/\/speaktotheworld.ch\/wp-content\/uploads\/2024\/10\/atelier_senior.jpg","type":"image\/jpeg"}],"twitter_card":"summary_large_image","twitter_misc":{"Gesch\u00e4tzte Lesezeit":"1\u00a0Minute"},"schema":{"@context":"https:\/\/schema.org","@graph":[{"@type":"WebPage","@id":"https:\/\/speaktotheworld.ch\/de\/produkt\/mandate-in-unternehmen-copie\/","url":"https:\/\/speaktotheworld.ch\/de\/produkt\/mandate-in-unternehmen-copie\/","name":"Sprachworkshops f\u00fcr Senioren - Speak to the world","isPartOf":{"@id":"https:\/\/speaktotheworld.ch\/de\/#website"},"primaryImageOfPage":{"@id":"https:\/\/speaktotheworld.ch\/de\/produkt\/mandate-in-unternehmen-copie\/#primaryimage"},"image":{"@id":"https:\/\/speaktotheworld.ch\/de\/produkt\/mandate-in-unternehmen-copie\/#primaryimage"},"thumbnailUrl":"https:\/\/speaktotheworld.ch\/wp-content\/uploads\/2024\/10\/seniors-1.jpg","datePublished":"2024-10-16T18:28:54+00:00","dateModified":"2024-10-21T19:47:17+00:00","breadcrumb":{"@id":"https:\/\/speaktotheworld.ch\/de\/produkt\/mandate-in-unternehmen-copie\/#breadcrumb"},"inLanguage":"de","potentialAction":[{"@type":"ReadAction","target":["https:\/\/speaktotheworld.ch\/de\/produkt\/mandate-in-unternehmen-copie\/"]}]},{"@type":"ImageObject","inLanguage":"de","@id":"https:\/\/speaktotheworld.ch\/de\/produkt\/mandate-in-unternehmen-copie\/#primaryimage","url":"https:\/\/speaktotheworld.ch\/wp-content\/uploads\/2024\/10\/seniors-1.jpg","contentUrl":"https:\/\/speaktotheworld.ch\/wp-content\/uploads\/2024\/10\/seniors-1.jpg","width":1102,"height":735},{"@type":"BreadcrumbList","@id":"https:\/\/speaktotheworld.ch\/de\/produkt\/mandate-in-unternehmen-copie\/#breadcrumb","itemListElement":[{"@type":"ListItem","position":1,"name":"Accueil","item":"https:\/\/speaktotheworld.ch\/de\/"},{"@type":"ListItem","position":2,"name":"Shop","item":"https:\/\/speaktotheworld.ch\/de\/shop-de\/"},{"@type":"ListItem","position":3,"name":"Sprachworkshops f\u00fcr Senioren"}]},{"@type":"WebSite","@id":"https:\/\/speaktotheworld.ch\/de\/#website","url":"https:\/\/speaktotheworld.ch\/de\/","name":"Speak to the world","description":"","publisher":{"@id":"https:\/\/speaktotheworld.ch\/de\/#organization"},"alternateName":"Speak to the world","potentialAction":[{"@type":"SearchAction","target":{"@type":"EntryPoint","urlTemplate":"https:\/\/speaktotheworld.ch\/de\/?s={search_term_string}"},"query-input":{"@type":"PropertyValueSpecification","valueRequired":true,"valueName":"search_term_string"}}],"inLanguage":"de"},{"@type":"Organization","@id":"https:\/\/speaktotheworld.ch\/de\/#organization","name":"Speak to the world","url":"https:\/\/speaktotheworld.ch\/de\/","logo":{"@type":"ImageObject","inLanguage":"de","@id":"https:\/\/speaktotheworld.ch\/de\/#\/schema\/logo\/image\/","url":"https:\/\/speaktotheworld.ch\/wp-content\/uploads\/2023\/09\/7219a61d-3523-4e36-b066-6413484aa469-removebg-preview.png","contentUrl":"https:\/\/speaktotheworld.ch\/wp-content\/uploads\/2023\/09\/7219a61d-3523-4e36-b066-6413484aa469-removebg-preview.png","width":869,"height":287,"caption":"Speak to the world"},"image":{"@id":"https:\/\/speaktotheworld.ch\/de\/#\/schema\/logo\/image\/"},"sameAs":["https:\/\/www.instagram.com\/speaktotheworld.ch\/"]}]}},"_links":{"self":[{"href":"https:\/\/speaktotheworld.ch\/de\/wp-json\/wp\/v2\/product\/5702","targetHints":{"allow":["GET"]}}],"collection":[{"href":"https:\/\/speaktotheworld.ch\/de\/wp-json\/wp\/v2\/product"}],"about":[{"href":"https:\/\/speaktotheworld.ch\/de\/wp-json\/wp\/v2\/types\/product"}],"replies":[{"embeddable":true,"href":"https:\/\/speaktotheworld.ch\/de\/wp-json\/wp\/v2\/comments?post=5702"}],"version-history":[{"count":5,"href":"https:\/\/speaktotheworld.ch\/de\/wp-json\/wp\/v2\/product\/5702\/revisions"}],"predecessor-version":[{"id":5802,"href":"https:\/\/speaktotheworld.ch\/de\/wp-json\/wp\/v2\/product\/5702\/revisions\/5802"}],"wp:featuredmedia":[{"embeddable":true,"href":"https:\/\/speaktotheworld.ch\/de\/wp-json\/wp\/v2\/media\/5813"}],"wp:attachment":[{"href":"https:\/\/speaktotheworld.ch\/de\/wp-json\/wp\/v2\/media?parent=5702"}],"wp:term":[{"taxonomy":"brand","embeddable":true,"href":"https:\/\/speaktotheworld.ch\/de\/wp-json\/wp\/v2\/etheme_brands?post=5702"},{"taxonomy":"product_brand","embeddable":true,"href":"https:\/\/speaktotheworld.ch\/de\/wp-json\/wp\/v2\/product_brand?post=5702"},{"taxonomy":"product_cat","embeddable":true,"href":"https:\/\/speaktotheworld.ch\/de\/wp-json\/wp\/v2\/product_cat?post=5702"},{"taxonomy":"product_tag","embeddable":true,"href":"https:\/\/speaktotheworld.ch\/de\/wp-json\/wp\/v2\/product_tag?post=5702"}],"curies":[{"name":"wp","href":"https:\/\/api.w.org\/{rel}","templated":true}]}}