{"id":5387,"date":"2024-06-07T19:37:20","date_gmt":"2024-06-07T17:37:20","guid":{"rendered":"https:\/\/speaktotheworld.ch\/product\/express-spanischkurs\/"},"modified":"2024-10-17T20:53:41","modified_gmt":"2024-10-17T18:53:41","slug":"express-spanischkurs","status":"publish","type":"product","link":"https:\/\/speaktotheworld.ch\/de\/produkt\/express-spanischkurs\/","title":{"rendered":"Express-Spanischkurs"},"content":{"rendered":"<h1>Was sind die Ziele dieses Kurses?<\/h1>\n<p><span style=\"font-weight: 400;\">Egal, ob Sie ins Ausland reisen oder einfach nur Ihre Reiseerfahrung bereichern m\u00f6chten, unsere Express-Sprachkurse sind so konzipiert, dass Sie die Sprachkenntnisse erwerben, die Sie brauchen, um voll und ganz in die lokale Kultur einzutauchen (Beherrschung der wichtigsten Redewendungen auf Reisen, Verbesserung von Verst\u00e4ndnis und Aussprache und Gewinnung von Selbstvertrauen f\u00fcr die Interaktion mit Einheimischen). Con cursos intensivos impartidos por profesores cualificados y apasionados, progresar\u00e1s r\u00e1pida y eficazmente.<\/span><\/p>\n<h1>\u00c0 qui s&#8217;adresse ce cours ?<\/h1>\n<p><span style=\"font-weight: 400;\">Unsere flexiblen Programme sind f\u00fcr alle Niveaustufen geeignet, egal ob Sie ein absoluter Anf\u00e4nger sind oder einfach nur Ihre F\u00e4higkeiten verbessern m\u00f6chten. <\/span><\/p>\n<h1>In welcher Form wird dieser Kurs angeboten?<\/h1>\n<p><span style=\"font-weight: 400;\">Der Unterricht wird als Einzelunterricht (1:1) entweder online oder als Pr\u00e4senzunterricht angeboten, je nachdem, was Sie w\u00e4hlen und wie bequem Sie es haben. Wir kommen auch zu Ihnen nach Hause oder an den Arbeitsplatz. <\/span><\/p>\n<h1>N\u00fctzliches Dokument<\/h1>\n<p><a href=\"https:\/\/speaktotheworld.ch\/wp-content\/uploads\/2024\/06\/Fiche-technique_cours-express.pdf\" target=\"_blank\" rel=\"noopener\">Datenblatt.pdf<\/a><\/p>\n<p>&nbsp;<\/p>\n","protected":false},"excerpt":{"rendered":"<table class=\"course-info\">\n<tbody>\n<tr>\n<td>\n<ul>\n<li>Preis f\u00fcr einen Zeitraum von 1,5 Stunden<\/li>\n<li>2 Unterrichtsstunden pro Woche<\/li>\n<li>Dauer: 4 Wochen<\/li>\n<li style=\"text-align: left;\">1:1<\/li>\n<li style=\"text-align: left;\">Online<\/li>\n<li style=\"text-align: left;\">Themen rund um die Reise<\/li>\n<\/ul>\n<\/td>\n<\/tr>\n<tr>\n<td>\n<div class=\"prof-info\">\n<div class=\"prof-title\">Professionell<\/div>\n<div class=\"prof-details\">\n<p><img decoding=\"async\" class=\"prof-photo\" src=\"https:\/\/speaktotheworld.ch\/wp-content\/uploads\/2024\/06\/Image_pp-e1716752391110.jpeg\" alt=\"Professioneller Kurs\" \/><\/p>\n<div>\n<div class=\"prof-name\">Nicole Durand Smaini<\/div>\n<div class=\"prof-role\">Gr\u00fcnderin von Speak to the World<\/div>\n<\/div>\n<\/div>\n<\/div>\n<\/td>\n<\/tr>\n<\/tbody>\n<\/table>\n","protected":false},"featured_media":5512,"comment_status":"open","ping_status":"closed","template":"","meta":[],"etheme_brands":[],"product_brand":[],"product_cat":[156,170],"product_tag":[],"class_list":{"0":"post-5387","1":"product","2":"type-product","3":"status-publish","4":"has-post-thumbnail","6":"product_cat-nouveautes-de","7":"product_cat-spanisch","9":"first","10":"instock","11":"shipping-taxable","12":"purchasable","13":"product-type-simple"},"yoast_head":"<!-- This site is optimized with the Yoast SEO plugin v27.2 - https:\/\/yoast.com\/product\/yoast-seo-wordpress\/ -->\n<title>Express-Spanischkurs - Speak to the world<\/title>\n<meta name=\"robots\" content=\"index, follow, max-snippet:-1, max-image-preview:large, max-video-preview:-1\" \/>\n<link rel=\"canonical\" href=\"https:\/\/speaktotheworld.ch\/de\/produkt\/express-spanischkurs\/\" \/>\n<meta property=\"og:locale\" content=\"de_DE\" \/>\n<meta property=\"og:type\" content=\"article\" \/>\n<meta property=\"og:title\" content=\"Express-Spanischkurs - Speak to the world\" \/>\n<meta property=\"og:description\" content=\"Preis f\u00fcr einen Zeitraum von 1,5 Stunden  2 Unterrichtsstunden pro Woche  Dauer: 4 Wochen  1:1  Online  Themen rund um die Reise       Professionell     Nicole Durand Smaini Gr\u00fcnderin von Speak to the World\" \/>\n<meta property=\"og:url\" content=\"https:\/\/speaktotheworld.ch\/de\/produkt\/express-spanischkurs\/\" \/>\n<meta property=\"og:site_name\" content=\"Speak to the world\" \/>\n<meta property=\"article:modified_time\" content=\"2024-10-17T18:53:41+00:00\" \/>\n<meta property=\"og:image\" content=\"https:\/\/speaktotheworld.ch\/wp-content\/uploads\/2024\/06\/cours-express-es.png\" \/>\n\t<meta property=\"og:image:width\" content=\"1224\" \/>\n\t<meta property=\"og:image:height\" content=\"816\" \/>\n\t<meta property=\"og:image:type\" content=\"image\/png\" \/>\n<meta name=\"twitter:card\" content=\"summary_large_image\" \/>\n<meta name=\"twitter:label1\" content=\"Gesch\u00e4tzte Lesezeit\" \/>\n\t<meta name=\"twitter:data1\" content=\"1\u00a0Minute\" \/>\n<script type=\"application\/ld+json\" class=\"yoast-schema-graph\">{\"@context\":\"https:\/\/schema.org\",\"@graph\":[{\"@type\":\"WebPage\",\"@id\":\"https:\/\/speaktotheworld.ch\/de\/produkt\/express-spanischkurs\/\",\"url\":\"https:\/\/speaktotheworld.ch\/de\/produkt\/express-spanischkurs\/\",\"name\":\"Express-Spanischkurs - Speak to the world\",\"isPartOf\":{\"@id\":\"https:\/\/speaktotheworld.ch\/de\/#website\"},\"primaryImageOfPage\":{\"@id\":\"https:\/\/speaktotheworld.ch\/de\/produkt\/express-spanischkurs\/#primaryimage\"},\"image\":{\"@id\":\"https:\/\/speaktotheworld.ch\/de\/produkt\/express-spanischkurs\/#primaryimage\"},\"thumbnailUrl\":\"https:\/\/speaktotheworld.ch\/wp-content\/uploads\/2024\/06\/cours-express-es.png\",\"datePublished\":\"2024-06-07T17:37:20+00:00\",\"dateModified\":\"2024-10-17T18:53:41+00:00\",\"breadcrumb\":{\"@id\":\"https:\/\/speaktotheworld.ch\/de\/produkt\/express-spanischkurs\/#breadcrumb\"},\"inLanguage\":\"de\",\"potentialAction\":[{\"@type\":\"ReadAction\",\"target\":[\"https:\/\/speaktotheworld.ch\/de\/produkt\/express-spanischkurs\/\"]}]},{\"@type\":\"ImageObject\",\"inLanguage\":\"de\",\"@id\":\"https:\/\/speaktotheworld.ch\/de\/produkt\/express-spanischkurs\/#primaryimage\",\"url\":\"https:\/\/speaktotheworld.ch\/wp-content\/uploads\/2024\/06\/cours-express-es.png\",\"contentUrl\":\"https:\/\/speaktotheworld.ch\/wp-content\/uploads\/2024\/06\/cours-express-es.png\",\"width\":1224,\"height\":816},{\"@type\":\"BreadcrumbList\",\"@id\":\"https:\/\/speaktotheworld.ch\/de\/produkt\/express-spanischkurs\/#breadcrumb\",\"itemListElement\":[{\"@type\":\"ListItem\",\"position\":1,\"name\":\"Accueil\",\"item\":\"https:\/\/speaktotheworld.ch\/de\/\"},{\"@type\":\"ListItem\",\"position\":2,\"name\":\"Shop\",\"item\":\"https:\/\/speaktotheworld.ch\/de\/shop-de\/\"},{\"@type\":\"ListItem\",\"position\":3,\"name\":\"Express-Spanischkurs\"}]},{\"@type\":\"WebSite\",\"@id\":\"https:\/\/speaktotheworld.ch\/de\/#website\",\"url\":\"https:\/\/speaktotheworld.ch\/de\/\",\"name\":\"Speak to the world\",\"description\":\"\",\"publisher\":{\"@id\":\"https:\/\/speaktotheworld.ch\/de\/#organization\"},\"alternateName\":\"Speak to the world\",\"potentialAction\":[{\"@type\":\"SearchAction\",\"target\":{\"@type\":\"EntryPoint\",\"urlTemplate\":\"https:\/\/speaktotheworld.ch\/de\/?s={search_term_string}\"},\"query-input\":{\"@type\":\"PropertyValueSpecification\",\"valueRequired\":true,\"valueName\":\"search_term_string\"}}],\"inLanguage\":\"de\"},{\"@type\":\"Organization\",\"@id\":\"https:\/\/speaktotheworld.ch\/de\/#organization\",\"name\":\"Speak to the world\",\"url\":\"https:\/\/speaktotheworld.ch\/de\/\",\"logo\":{\"@type\":\"ImageObject\",\"inLanguage\":\"de\",\"@id\":\"https:\/\/speaktotheworld.ch\/de\/#\/schema\/logo\/image\/\",\"url\":\"https:\/\/speaktotheworld.ch\/wp-content\/uploads\/2023\/09\/7219a61d-3523-4e36-b066-6413484aa469-removebg-preview.png\",\"contentUrl\":\"https:\/\/speaktotheworld.ch\/wp-content\/uploads\/2023\/09\/7219a61d-3523-4e36-b066-6413484aa469-removebg-preview.png\",\"width\":869,\"height\":287,\"caption\":\"Speak to the world\"},\"image\":{\"@id\":\"https:\/\/speaktotheworld.ch\/de\/#\/schema\/logo\/image\/\"},\"sameAs\":[\"https:\/\/www.instagram.com\/speaktotheworld.ch\/\"]}]}<\/script>\n<!-- \/ Yoast SEO plugin. -->","yoast_head_json":{"title":"Express-Spanischkurs - Speak to the world","robots":{"index":"index","follow":"follow","max-snippet":"max-snippet:-1","max-image-preview":"max-image-preview:large","max-video-preview":"max-video-preview:-1"},"canonical":"https:\/\/speaktotheworld.ch\/de\/produkt\/express-spanischkurs\/","og_locale":"de_DE","og_type":"article","og_title":"Express-Spanischkurs - Speak to the world","og_description":"Preis f\u00fcr einen Zeitraum von 1,5 Stunden  2 Unterrichtsstunden pro Woche  Dauer: 4 Wochen  1:1  Online  Themen rund um die Reise       Professionell     Nicole Durand Smaini Gr\u00fcnderin von Speak to the World","og_url":"https:\/\/speaktotheworld.ch\/de\/produkt\/express-spanischkurs\/","og_site_name":"Speak to the world","article_modified_time":"2024-10-17T18:53:41+00:00","og_image":[{"width":1224,"height":816,"url":"https:\/\/speaktotheworld.ch\/wp-content\/uploads\/2024\/06\/cours-express-es.png","type":"image\/png"}],"twitter_card":"summary_large_image","twitter_misc":{"Gesch\u00e4tzte Lesezeit":"1\u00a0Minute"},"schema":{"@context":"https:\/\/schema.org","@graph":[{"@type":"WebPage","@id":"https:\/\/speaktotheworld.ch\/de\/produkt\/express-spanischkurs\/","url":"https:\/\/speaktotheworld.ch\/de\/produkt\/express-spanischkurs\/","name":"Express-Spanischkurs - Speak to the world","isPartOf":{"@id":"https:\/\/speaktotheworld.ch\/de\/#website"},"primaryImageOfPage":{"@id":"https:\/\/speaktotheworld.ch\/de\/produkt\/express-spanischkurs\/#primaryimage"},"image":{"@id":"https:\/\/speaktotheworld.ch\/de\/produkt\/express-spanischkurs\/#primaryimage"},"thumbnailUrl":"https:\/\/speaktotheworld.ch\/wp-content\/uploads\/2024\/06\/cours-express-es.png","datePublished":"2024-06-07T17:37:20+00:00","dateModified":"2024-10-17T18:53:41+00:00","breadcrumb":{"@id":"https:\/\/speaktotheworld.ch\/de\/produkt\/express-spanischkurs\/#breadcrumb"},"inLanguage":"de","potentialAction":[{"@type":"ReadAction","target":["https:\/\/speaktotheworld.ch\/de\/produkt\/express-spanischkurs\/"]}]},{"@type":"ImageObject","inLanguage":"de","@id":"https:\/\/speaktotheworld.ch\/de\/produkt\/express-spanischkurs\/#primaryimage","url":"https:\/\/speaktotheworld.ch\/wp-content\/uploads\/2024\/06\/cours-express-es.png","contentUrl":"https:\/\/speaktotheworld.ch\/wp-content\/uploads\/2024\/06\/cours-express-es.png","width":1224,"height":816},{"@type":"BreadcrumbList","@id":"https:\/\/speaktotheworld.ch\/de\/produkt\/express-spanischkurs\/#breadcrumb","itemListElement":[{"@type":"ListItem","position":1,"name":"Accueil","item":"https:\/\/speaktotheworld.ch\/de\/"},{"@type":"ListItem","position":2,"name":"Shop","item":"https:\/\/speaktotheworld.ch\/de\/shop-de\/"},{"@type":"ListItem","position":3,"name":"Express-Spanischkurs"}]},{"@type":"WebSite","@id":"https:\/\/speaktotheworld.ch\/de\/#website","url":"https:\/\/speaktotheworld.ch\/de\/","name":"Speak to the world","description":"","publisher":{"@id":"https:\/\/speaktotheworld.ch\/de\/#organization"},"alternateName":"Speak to the world","potentialAction":[{"@type":"SearchAction","target":{"@type":"EntryPoint","urlTemplate":"https:\/\/speaktotheworld.ch\/de\/?s={search_term_string}"},"query-input":{"@type":"PropertyValueSpecification","valueRequired":true,"valueName":"search_term_string"}}],"inLanguage":"de"},{"@type":"Organization","@id":"https:\/\/speaktotheworld.ch\/de\/#organization","name":"Speak to the world","url":"https:\/\/speaktotheworld.ch\/de\/","logo":{"@type":"ImageObject","inLanguage":"de","@id":"https:\/\/speaktotheworld.ch\/de\/#\/schema\/logo\/image\/","url":"https:\/\/speaktotheworld.ch\/wp-content\/uploads\/2023\/09\/7219a61d-3523-4e36-b066-6413484aa469-removebg-preview.png","contentUrl":"https:\/\/speaktotheworld.ch\/wp-content\/uploads\/2023\/09\/7219a61d-3523-4e36-b066-6413484aa469-removebg-preview.png","width":869,"height":287,"caption":"Speak to the world"},"image":{"@id":"https:\/\/speaktotheworld.ch\/de\/#\/schema\/logo\/image\/"},"sameAs":["https:\/\/www.instagram.com\/speaktotheworld.ch\/"]}]}},"_links":{"self":[{"href":"https:\/\/speaktotheworld.ch\/de\/wp-json\/wp\/v2\/product\/5387","targetHints":{"allow":["GET"]}}],"collection":[{"href":"https:\/\/speaktotheworld.ch\/de\/wp-json\/wp\/v2\/product"}],"about":[{"href":"https:\/\/speaktotheworld.ch\/de\/wp-json\/wp\/v2\/types\/product"}],"replies":[{"embeddable":true,"href":"https:\/\/speaktotheworld.ch\/de\/wp-json\/wp\/v2\/comments?post=5387"}],"version-history":[{"count":1,"href":"https:\/\/speaktotheworld.ch\/de\/wp-json\/wp\/v2\/product\/5387\/revisions"}],"predecessor-version":[{"id":5433,"href":"https:\/\/speaktotheworld.ch\/de\/wp-json\/wp\/v2\/product\/5387\/revisions\/5433"}],"wp:featuredmedia":[{"embeddable":true,"href":"https:\/\/speaktotheworld.ch\/de\/wp-json\/wp\/v2\/media\/5512"}],"wp:attachment":[{"href":"https:\/\/speaktotheworld.ch\/de\/wp-json\/wp\/v2\/media?parent=5387"}],"wp:term":[{"taxonomy":"brand","embeddable":true,"href":"https:\/\/speaktotheworld.ch\/de\/wp-json\/wp\/v2\/etheme_brands?post=5387"},{"taxonomy":"product_brand","embeddable":true,"href":"https:\/\/speaktotheworld.ch\/de\/wp-json\/wp\/v2\/product_brand?post=5387"},{"taxonomy":"product_cat","embeddable":true,"href":"https:\/\/speaktotheworld.ch\/de\/wp-json\/wp\/v2\/product_cat?post=5387"},{"taxonomy":"product_tag","embeddable":true,"href":"https:\/\/speaktotheworld.ch\/de\/wp-json\/wp\/v2\/product_tag?post=5387"}],"curies":[{"name":"wp","href":"https:\/\/api.w.org\/{rel}","templated":true}]}}