{"id":5380,"date":"2024-06-07T19:37:19","date_gmt":"2024-06-07T17:37:19","guid":{"rendered":"https:\/\/speaktotheworld.ch\/product\/chinesischkurse\/"},"modified":"2024-10-17T21:03:44","modified_gmt":"2024-10-17T19:03:44","slug":"chinesischkurse","status":"publish","type":"product","link":"https:\/\/speaktotheworld.ch\/de\/produkt\/chinesischkurse\/","title":{"rendered":"Chinesischkurse"},"content":{"rendered":"<h1>Was sind die Ziele dieses Kurses?<\/h1>\n<p><span style=\"font-weight: 400;\">Eine spannende Erfahrung und eine bereichernde Gelegenheit, Ihre F\u00e4higkeiten in einer der schwierigsten, aber auch lohnendsten und beliebtesten Sprachen, die man lernen kann, zu verbessern. Unsere Kurse sind auf Ihre Lernbed\u00fcrfnisse und Ihr Lerntempo abgestimmt. Aber denken Sie daran: Geduld zahlt sich im Chinesischen immer aus!<\/span><\/p>\n<h1>\u00c0 qui s&#8217;adresse ce cours ?<\/h1>\n<p><span style=\"font-weight: 400;\">Anf\u00e4nger, Mittelstufe, Fortgeschrittene &#8211; ob Sie diese Sprache f\u00fcr die Arbeit oder f\u00fcr Reisen ben\u00f6tigen oder einfach nur Ihre Kenntnisse verbessern m\u00f6chten, unsere Kurse sind so konzipiert, dass sie die gleiche tiefe Leidenschaft f\u00fcr die Sprache vermitteln, die unsere Lehrer teilen, und Sie durch die Feinheiten des Schreibens, Lesens und Sprechens f\u00fchren.<\/span><\/p>\n<h1>In welcher Form wird dieser Kurs angeboten?<\/h1>\n<p><span style=\"font-weight: 400;\">Unser Kurs ist speziell darauf ausgerichtet, die Sprache von Grund auf zu lernen, mit einer Kombination aus Grammatik und Vokabular, die sich auf das Sprechen konzentriert, f\u00fcr Ihren t\u00e4glichen Gebrauch in einer Vielzahl von Kontexten, und die leicht an Ihre spezifischen Bed\u00fcrfnisse, Ihr Tempo und Ihre Lernanforderungen angepasst werden kann.<\/span><\/p>\n","protected":false},"excerpt":{"rendered":"<table class=\"course-info\">\n<tbody>\n<tr>\n<td>\n<ul>\n<li>Preis f\u00fcr einen Zeitraum von 1,5 Stunden<\/li>\n<li>Mindestdauer der Pauschale: 10 Perioden<\/li>\n<li style=\"text-align: left;\">1:1<\/li>\n<li style=\"text-align: left;\">Online<\/li>\n<li style=\"text-align: left;\">Eigene Themen<\/li>\n<\/ul>\n<\/td>\n<\/tr>\n<tr>\n<td>\n<div class=\"prof-info\">\n<div class=\"prof-title\">Professionell<\/div>\n<div class=\"prof-details\">\n<p><img decoding=\"async\" class=\"prof-photo\" src=\"https:\/\/speaktotheworld.ch\/wp-content\/uploads\/2024\/06\/foto-orobosa.jpeg\" alt=\"Professioneller Kurs\" \/><\/p>\n<div>\n<div class=\"prof-name\">Orobosa Hernan Osayawe Gallego<\/div>\n<div class=\"prof-role\">Partner Speak to the World<\/div>\n<\/div>\n<\/div>\n<\/div>\n<\/td>\n<\/tr>\n<\/tbody>\n<\/table>\n","protected":false},"featured_media":5482,"comment_status":"open","ping_status":"closed","template":"","meta":[],"etheme_brands":[],"product_brand":[],"product_cat":[155,156],"product_tag":[],"class_list":{"0":"post-5380","1":"product","2":"type-product","3":"status-publish","4":"has-post-thumbnail","6":"product_cat-chinesisch","7":"product_cat-nouveautes-de","9":"first","10":"instock","11":"shipping-taxable","12":"purchasable","13":"product-type-simple"},"yoast_head":"<!-- This site is optimized with the Yoast SEO plugin v27.3 - https:\/\/yoast.com\/product\/yoast-seo-wordpress\/ -->\n<title>Chinesischkurse - Speak to the world<\/title>\n<meta name=\"robots\" content=\"index, follow, max-snippet:-1, max-image-preview:large, max-video-preview:-1\" \/>\n<link rel=\"canonical\" href=\"https:\/\/speaktotheworld.ch\/de\/produkt\/chinesischkurse\/\" \/>\n<meta property=\"og:locale\" content=\"de_DE\" \/>\n<meta property=\"og:type\" content=\"article\" \/>\n<meta property=\"og:title\" content=\"Chinesischkurse - Speak to the world\" \/>\n<meta property=\"og:description\" content=\"Preis f\u00fcr einen Zeitraum von 1,5 Stunden  Mindestdauer der Pauschale: 10 Perioden  1:1  Online  Eigene Themen       Professionell     Orobosa Hernan Osayawe Gallego Partner Speak to the World\" \/>\n<meta property=\"og:url\" content=\"https:\/\/speaktotheworld.ch\/de\/produkt\/chinesischkurse\/\" \/>\n<meta property=\"og:site_name\" content=\"Speak to the world\" \/>\n<meta property=\"article:modified_time\" content=\"2024-10-17T19:03:44+00:00\" \/>\n<meta property=\"og:image\" content=\"https:\/\/speaktotheworld.ch\/wp-content\/uploads\/2024\/06\/cours-chinois-scaled.jpg\" \/>\n\t<meta property=\"og:image:width\" content=\"2560\" \/>\n\t<meta property=\"og:image:height\" content=\"1707\" \/>\n\t<meta property=\"og:image:type\" content=\"image\/jpeg\" \/>\n<meta name=\"twitter:card\" content=\"summary_large_image\" \/>\n<meta name=\"twitter:label1\" content=\"Gesch\u00e4tzte Lesezeit\" \/>\n\t<meta name=\"twitter:data1\" content=\"1\u00a0Minute\" \/>\n<script type=\"application\/ld+json\" class=\"yoast-schema-graph\">{\"@context\":\"https:\\\/\\\/schema.org\",\"@graph\":[{\"@type\":\"WebPage\",\"@id\":\"https:\\\/\\\/speaktotheworld.ch\\\/de\\\/produkt\\\/chinesischkurse\\\/\",\"url\":\"https:\\\/\\\/speaktotheworld.ch\\\/de\\\/produkt\\\/chinesischkurse\\\/\",\"name\":\"Chinesischkurse - Speak to the world\",\"isPartOf\":{\"@id\":\"https:\\\/\\\/speaktotheworld.ch\\\/de\\\/#website\"},\"primaryImageOfPage\":{\"@id\":\"https:\\\/\\\/speaktotheworld.ch\\\/de\\\/produkt\\\/chinesischkurse\\\/#primaryimage\"},\"image\":{\"@id\":\"https:\\\/\\\/speaktotheworld.ch\\\/de\\\/produkt\\\/chinesischkurse\\\/#primaryimage\"},\"thumbnailUrl\":\"https:\\\/\\\/speaktotheworld.ch\\\/wp-content\\\/uploads\\\/2024\\\/06\\\/cours-chinois-scaled.jpg\",\"datePublished\":\"2024-06-07T17:37:19+00:00\",\"dateModified\":\"2024-10-17T19:03:44+00:00\",\"breadcrumb\":{\"@id\":\"https:\\\/\\\/speaktotheworld.ch\\\/de\\\/produkt\\\/chinesischkurse\\\/#breadcrumb\"},\"inLanguage\":\"de\",\"potentialAction\":[{\"@type\":\"ReadAction\",\"target\":[\"https:\\\/\\\/speaktotheworld.ch\\\/de\\\/produkt\\\/chinesischkurse\\\/\"]}]},{\"@type\":\"ImageObject\",\"inLanguage\":\"de\",\"@id\":\"https:\\\/\\\/speaktotheworld.ch\\\/de\\\/produkt\\\/chinesischkurse\\\/#primaryimage\",\"url\":\"https:\\\/\\\/speaktotheworld.ch\\\/wp-content\\\/uploads\\\/2024\\\/06\\\/cours-chinois-scaled.jpg\",\"contentUrl\":\"https:\\\/\\\/speaktotheworld.ch\\\/wp-content\\\/uploads\\\/2024\\\/06\\\/cours-chinois-scaled.jpg\",\"width\":2560,\"height\":1707,\"caption\":\"Portrait of young Asian woman as female teacher teaching Chinese language class sitting at table by whiteboard with hieroglyphs copy space\"},{\"@type\":\"BreadcrumbList\",\"@id\":\"https:\\\/\\\/speaktotheworld.ch\\\/de\\\/produkt\\\/chinesischkurse\\\/#breadcrumb\",\"itemListElement\":[{\"@type\":\"ListItem\",\"position\":1,\"name\":\"Accueil\",\"item\":\"https:\\\/\\\/speaktotheworld.ch\\\/de\\\/\"},{\"@type\":\"ListItem\",\"position\":2,\"name\":\"Shop\",\"item\":\"https:\\\/\\\/speaktotheworld.ch\\\/de\\\/shop-de\\\/\"},{\"@type\":\"ListItem\",\"position\":3,\"name\":\"Chinesischkurse\"}]},{\"@type\":\"WebSite\",\"@id\":\"https:\\\/\\\/speaktotheworld.ch\\\/de\\\/#website\",\"url\":\"https:\\\/\\\/speaktotheworld.ch\\\/de\\\/\",\"name\":\"Speak to the world\",\"description\":\"\",\"publisher\":{\"@id\":\"https:\\\/\\\/speaktotheworld.ch\\\/de\\\/#organization\"},\"alternateName\":\"Speak to the world\",\"potentialAction\":[{\"@type\":\"SearchAction\",\"target\":{\"@type\":\"EntryPoint\",\"urlTemplate\":\"https:\\\/\\\/speaktotheworld.ch\\\/de\\\/?s={search_term_string}\"},\"query-input\":{\"@type\":\"PropertyValueSpecification\",\"valueRequired\":true,\"valueName\":\"search_term_string\"}}],\"inLanguage\":\"de\"},{\"@type\":\"Organization\",\"@id\":\"https:\\\/\\\/speaktotheworld.ch\\\/de\\\/#organization\",\"name\":\"Speak to the world\",\"url\":\"https:\\\/\\\/speaktotheworld.ch\\\/de\\\/\",\"logo\":{\"@type\":\"ImageObject\",\"inLanguage\":\"de\",\"@id\":\"https:\\\/\\\/speaktotheworld.ch\\\/de\\\/#\\\/schema\\\/logo\\\/image\\\/\",\"url\":\"https:\\\/\\\/speaktotheworld.ch\\\/wp-content\\\/uploads\\\/2023\\\/09\\\/7219a61d-3523-4e36-b066-6413484aa469-removebg-preview.png\",\"contentUrl\":\"https:\\\/\\\/speaktotheworld.ch\\\/wp-content\\\/uploads\\\/2023\\\/09\\\/7219a61d-3523-4e36-b066-6413484aa469-removebg-preview.png\",\"width\":869,\"height\":287,\"caption\":\"Speak to the world\"},\"image\":{\"@id\":\"https:\\\/\\\/speaktotheworld.ch\\\/de\\\/#\\\/schema\\\/logo\\\/image\\\/\"},\"sameAs\":[\"https:\\\/\\\/www.instagram.com\\\/speaktotheworld.ch\\\/\"]}]}<\/script>\n<!-- \/ Yoast SEO plugin. -->","yoast_head_json":{"title":"Chinesischkurse - Speak to the world","robots":{"index":"index","follow":"follow","max-snippet":"max-snippet:-1","max-image-preview":"max-image-preview:large","max-video-preview":"max-video-preview:-1"},"canonical":"https:\/\/speaktotheworld.ch\/de\/produkt\/chinesischkurse\/","og_locale":"de_DE","og_type":"article","og_title":"Chinesischkurse - Speak to the world","og_description":"Preis f\u00fcr einen Zeitraum von 1,5 Stunden  Mindestdauer der Pauschale: 10 Perioden  1:1  Online  Eigene Themen       Professionell     Orobosa Hernan Osayawe Gallego Partner Speak to the World","og_url":"https:\/\/speaktotheworld.ch\/de\/produkt\/chinesischkurse\/","og_site_name":"Speak to the world","article_modified_time":"2024-10-17T19:03:44+00:00","og_image":[{"width":2560,"height":1707,"url":"https:\/\/speaktotheworld.ch\/wp-content\/uploads\/2024\/06\/cours-chinois-scaled.jpg","type":"image\/jpeg"}],"twitter_card":"summary_large_image","twitter_misc":{"Gesch\u00e4tzte Lesezeit":"1\u00a0Minute"},"schema":{"@context":"https:\/\/schema.org","@graph":[{"@type":"WebPage","@id":"https:\/\/speaktotheworld.ch\/de\/produkt\/chinesischkurse\/","url":"https:\/\/speaktotheworld.ch\/de\/produkt\/chinesischkurse\/","name":"Chinesischkurse - Speak to the world","isPartOf":{"@id":"https:\/\/speaktotheworld.ch\/de\/#website"},"primaryImageOfPage":{"@id":"https:\/\/speaktotheworld.ch\/de\/produkt\/chinesischkurse\/#primaryimage"},"image":{"@id":"https:\/\/speaktotheworld.ch\/de\/produkt\/chinesischkurse\/#primaryimage"},"thumbnailUrl":"https:\/\/speaktotheworld.ch\/wp-content\/uploads\/2024\/06\/cours-chinois-scaled.jpg","datePublished":"2024-06-07T17:37:19+00:00","dateModified":"2024-10-17T19:03:44+00:00","breadcrumb":{"@id":"https:\/\/speaktotheworld.ch\/de\/produkt\/chinesischkurse\/#breadcrumb"},"inLanguage":"de","potentialAction":[{"@type":"ReadAction","target":["https:\/\/speaktotheworld.ch\/de\/produkt\/chinesischkurse\/"]}]},{"@type":"ImageObject","inLanguage":"de","@id":"https:\/\/speaktotheworld.ch\/de\/produkt\/chinesischkurse\/#primaryimage","url":"https:\/\/speaktotheworld.ch\/wp-content\/uploads\/2024\/06\/cours-chinois-scaled.jpg","contentUrl":"https:\/\/speaktotheworld.ch\/wp-content\/uploads\/2024\/06\/cours-chinois-scaled.jpg","width":2560,"height":1707,"caption":"Portrait of young Asian woman as female teacher teaching Chinese language class sitting at table by whiteboard with hieroglyphs copy space"},{"@type":"BreadcrumbList","@id":"https:\/\/speaktotheworld.ch\/de\/produkt\/chinesischkurse\/#breadcrumb","itemListElement":[{"@type":"ListItem","position":1,"name":"Accueil","item":"https:\/\/speaktotheworld.ch\/de\/"},{"@type":"ListItem","position":2,"name":"Shop","item":"https:\/\/speaktotheworld.ch\/de\/shop-de\/"},{"@type":"ListItem","position":3,"name":"Chinesischkurse"}]},{"@type":"WebSite","@id":"https:\/\/speaktotheworld.ch\/de\/#website","url":"https:\/\/speaktotheworld.ch\/de\/","name":"Speak to the world","description":"","publisher":{"@id":"https:\/\/speaktotheworld.ch\/de\/#organization"},"alternateName":"Speak to the world","potentialAction":[{"@type":"SearchAction","target":{"@type":"EntryPoint","urlTemplate":"https:\/\/speaktotheworld.ch\/de\/?s={search_term_string}"},"query-input":{"@type":"PropertyValueSpecification","valueRequired":true,"valueName":"search_term_string"}}],"inLanguage":"de"},{"@type":"Organization","@id":"https:\/\/speaktotheworld.ch\/de\/#organization","name":"Speak to the world","url":"https:\/\/speaktotheworld.ch\/de\/","logo":{"@type":"ImageObject","inLanguage":"de","@id":"https:\/\/speaktotheworld.ch\/de\/#\/schema\/logo\/image\/","url":"https:\/\/speaktotheworld.ch\/wp-content\/uploads\/2023\/09\/7219a61d-3523-4e36-b066-6413484aa469-removebg-preview.png","contentUrl":"https:\/\/speaktotheworld.ch\/wp-content\/uploads\/2023\/09\/7219a61d-3523-4e36-b066-6413484aa469-removebg-preview.png","width":869,"height":287,"caption":"Speak to the world"},"image":{"@id":"https:\/\/speaktotheworld.ch\/de\/#\/schema\/logo\/image\/"},"sameAs":["https:\/\/www.instagram.com\/speaktotheworld.ch\/"]}]}},"_links":{"self":[{"href":"https:\/\/speaktotheworld.ch\/de\/wp-json\/wp\/v2\/product\/5380","targetHints":{"allow":["GET"]}}],"collection":[{"href":"https:\/\/speaktotheworld.ch\/de\/wp-json\/wp\/v2\/product"}],"about":[{"href":"https:\/\/speaktotheworld.ch\/de\/wp-json\/wp\/v2\/types\/product"}],"replies":[{"embeddable":true,"href":"https:\/\/speaktotheworld.ch\/de\/wp-json\/wp\/v2\/comments?post=5380"}],"version-history":[{"count":1,"href":"https:\/\/speaktotheworld.ch\/de\/wp-json\/wp\/v2\/product\/5380\/revisions"}],"predecessor-version":[{"id":5782,"href":"https:\/\/speaktotheworld.ch\/de\/wp-json\/wp\/v2\/product\/5380\/revisions\/5782"}],"wp:featuredmedia":[{"embeddable":true,"href":"https:\/\/speaktotheworld.ch\/de\/wp-json\/wp\/v2\/media\/5482"}],"wp:attachment":[{"href":"https:\/\/speaktotheworld.ch\/de\/wp-json\/wp\/v2\/media?parent=5380"}],"wp:term":[{"taxonomy":"brand","embeddable":true,"href":"https:\/\/speaktotheworld.ch\/de\/wp-json\/wp\/v2\/etheme_brands?post=5380"},{"taxonomy":"product_brand","embeddable":true,"href":"https:\/\/speaktotheworld.ch\/de\/wp-json\/wp\/v2\/product_brand?post=5380"},{"taxonomy":"product_cat","embeddable":true,"href":"https:\/\/speaktotheworld.ch\/de\/wp-json\/wp\/v2\/product_cat?post=5380"},{"taxonomy":"product_tag","embeddable":true,"href":"https:\/\/speaktotheworld.ch\/de\/wp-json\/wp\/v2\/product_tag?post=5380"}],"curies":[{"name":"wp","href":"https:\/\/api.w.org\/{rel}","templated":true}]}}