{"id":5371,"date":"2024-06-07T19:37:18","date_gmt":"2024-06-07T17:37:18","guid":{"rendered":"https:\/\/speaktotheworld.ch\/product\/eintauchen-in-die-sprache\/"},"modified":"2024-10-17T21:12:27","modified_gmt":"2024-10-17T19:12:27","slug":"eintauchen-in-die-sprache","status":"publish","type":"product","link":"https:\/\/speaktotheworld.ch\/de\/produkt\/eintauchen-in-die-sprache\/","title":{"rendered":"Kurse f\u00fcr Fortgeschrittene"},"content":{"rendered":"<h1>Was sind die Ziele dieses Kurses?<\/h1>\n<p><span style=\"font-weight: 400;\">Eine einzigartige Gelegenheit, die Franz\u00f6sischkenntnisse von Expatriates oder nicht-franz\u00f6sischsprachigen Personen zu verbessern, wobei der Schwerpunkt auf dem m\u00fcndlichen Ausdruck liegt. Wir sind in der Lage, das in ihrer Branche erforderliche Vokabular zu integrieren und anzupassen. Eine sprachliche Immersion, die auch \u00fcber Workshops (Kochen, kulturelle Besichtigungen usw.) angeboten wird, um eine erfolgreiche Integration in die Schweizer Kultur zu erm\u00f6glichen.<\/span><\/p>\n<h1>\u00c0 qui s&#8217;adresse ce cours ?<\/h1>\n<p><span style=\"font-weight: 400;\">F\u00fcr Expatriates und ihre Familien sowie f\u00fcr nicht-franz\u00f6sischsprachige Personen.<\/span><\/p>\n<h1>In welcher Form wird dieser Kurs angeboten?<\/h1>\n<p><span style=\"font-weight: 400;\">Die Kurse werden als Einzelunterricht (1:1) in Pr\u00e4senzform oder online angeboten, je nach Wahl und Komfort der Sch\u00fcler oder in Workshops. Pr\u00e4senzunterricht wird empfohlen. Wir k\u00f6nnen zu Ihnen nach Hause oder an den Arbeitsplatz kommen. <\/span><\/p>\n<h1>N\u00fctzliches Dokument<\/h1>\n<p><a href=\"https:\/\/speaktotheworld.ch\/wp-content\/uploads\/2024\/06\/Fiche-technique-immersion-linguistique.pdf\" target=\"_blank\" rel=\"noopener\">Datenblatt.pdf<\/a><\/p>\n","protected":false},"excerpt":{"rendered":"<table class=\"course-info\">\n<tbody>\n<tr>\n<td>\n<ul>\n<li>Preis f\u00fcr einen Zeitraum von 1 Stunde<\/li>\n<li>Mindestdauer der Pauschale: 10 Perioden<\/li>\n<li>Aktivit\u00e4t nicht im Preis enthalten<\/li>\n<li style=\"text-align: left;\">Zeitraum: abh\u00e4ngig von der gew\u00e4hlten Aktivit\u00e4t<\/li>\n<li>Aktivit\u00e4t: Ihre Wahl (bitte kontaktieren Sie uns)<\/li>\n<li style=\"text-align: left;\">1:1<\/li>\n<li style=\"text-align: left;\">In Pr\u00e4senzveranstaltungen<\/li>\n<li style=\"text-align: left;\">Eigene Themen<\/li>\n<li style=\"text-align: left;\">Franz\u00f6sisch<\/li>\n<\/ul>\n<\/td>\n<\/tr>\n<tr>\n<td>\n<div class=\"prof-info\">\n<div class=\"prof-title\">Professionell<\/div>\n<div class=\"prof-details\">\n<p><img decoding=\"async\" class=\"prof-photo\" src=\"https:\/\/speaktotheworld.ch\/wp-content\/uploads\/2024\/06\/Image_pp-e1716752391110.jpeg\" alt=\"Professioneller Kurs\" \/><\/p>\n<div>\n<div class=\"prof-name\">Nicole Durand Smaini<\/div>\n<div class=\"prof-role\">Gr\u00fcnderin von Speak to the World<\/div>\n<\/div>\n<\/div>\n<\/div>\n<\/td>\n<\/tr>\n<\/tbody>\n<\/table>\n","protected":false},"featured_media":5477,"comment_status":"open","ping_status":"closed","template":"","meta":[],"etheme_brands":[],"product_brand":[],"product_cat":[124,174],"product_tag":[],"class_list":{"0":"post-5371","1":"product","2":"type-product","3":"status-publish","4":"has-post-thumbnail","6":"product_cat-sprachliche-eintauchen","7":"product_cat-franzoesisch","9":"first","10":"instock","11":"shipping-taxable","12":"purchasable","13":"product-type-simple"},"yoast_head":"<!-- This site is optimized with the Yoast SEO plugin v27.2 - https:\/\/yoast.com\/product\/yoast-seo-wordpress\/ -->\n<title>Kurse f\u00fcr Fortgeschrittene - Speak to the world<\/title>\n<meta name=\"robots\" content=\"index, follow, max-snippet:-1, max-image-preview:large, max-video-preview:-1\" \/>\n<link rel=\"canonical\" href=\"https:\/\/speaktotheworld.ch\/de\/produkt\/eintauchen-in-die-sprache\/\" \/>\n<meta property=\"og:locale\" content=\"de_DE\" \/>\n<meta property=\"og:type\" content=\"article\" \/>\n<meta property=\"og:title\" content=\"Kurse f\u00fcr Fortgeschrittene - Speak to the world\" \/>\n<meta property=\"og:description\" content=\"Preis f\u00fcr einen Zeitraum von 1 Stunde  Mindestdauer der Pauschale: 10 Perioden  Aktivit\u00e4t nicht im Preis enthalten  Zeitraum: abh\u00e4ngig von der gew\u00e4hlten Aktivit\u00e4t  Aktivit\u00e4t: Ihre Wahl (bitte kontaktieren Sie uns)  1:1  In Pr\u00e4senzveranstaltungen  Eigene Themen  Franz\u00f6sisch       Professionell     Nicole Durand Smaini Gr\u00fcnderin von Speak to the World\" \/>\n<meta property=\"og:url\" content=\"https:\/\/speaktotheworld.ch\/de\/produkt\/eintauchen-in-die-sprache\/\" \/>\n<meta property=\"og:site_name\" content=\"Speak to the world\" \/>\n<meta property=\"article:modified_time\" content=\"2024-10-17T19:12:27+00:00\" \/>\n<meta property=\"og:image\" content=\"https:\/\/speaktotheworld.ch\/wp-content\/uploads\/2024\/06\/immersion-linguistique-scaled.jpg\" \/>\n\t<meta property=\"og:image:width\" content=\"2560\" \/>\n\t<meta property=\"og:image:height\" content=\"1707\" \/>\n\t<meta property=\"og:image:type\" content=\"image\/jpeg\" \/>\n<meta name=\"twitter:card\" content=\"summary_large_image\" \/>\n<meta name=\"twitter:label1\" content=\"Gesch\u00e4tzte Lesezeit\" \/>\n\t<meta name=\"twitter:data1\" content=\"1\u00a0Minute\" \/>\n<script type=\"application\/ld+json\" class=\"yoast-schema-graph\">{\"@context\":\"https:\/\/schema.org\",\"@graph\":[{\"@type\":\"WebPage\",\"@id\":\"https:\/\/speaktotheworld.ch\/de\/produkt\/eintauchen-in-die-sprache\/\",\"url\":\"https:\/\/speaktotheworld.ch\/de\/produkt\/eintauchen-in-die-sprache\/\",\"name\":\"Kurse f\u00fcr Fortgeschrittene - Speak to the world\",\"isPartOf\":{\"@id\":\"https:\/\/speaktotheworld.ch\/de\/#website\"},\"primaryImageOfPage\":{\"@id\":\"https:\/\/speaktotheworld.ch\/de\/produkt\/eintauchen-in-die-sprache\/#primaryimage\"},\"image\":{\"@id\":\"https:\/\/speaktotheworld.ch\/de\/produkt\/eintauchen-in-die-sprache\/#primaryimage\"},\"thumbnailUrl\":\"https:\/\/speaktotheworld.ch\/wp-content\/uploads\/2024\/06\/immersion-linguistique-scaled.jpg\",\"datePublished\":\"2024-06-07T17:37:18+00:00\",\"dateModified\":\"2024-10-17T19:12:27+00:00\",\"breadcrumb\":{\"@id\":\"https:\/\/speaktotheworld.ch\/de\/produkt\/eintauchen-in-die-sprache\/#breadcrumb\"},\"inLanguage\":\"de\",\"potentialAction\":[{\"@type\":\"ReadAction\",\"target\":[\"https:\/\/speaktotheworld.ch\/de\/produkt\/eintauchen-in-die-sprache\/\"]}]},{\"@type\":\"ImageObject\",\"inLanguage\":\"de\",\"@id\":\"https:\/\/speaktotheworld.ch\/de\/produkt\/eintauchen-in-die-sprache\/#primaryimage\",\"url\":\"https:\/\/speaktotheworld.ch\/wp-content\/uploads\/2024\/06\/immersion-linguistique-scaled.jpg\",\"contentUrl\":\"https:\/\/speaktotheworld.ch\/wp-content\/uploads\/2024\/06\/immersion-linguistique-scaled.jpg\",\"width\":2560,\"height\":1707,\"caption\":\"Freund T\u00f6pfer auf Potterieklasse in einer Keramikwerkstatt\"},{\"@type\":\"BreadcrumbList\",\"@id\":\"https:\/\/speaktotheworld.ch\/de\/produkt\/eintauchen-in-die-sprache\/#breadcrumb\",\"itemListElement\":[{\"@type\":\"ListItem\",\"position\":1,\"name\":\"Accueil\",\"item\":\"https:\/\/speaktotheworld.ch\/de\/\"},{\"@type\":\"ListItem\",\"position\":2,\"name\":\"Shop\",\"item\":\"https:\/\/speaktotheworld.ch\/de\/shop-de\/\"},{\"@type\":\"ListItem\",\"position\":3,\"name\":\"Kurse f\u00fcr Fortgeschrittene\"}]},{\"@type\":\"WebSite\",\"@id\":\"https:\/\/speaktotheworld.ch\/de\/#website\",\"url\":\"https:\/\/speaktotheworld.ch\/de\/\",\"name\":\"Speak to the world\",\"description\":\"\",\"publisher\":{\"@id\":\"https:\/\/speaktotheworld.ch\/de\/#organization\"},\"alternateName\":\"Speak to the world\",\"potentialAction\":[{\"@type\":\"SearchAction\",\"target\":{\"@type\":\"EntryPoint\",\"urlTemplate\":\"https:\/\/speaktotheworld.ch\/de\/?s={search_term_string}\"},\"query-input\":{\"@type\":\"PropertyValueSpecification\",\"valueRequired\":true,\"valueName\":\"search_term_string\"}}],\"inLanguage\":\"de\"},{\"@type\":\"Organization\",\"@id\":\"https:\/\/speaktotheworld.ch\/de\/#organization\",\"name\":\"Speak to the world\",\"url\":\"https:\/\/speaktotheworld.ch\/de\/\",\"logo\":{\"@type\":\"ImageObject\",\"inLanguage\":\"de\",\"@id\":\"https:\/\/speaktotheworld.ch\/de\/#\/schema\/logo\/image\/\",\"url\":\"https:\/\/speaktotheworld.ch\/wp-content\/uploads\/2023\/09\/7219a61d-3523-4e36-b066-6413484aa469-removebg-preview.png\",\"contentUrl\":\"https:\/\/speaktotheworld.ch\/wp-content\/uploads\/2023\/09\/7219a61d-3523-4e36-b066-6413484aa469-removebg-preview.png\",\"width\":869,\"height\":287,\"caption\":\"Speak to the world\"},\"image\":{\"@id\":\"https:\/\/speaktotheworld.ch\/de\/#\/schema\/logo\/image\/\"},\"sameAs\":[\"https:\/\/www.instagram.com\/speaktotheworld.ch\/\"]}]}<\/script>\n<!-- \/ Yoast SEO plugin. -->","yoast_head_json":{"title":"Kurse f\u00fcr Fortgeschrittene - Speak to the world","robots":{"index":"index","follow":"follow","max-snippet":"max-snippet:-1","max-image-preview":"max-image-preview:large","max-video-preview":"max-video-preview:-1"},"canonical":"https:\/\/speaktotheworld.ch\/de\/produkt\/eintauchen-in-die-sprache\/","og_locale":"de_DE","og_type":"article","og_title":"Kurse f\u00fcr Fortgeschrittene - Speak to the world","og_description":"Preis f\u00fcr einen Zeitraum von 1 Stunde  Mindestdauer der Pauschale: 10 Perioden  Aktivit\u00e4t nicht im Preis enthalten  Zeitraum: abh\u00e4ngig von der gew\u00e4hlten Aktivit\u00e4t  Aktivit\u00e4t: Ihre Wahl (bitte kontaktieren Sie uns)  1:1  In Pr\u00e4senzveranstaltungen  Eigene Themen  Franz\u00f6sisch       Professionell     Nicole Durand Smaini Gr\u00fcnderin von Speak to the World","og_url":"https:\/\/speaktotheworld.ch\/de\/produkt\/eintauchen-in-die-sprache\/","og_site_name":"Speak to the world","article_modified_time":"2024-10-17T19:12:27+00:00","og_image":[{"width":2560,"height":1707,"url":"https:\/\/speaktotheworld.ch\/wp-content\/uploads\/2024\/06\/immersion-linguistique-scaled.jpg","type":"image\/jpeg"}],"twitter_card":"summary_large_image","twitter_misc":{"Gesch\u00e4tzte Lesezeit":"1\u00a0Minute"},"schema":{"@context":"https:\/\/schema.org","@graph":[{"@type":"WebPage","@id":"https:\/\/speaktotheworld.ch\/de\/produkt\/eintauchen-in-die-sprache\/","url":"https:\/\/speaktotheworld.ch\/de\/produkt\/eintauchen-in-die-sprache\/","name":"Kurse f\u00fcr Fortgeschrittene - Speak to the world","isPartOf":{"@id":"https:\/\/speaktotheworld.ch\/de\/#website"},"primaryImageOfPage":{"@id":"https:\/\/speaktotheworld.ch\/de\/produkt\/eintauchen-in-die-sprache\/#primaryimage"},"image":{"@id":"https:\/\/speaktotheworld.ch\/de\/produkt\/eintauchen-in-die-sprache\/#primaryimage"},"thumbnailUrl":"https:\/\/speaktotheworld.ch\/wp-content\/uploads\/2024\/06\/immersion-linguistique-scaled.jpg","datePublished":"2024-06-07T17:37:18+00:00","dateModified":"2024-10-17T19:12:27+00:00","breadcrumb":{"@id":"https:\/\/speaktotheworld.ch\/de\/produkt\/eintauchen-in-die-sprache\/#breadcrumb"},"inLanguage":"de","potentialAction":[{"@type":"ReadAction","target":["https:\/\/speaktotheworld.ch\/de\/produkt\/eintauchen-in-die-sprache\/"]}]},{"@type":"ImageObject","inLanguage":"de","@id":"https:\/\/speaktotheworld.ch\/de\/produkt\/eintauchen-in-die-sprache\/#primaryimage","url":"https:\/\/speaktotheworld.ch\/wp-content\/uploads\/2024\/06\/immersion-linguistique-scaled.jpg","contentUrl":"https:\/\/speaktotheworld.ch\/wp-content\/uploads\/2024\/06\/immersion-linguistique-scaled.jpg","width":2560,"height":1707,"caption":"Freund T\u00f6pfer auf Potterieklasse in einer Keramikwerkstatt"},{"@type":"BreadcrumbList","@id":"https:\/\/speaktotheworld.ch\/de\/produkt\/eintauchen-in-die-sprache\/#breadcrumb","itemListElement":[{"@type":"ListItem","position":1,"name":"Accueil","item":"https:\/\/speaktotheworld.ch\/de\/"},{"@type":"ListItem","position":2,"name":"Shop","item":"https:\/\/speaktotheworld.ch\/de\/shop-de\/"},{"@type":"ListItem","position":3,"name":"Kurse f\u00fcr Fortgeschrittene"}]},{"@type":"WebSite","@id":"https:\/\/speaktotheworld.ch\/de\/#website","url":"https:\/\/speaktotheworld.ch\/de\/","name":"Speak to the world","description":"","publisher":{"@id":"https:\/\/speaktotheworld.ch\/de\/#organization"},"alternateName":"Speak to the world","potentialAction":[{"@type":"SearchAction","target":{"@type":"EntryPoint","urlTemplate":"https:\/\/speaktotheworld.ch\/de\/?s={search_term_string}"},"query-input":{"@type":"PropertyValueSpecification","valueRequired":true,"valueName":"search_term_string"}}],"inLanguage":"de"},{"@type":"Organization","@id":"https:\/\/speaktotheworld.ch\/de\/#organization","name":"Speak to the world","url":"https:\/\/speaktotheworld.ch\/de\/","logo":{"@type":"ImageObject","inLanguage":"de","@id":"https:\/\/speaktotheworld.ch\/de\/#\/schema\/logo\/image\/","url":"https:\/\/speaktotheworld.ch\/wp-content\/uploads\/2023\/09\/7219a61d-3523-4e36-b066-6413484aa469-removebg-preview.png","contentUrl":"https:\/\/speaktotheworld.ch\/wp-content\/uploads\/2023\/09\/7219a61d-3523-4e36-b066-6413484aa469-removebg-preview.png","width":869,"height":287,"caption":"Speak to the world"},"image":{"@id":"https:\/\/speaktotheworld.ch\/de\/#\/schema\/logo\/image\/"},"sameAs":["https:\/\/www.instagram.com\/speaktotheworld.ch\/"]}]}},"_links":{"self":[{"href":"https:\/\/speaktotheworld.ch\/de\/wp-json\/wp\/v2\/product\/5371","targetHints":{"allow":["GET"]}}],"collection":[{"href":"https:\/\/speaktotheworld.ch\/de\/wp-json\/wp\/v2\/product"}],"about":[{"href":"https:\/\/speaktotheworld.ch\/de\/wp-json\/wp\/v2\/types\/product"}],"replies":[{"embeddable":true,"href":"https:\/\/speaktotheworld.ch\/de\/wp-json\/wp\/v2\/comments?post=5371"}],"version-history":[{"count":3,"href":"https:\/\/speaktotheworld.ch\/de\/wp-json\/wp\/v2\/product\/5371\/revisions"}],"predecessor-version":[{"id":5789,"href":"https:\/\/speaktotheworld.ch\/de\/wp-json\/wp\/v2\/product\/5371\/revisions\/5789"}],"wp:featuredmedia":[{"embeddable":true,"href":"https:\/\/speaktotheworld.ch\/de\/wp-json\/wp\/v2\/media\/5477"}],"wp:attachment":[{"href":"https:\/\/speaktotheworld.ch\/de\/wp-json\/wp\/v2\/media?parent=5371"}],"wp:term":[{"taxonomy":"brand","embeddable":true,"href":"https:\/\/speaktotheworld.ch\/de\/wp-json\/wp\/v2\/etheme_brands?post=5371"},{"taxonomy":"product_brand","embeddable":true,"href":"https:\/\/speaktotheworld.ch\/de\/wp-json\/wp\/v2\/product_brand?post=5371"},{"taxonomy":"product_cat","embeddable":true,"href":"https:\/\/speaktotheworld.ch\/de\/wp-json\/wp\/v2\/product_cat?post=5371"},{"taxonomy":"product_tag","embeddable":true,"href":"https:\/\/speaktotheworld.ch\/de\/wp-json\/wp\/v2\/product_tag?post=5371"}],"curies":[{"name":"wp","href":"https:\/\/api.w.org\/{rel}","templated":true}]}}