{"id":5368,"date":"2024-06-07T19:37:19","date_gmt":"2024-06-07T17:37:19","guid":{"rendered":"https:\/\/speaktotheworld.ch\/product\/mandate-in-unternehmen\/"},"modified":"2024-10-24T22:14:57","modified_gmt":"2024-10-24T20:14:57","slug":"mandate-in-unternehmen","status":"publish","type":"product","link":"https:\/\/speaktotheworld.ch\/de\/produkt\/mandate-in-unternehmen\/","title":{"rendered":"Mandate in Unternehmen"},"content":{"rendered":"<h1>Was sind die Ziele dieses Kurses?<\/h1>\n<p><span style=\"font-weight: 400;\">Eine einzigartige Gelegenheit, die Sprachkenntnisse Ihrer Mitarbeiter zu verbessern, wobei der Schwerpunkt auf dem m\u00fcndlichen Ausdruck in einem beruflichen Kontext liegt. Wir sind in der Lage, das in Ihrer Branche erforderliche Vokabular zu integrieren und anzupassen. Es wird eine Sprachreise angeboten, die speziell f\u00fcr Expatriates gedacht ist, um die Schweizer Kultur kennenzulernen.  <\/span><\/p>\n<h1>F\u00fcr wen ist dieser Kurs geeignet?<\/h1>\n<p><span style=\"font-weight: 400;\">Fremdsprachen- und Franz\u00f6sischkurse, die speziell auf die Mitarbeiter Ihres Unternehmens und Expatriates zugeschnitten sind.<\/span><\/p>\n<h1>In welcher Form wird dieser Kurs angeboten?<\/h1>\n<p><span style=\"font-weight: 400;\">Die Kurse werden als Einzelunterricht (1:1) oder als Gruppenunterricht (maximal 4 Personen) angeboten, je nach Wahl und Komfort der Sch\u00fcler als Pr\u00e4senzunterricht oder online oder in Workshops (Sprachimmersion). Wir k\u00f6nnen zu Ihnen nach Hause oder an den Arbeitsplatz kommen.  <\/span><\/p>\n<h1>N\u00fctzliche Dokumente<\/h1>\n<p><a href=\"https:\/\/speaktotheworld.ch\/wp-content\/uploads\/2024\/06\/Fiche-technique-expatries-mandats-dentreprise.pdf\" target=\"_blank\" rel=\"noopener\">Datenblatt &#8211; Ausl\u00e4ndische Mitarbeiter.pdf<\/a><\/p>\n<p><a href=\"https:\/\/speaktotheworld.ch\/wp-content\/uploads\/2024\/06\/Fiche_technique_collaborateurs_mandats_entreprises.pdf\" target=\"_blank\" rel=\"noopener\">Technisches Datenblatt &#8211; Mitarbeiter.pdf<\/a><\/p>\n","protected":false},"excerpt":{"rendered":"<table class=\"course-info\">\n<tbody>\n<tr>\n<td>\n<ul>\n<li style=\"text-align: left;\">Preis je nach Ihrem Bedarf<\/li>\n<li style=\"text-align: left;\">Zeitraum: 1 Stunde<\/li>\n<li style=\"text-align: left;\">1:1 \/ Gruppe bis zu 4 Personen<\/li>\n<li style=\"text-align: left;\">Pr\u00e4senzunterricht \/ Online<\/li>\n<li style=\"text-align: left;\">Eigene Themen<\/li>\n<li style=\"text-align: left;\">Franz\u00f6sisch, Englisch, Spanisch, Portugiesisch (Brasilien), Deutsch<\/li>\n<\/ul>\n<\/td>\n<\/tr>\n<tr>\n<td>\n<div class=\"prof-info\">\n<div class=\"prof-title\">Professionell<\/div>\n<div class=\"prof-details\">\n<p><img decoding=\"async\" class=\"prof-photo\" src=\"https:\/\/speaktotheworld.ch\/wp-content\/uploads\/2024\/06\/Image_pp-e1716752391110.jpeg\" alt=\"Professioneller Kurs\"><\/p>\n<div>\n<div class=\"prof-name\">Nicole Durand Smaini<\/div>\n<div class=\"prof-role\">Gr\u00fcnderin von Speak to the World<\/div>\n<\/div>\n<\/div>\n<\/div>\n<\/td>\n<\/tr>\n<\/tbody>\n<\/table>\n","protected":false},"featured_media":5467,"comment_status":"open","ping_status":"closed","template":"","meta":[],"etheme_brands":[],"product_brand":[],"product_cat":[166,174,162,120,178,170],"product_tag":[],"class_list":{"0":"post-5368","1":"product","2":"type-product","3":"status-publish","4":"has-post-thumbnail","6":"product_cat-englisch","7":"product_cat-franzoesisch","8":"product_cat-german-de","9":"product_cat-mandate-in-unternehmen","10":"product_cat-portugiesisch-brasilien","11":"product_cat-spanisch","13":"first","14":"instock","15":"shipping-taxable","16":"product-type-simple"},"yoast_head":"<!-- This site is optimized with the Yoast SEO plugin v27.2 - https:\/\/yoast.com\/product\/yoast-seo-wordpress\/ -->\n<title>Mandate in Unternehmen - Speak to the world<\/title>\n<meta name=\"robots\" content=\"index, follow, max-snippet:-1, max-image-preview:large, max-video-preview:-1\" \/>\n<link rel=\"canonical\" href=\"https:\/\/speaktotheworld.ch\/de\/produkt\/mandate-in-unternehmen\/\" \/>\n<meta property=\"og:locale\" content=\"de_DE\" \/>\n<meta property=\"og:type\" content=\"article\" \/>\n<meta property=\"og:title\" content=\"Mandate in Unternehmen - Speak to the world\" \/>\n<meta property=\"og:description\" content=\"Preis je nach Ihrem Bedarf  Zeitraum: 1 Stunde  1:1 \/ Gruppe bis zu 4 Personen  Pr\u00e4senzunterricht \/ Online  Eigene Themen  Franz\u00f6sisch, Englisch, Spanisch, Portugiesisch (Brasilien), Deutsch    Professionell   Nicole Durand Smaini Gr\u00fcnderin von Speak to the World\" \/>\n<meta property=\"og:url\" content=\"https:\/\/speaktotheworld.ch\/de\/produkt\/mandate-in-unternehmen\/\" \/>\n<meta property=\"og:site_name\" content=\"Speak to the world\" \/>\n<meta property=\"article:modified_time\" content=\"2024-10-24T20:14:57+00:00\" \/>\n<meta property=\"og:image\" content=\"https:\/\/speaktotheworld.ch\/wp-content\/uploads\/2024\/06\/mandats-entreprises-scaled.jpg\" \/>\n\t<meta property=\"og:image:width\" content=\"2560\" \/>\n\t<meta property=\"og:image:height\" content=\"1707\" \/>\n\t<meta property=\"og:image:type\" content=\"image\/jpeg\" \/>\n<meta name=\"twitter:card\" content=\"summary_large_image\" \/>\n<meta name=\"twitter:label1\" content=\"Gesch\u00e4tzte Lesezeit\" \/>\n\t<meta name=\"twitter:data1\" content=\"1\u00a0Minute\" \/>\n<script type=\"application\/ld+json\" class=\"yoast-schema-graph\">{\"@context\":\"https:\/\/schema.org\",\"@graph\":[{\"@type\":\"WebPage\",\"@id\":\"https:\/\/speaktotheworld.ch\/de\/produkt\/mandate-in-unternehmen\/\",\"url\":\"https:\/\/speaktotheworld.ch\/de\/produkt\/mandate-in-unternehmen\/\",\"name\":\"Mandate in Unternehmen - Speak to the world\",\"isPartOf\":{\"@id\":\"https:\/\/speaktotheworld.ch\/de\/#website\"},\"primaryImageOfPage\":{\"@id\":\"https:\/\/speaktotheworld.ch\/de\/produkt\/mandate-in-unternehmen\/#primaryimage\"},\"image\":{\"@id\":\"https:\/\/speaktotheworld.ch\/de\/produkt\/mandate-in-unternehmen\/#primaryimage\"},\"thumbnailUrl\":\"https:\/\/speaktotheworld.ch\/wp-content\/uploads\/2024\/06\/mandats-entreprises-scaled.jpg\",\"datePublished\":\"2024-06-07T17:37:19+00:00\",\"dateModified\":\"2024-10-24T20:14:57+00:00\",\"breadcrumb\":{\"@id\":\"https:\/\/speaktotheworld.ch\/de\/produkt\/mandate-in-unternehmen\/#breadcrumb\"},\"inLanguage\":\"de\",\"potentialAction\":[{\"@type\":\"ReadAction\",\"target\":[\"https:\/\/speaktotheworld.ch\/de\/produkt\/mandate-in-unternehmen\/\"]}]},{\"@type\":\"ImageObject\",\"inLanguage\":\"de\",\"@id\":\"https:\/\/speaktotheworld.ch\/de\/produkt\/mandate-in-unternehmen\/#primaryimage\",\"url\":\"https:\/\/speaktotheworld.ch\/wp-content\/uploads\/2024\/06\/mandats-entreprises-scaled.jpg\",\"contentUrl\":\"https:\/\/speaktotheworld.ch\/wp-content\/uploads\/2024\/06\/mandats-entreprises-scaled.jpg\",\"width\":2560,\"height\":1707,\"caption\":\"Multi-ethnische Gesch\u00e4ftsleute nehmen an einem Meeting teil. Junge Gesch\u00e4ftsfrau stellt sich dem Team im neuen B\u00fcro vor.\"},{\"@type\":\"BreadcrumbList\",\"@id\":\"https:\/\/speaktotheworld.ch\/de\/produkt\/mandate-in-unternehmen\/#breadcrumb\",\"itemListElement\":[{\"@type\":\"ListItem\",\"position\":1,\"name\":\"Accueil\",\"item\":\"https:\/\/speaktotheworld.ch\/de\/\"},{\"@type\":\"ListItem\",\"position\":2,\"name\":\"Shop\",\"item\":\"https:\/\/speaktotheworld.ch\/de\/shop-de\/\"},{\"@type\":\"ListItem\",\"position\":3,\"name\":\"Mandate in Unternehmen\"}]},{\"@type\":\"WebSite\",\"@id\":\"https:\/\/speaktotheworld.ch\/de\/#website\",\"url\":\"https:\/\/speaktotheworld.ch\/de\/\",\"name\":\"Speak to the world\",\"description\":\"\",\"publisher\":{\"@id\":\"https:\/\/speaktotheworld.ch\/de\/#organization\"},\"alternateName\":\"Speak to the world\",\"potentialAction\":[{\"@type\":\"SearchAction\",\"target\":{\"@type\":\"EntryPoint\",\"urlTemplate\":\"https:\/\/speaktotheworld.ch\/de\/?s={search_term_string}\"},\"query-input\":{\"@type\":\"PropertyValueSpecification\",\"valueRequired\":true,\"valueName\":\"search_term_string\"}}],\"inLanguage\":\"de\"},{\"@type\":\"Organization\",\"@id\":\"https:\/\/speaktotheworld.ch\/de\/#organization\",\"name\":\"Speak to the world\",\"url\":\"https:\/\/speaktotheworld.ch\/de\/\",\"logo\":{\"@type\":\"ImageObject\",\"inLanguage\":\"de\",\"@id\":\"https:\/\/speaktotheworld.ch\/de\/#\/schema\/logo\/image\/\",\"url\":\"https:\/\/speaktotheworld.ch\/wp-content\/uploads\/2023\/09\/7219a61d-3523-4e36-b066-6413484aa469-removebg-preview.png\",\"contentUrl\":\"https:\/\/speaktotheworld.ch\/wp-content\/uploads\/2023\/09\/7219a61d-3523-4e36-b066-6413484aa469-removebg-preview.png\",\"width\":869,\"height\":287,\"caption\":\"Speak to the world\"},\"image\":{\"@id\":\"https:\/\/speaktotheworld.ch\/de\/#\/schema\/logo\/image\/\"},\"sameAs\":[\"https:\/\/www.instagram.com\/speaktotheworld.ch\/\"]}]}<\/script>\n<!-- \/ Yoast SEO plugin. -->","yoast_head_json":{"title":"Mandate in Unternehmen - Speak to the world","robots":{"index":"index","follow":"follow","max-snippet":"max-snippet:-1","max-image-preview":"max-image-preview:large","max-video-preview":"max-video-preview:-1"},"canonical":"https:\/\/speaktotheworld.ch\/de\/produkt\/mandate-in-unternehmen\/","og_locale":"de_DE","og_type":"article","og_title":"Mandate in Unternehmen - Speak to the world","og_description":"Preis je nach Ihrem Bedarf  Zeitraum: 1 Stunde  1:1 \/ Gruppe bis zu 4 Personen  Pr\u00e4senzunterricht \/ Online  Eigene Themen  Franz\u00f6sisch, Englisch, Spanisch, Portugiesisch (Brasilien), Deutsch    Professionell   Nicole Durand Smaini Gr\u00fcnderin von Speak to the World","og_url":"https:\/\/speaktotheworld.ch\/de\/produkt\/mandate-in-unternehmen\/","og_site_name":"Speak to the world","article_modified_time":"2024-10-24T20:14:57+00:00","og_image":[{"width":2560,"height":1707,"url":"https:\/\/speaktotheworld.ch\/wp-content\/uploads\/2024\/06\/mandats-entreprises-scaled.jpg","type":"image\/jpeg"}],"twitter_card":"summary_large_image","twitter_misc":{"Gesch\u00e4tzte Lesezeit":"1\u00a0Minute"},"schema":{"@context":"https:\/\/schema.org","@graph":[{"@type":"WebPage","@id":"https:\/\/speaktotheworld.ch\/de\/produkt\/mandate-in-unternehmen\/","url":"https:\/\/speaktotheworld.ch\/de\/produkt\/mandate-in-unternehmen\/","name":"Mandate in Unternehmen - Speak to the world","isPartOf":{"@id":"https:\/\/speaktotheworld.ch\/de\/#website"},"primaryImageOfPage":{"@id":"https:\/\/speaktotheworld.ch\/de\/produkt\/mandate-in-unternehmen\/#primaryimage"},"image":{"@id":"https:\/\/speaktotheworld.ch\/de\/produkt\/mandate-in-unternehmen\/#primaryimage"},"thumbnailUrl":"https:\/\/speaktotheworld.ch\/wp-content\/uploads\/2024\/06\/mandats-entreprises-scaled.jpg","datePublished":"2024-06-07T17:37:19+00:00","dateModified":"2024-10-24T20:14:57+00:00","breadcrumb":{"@id":"https:\/\/speaktotheworld.ch\/de\/produkt\/mandate-in-unternehmen\/#breadcrumb"},"inLanguage":"de","potentialAction":[{"@type":"ReadAction","target":["https:\/\/speaktotheworld.ch\/de\/produkt\/mandate-in-unternehmen\/"]}]},{"@type":"ImageObject","inLanguage":"de","@id":"https:\/\/speaktotheworld.ch\/de\/produkt\/mandate-in-unternehmen\/#primaryimage","url":"https:\/\/speaktotheworld.ch\/wp-content\/uploads\/2024\/06\/mandats-entreprises-scaled.jpg","contentUrl":"https:\/\/speaktotheworld.ch\/wp-content\/uploads\/2024\/06\/mandats-entreprises-scaled.jpg","width":2560,"height":1707,"caption":"Multi-ethnische Gesch\u00e4ftsleute nehmen an einem Meeting teil. Junge Gesch\u00e4ftsfrau stellt sich dem Team im neuen B\u00fcro vor."},{"@type":"BreadcrumbList","@id":"https:\/\/speaktotheworld.ch\/de\/produkt\/mandate-in-unternehmen\/#breadcrumb","itemListElement":[{"@type":"ListItem","position":1,"name":"Accueil","item":"https:\/\/speaktotheworld.ch\/de\/"},{"@type":"ListItem","position":2,"name":"Shop","item":"https:\/\/speaktotheworld.ch\/de\/shop-de\/"},{"@type":"ListItem","position":3,"name":"Mandate in Unternehmen"}]},{"@type":"WebSite","@id":"https:\/\/speaktotheworld.ch\/de\/#website","url":"https:\/\/speaktotheworld.ch\/de\/","name":"Speak to the world","description":"","publisher":{"@id":"https:\/\/speaktotheworld.ch\/de\/#organization"},"alternateName":"Speak to the world","potentialAction":[{"@type":"SearchAction","target":{"@type":"EntryPoint","urlTemplate":"https:\/\/speaktotheworld.ch\/de\/?s={search_term_string}"},"query-input":{"@type":"PropertyValueSpecification","valueRequired":true,"valueName":"search_term_string"}}],"inLanguage":"de"},{"@type":"Organization","@id":"https:\/\/speaktotheworld.ch\/de\/#organization","name":"Speak to the world","url":"https:\/\/speaktotheworld.ch\/de\/","logo":{"@type":"ImageObject","inLanguage":"de","@id":"https:\/\/speaktotheworld.ch\/de\/#\/schema\/logo\/image\/","url":"https:\/\/speaktotheworld.ch\/wp-content\/uploads\/2023\/09\/7219a61d-3523-4e36-b066-6413484aa469-removebg-preview.png","contentUrl":"https:\/\/speaktotheworld.ch\/wp-content\/uploads\/2023\/09\/7219a61d-3523-4e36-b066-6413484aa469-removebg-preview.png","width":869,"height":287,"caption":"Speak to the world"},"image":{"@id":"https:\/\/speaktotheworld.ch\/de\/#\/schema\/logo\/image\/"},"sameAs":["https:\/\/www.instagram.com\/speaktotheworld.ch\/"]}]}},"_links":{"self":[{"href":"https:\/\/speaktotheworld.ch\/de\/wp-json\/wp\/v2\/product\/5368","targetHints":{"allow":["GET"]}}],"collection":[{"href":"https:\/\/speaktotheworld.ch\/de\/wp-json\/wp\/v2\/product"}],"about":[{"href":"https:\/\/speaktotheworld.ch\/de\/wp-json\/wp\/v2\/types\/product"}],"replies":[{"embeddable":true,"href":"https:\/\/speaktotheworld.ch\/de\/wp-json\/wp\/v2\/comments?post=5368"}],"version-history":[{"count":4,"href":"https:\/\/speaktotheworld.ch\/de\/wp-json\/wp\/v2\/product\/5368\/revisions"}],"predecessor-version":[{"id":5819,"href":"https:\/\/speaktotheworld.ch\/de\/wp-json\/wp\/v2\/product\/5368\/revisions\/5819"}],"wp:featuredmedia":[{"embeddable":true,"href":"https:\/\/speaktotheworld.ch\/de\/wp-json\/wp\/v2\/media\/5467"}],"wp:attachment":[{"href":"https:\/\/speaktotheworld.ch\/de\/wp-json\/wp\/v2\/media?parent=5368"}],"wp:term":[{"taxonomy":"brand","embeddable":true,"href":"https:\/\/speaktotheworld.ch\/de\/wp-json\/wp\/v2\/etheme_brands?post=5368"},{"taxonomy":"product_brand","embeddable":true,"href":"https:\/\/speaktotheworld.ch\/de\/wp-json\/wp\/v2\/product_brand?post=5368"},{"taxonomy":"product_cat","embeddable":true,"href":"https:\/\/speaktotheworld.ch\/de\/wp-json\/wp\/v2\/product_cat?post=5368"},{"taxonomy":"product_tag","embeddable":true,"href":"https:\/\/speaktotheworld.ch\/de\/wp-json\/wp\/v2\/product_tag?post=5368"}],"curies":[{"name":"wp","href":"https:\/\/api.w.org\/{rel}","templated":true}]}}