{"id":5366,"date":"2024-06-07T19:37:18","date_gmt":"2024-06-07T17:37:18","guid":{"rendered":"https:\/\/speaktotheworld.ch\/product\/kurse-fuer-kinder-5-bis-10-jahre\/"},"modified":"2024-10-17T21:09:31","modified_gmt":"2024-10-17T19:09:31","slug":"kurse-fuer-kinder-5-bis-10-jahre","status":"publish","type":"product","link":"https:\/\/speaktotheworld.ch\/de\/produkt\/kurse-fuer-kinder-5-bis-10-jahre\/","title":{"rendered":"Kurse f\u00fcr Kinder (5 bis 10 Jahre)"},"content":{"rendered":"<h1>Was sind die Ziele dieses Kurses?<\/h1>\n<p><span style=\"font-weight: 400;\">Dieser Visakurs erleichtert das Lernen durch spielerische Aktivit\u00e4ten wie Geschichten, Lieder und Spiele, die Ihnen helfen, schnell einen einfachen und praktischen Wortschatz zu erwerben. <\/span><\/p>\n<h1>\u00c0 qui s&#8217;adresse ce cours ?<\/h1>\n<p><span style=\"font-weight: 400;\">Wir bieten Fremdsprachenunterricht f\u00fcr Kinder im Alter von 5 &#8211; 10 Jahren, mit oder ohne Grundkenntnisse, au\u00dferhalb des Lehrplans. <\/span><\/p>\n<h1>In welcher Form wird dieser Kurs angeboten?<\/h1>\n<p><span style=\"font-weight: 400;\">Die Kurse werden als Einzelunterricht (1:1) angeboten und finden ausschlie\u00dflich in Form von Pr\u00e4senzunterricht statt. Es ist ratsam, sie in einer neutralen Umgebung au\u00dferhalb des Elternhauses zu dipsensieren, um dem Kind eine optimale Konzentration zu erm\u00f6glichen. <\/span><\/p>\n","protected":false},"excerpt":{"rendered":"<table class=\"course-info\">\n<tbody>\n<tr>\n<td>\n<ul>\n<li>Preis f\u00fcr einen Zeitraum von 1 Stunde<\/li>\n<li>Mindestdauer der Pauschale: 10 Perioden<\/li>\n<li style=\"text-align: left;\">1:1<\/li>\n<li style=\"text-align: left;\">In Pr\u00e4senzveranstaltungen<\/li>\n<li style=\"text-align: left;\">Eigene Themen<\/li>\n<li style=\"text-align: left;\">Deutsch: bis 4 HarmoS<\/li>\n<li style=\"text-align: left;\">Englisch: bis 6 HarmoS<\/li>\n<li style=\"text-align: left;\">Spanisch, Portugiesisch (Brasilien): von 5 bis 10 Jahren<\/li>\n<\/ul>\n<\/td>\n<\/tr>\n<tr>\n<td>\n<div class=\"prof-info\">\n<div class=\"prof-title\">Professionell<\/div>\n<div class=\"prof-details\">\n<p><img decoding=\"async\" class=\"prof-photo\" src=\"https:\/\/speaktotheworld.ch\/wp-content\/uploads\/2024\/06\/Image_pp-e1716752391110.jpeg\" alt=\"Professioneller Kurs\" \/><\/p>\n<div>\n<div class=\"prof-name\">Nicole Durand Smaini<\/div>\n<div class=\"prof-role\">Gr\u00fcnderin von Speak to the World<\/div>\n<\/div>\n<\/div>\n<\/div>\n<\/td>\n<\/tr>\n<\/tbody>\n<\/table>\n","protected":false},"featured_media":5472,"comment_status":"open","ping_status":"closed","template":"","meta":[],"etheme_brands":[],"product_brand":[],"product_cat":[166,162,128,178,170],"product_tag":[],"class_list":{"0":"post-5366","1":"product","2":"type-product","3":"status-publish","4":"has-post-thumbnail","6":"product_cat-englisch","7":"product_cat-german-de","8":"product_cat-nachhilfeunterricht-fur-schuler","9":"product_cat-portugiesisch-brasilien","10":"product_cat-spanisch","12":"first","13":"instock","14":"shipping-taxable","15":"purchasable","16":"product-type-simple"},"yoast_head":"<!-- This site is optimized with the Yoast SEO plugin v27.3 - https:\/\/yoast.com\/product\/yoast-seo-wordpress\/ -->\n<title>Kurse f\u00fcr Kinder (5 bis 10 Jahre) - Speak to the world<\/title>\n<meta name=\"robots\" content=\"index, follow, max-snippet:-1, max-image-preview:large, max-video-preview:-1\" \/>\n<link rel=\"canonical\" href=\"https:\/\/speaktotheworld.ch\/de\/produkt\/kurse-fuer-kinder-5-bis-10-jahre\/\" \/>\n<meta property=\"og:locale\" content=\"de_DE\" \/>\n<meta property=\"og:type\" content=\"article\" \/>\n<meta property=\"og:title\" content=\"Kurse f\u00fcr Kinder (5 bis 10 Jahre) - Speak to the world\" \/>\n<meta property=\"og:description\" content=\"Preis f\u00fcr einen Zeitraum von 1 Stunde  Mindestdauer der Pauschale: 10 Perioden  1:1  In Pr\u00e4senzveranstaltungen  Eigene Themen  Deutsch: bis 4 HarmoS  Englisch: bis 6 HarmoS  Spanisch, Portugiesisch (Brasilien): von 5 bis 10 Jahren       Professionell     Nicole Durand Smaini Gr\u00fcnderin von Speak to the World\" \/>\n<meta property=\"og:url\" content=\"https:\/\/speaktotheworld.ch\/de\/produkt\/kurse-fuer-kinder-5-bis-10-jahre\/\" \/>\n<meta property=\"og:site_name\" content=\"Speak to the world\" \/>\n<meta property=\"article:modified_time\" content=\"2024-10-17T19:09:31+00:00\" \/>\n<meta property=\"og:image\" content=\"https:\/\/speaktotheworld.ch\/wp-content\/uploads\/2024\/06\/cours-enfants-scaled.jpg\" \/>\n\t<meta property=\"og:image:width\" content=\"2560\" \/>\n\t<meta property=\"og:image:height\" content=\"1707\" \/>\n\t<meta property=\"og:image:type\" content=\"image\/jpeg\" \/>\n<meta name=\"twitter:card\" content=\"summary_large_image\" \/>\n<meta name=\"twitter:label1\" content=\"Gesch\u00e4tzte Lesezeit\" \/>\n\t<meta name=\"twitter:data1\" content=\"1\u00a0Minute\" \/>\n<script type=\"application\/ld+json\" class=\"yoast-schema-graph\">{\"@context\":\"https:\\\/\\\/schema.org\",\"@graph\":[{\"@type\":\"WebPage\",\"@id\":\"https:\\\/\\\/speaktotheworld.ch\\\/de\\\/produkt\\\/kurse-fuer-kinder-5-bis-10-jahre\\\/\",\"url\":\"https:\\\/\\\/speaktotheworld.ch\\\/de\\\/produkt\\\/kurse-fuer-kinder-5-bis-10-jahre\\\/\",\"name\":\"Kurse f\u00fcr Kinder (5 bis 10 Jahre) - Speak to the world\",\"isPartOf\":{\"@id\":\"https:\\\/\\\/speaktotheworld.ch\\\/de\\\/#website\"},\"primaryImageOfPage\":{\"@id\":\"https:\\\/\\\/speaktotheworld.ch\\\/de\\\/produkt\\\/kurse-fuer-kinder-5-bis-10-jahre\\\/#primaryimage\"},\"image\":{\"@id\":\"https:\\\/\\\/speaktotheworld.ch\\\/de\\\/produkt\\\/kurse-fuer-kinder-5-bis-10-jahre\\\/#primaryimage\"},\"thumbnailUrl\":\"https:\\\/\\\/speaktotheworld.ch\\\/wp-content\\\/uploads\\\/2024\\\/06\\\/cours-enfants-scaled.jpg\",\"datePublished\":\"2024-06-07T17:37:18+00:00\",\"dateModified\":\"2024-10-17T19:09:31+00:00\",\"breadcrumb\":{\"@id\":\"https:\\\/\\\/speaktotheworld.ch\\\/de\\\/produkt\\\/kurse-fuer-kinder-5-bis-10-jahre\\\/#breadcrumb\"},\"inLanguage\":\"de\",\"potentialAction\":[{\"@type\":\"ReadAction\",\"target\":[\"https:\\\/\\\/speaktotheworld.ch\\\/de\\\/produkt\\\/kurse-fuer-kinder-5-bis-10-jahre\\\/\"]}]},{\"@type\":\"ImageObject\",\"inLanguage\":\"de\",\"@id\":\"https:\\\/\\\/speaktotheworld.ch\\\/de\\\/produkt\\\/kurse-fuer-kinder-5-bis-10-jahre\\\/#primaryimage\",\"url\":\"https:\\\/\\\/speaktotheworld.ch\\\/wp-content\\\/uploads\\\/2024\\\/06\\\/cours-enfants-scaled.jpg\",\"contentUrl\":\"https:\\\/\\\/speaktotheworld.ch\\\/wp-content\\\/uploads\\\/2024\\\/06\\\/cours-enfants-scaled.jpg\",\"width\":2560,\"height\":1707,\"caption\":\"A young girl cheerfully writes in her spelling workbook at her desk. Her teacher is kneeling beside the desk and encouraging her.\"},{\"@type\":\"BreadcrumbList\",\"@id\":\"https:\\\/\\\/speaktotheworld.ch\\\/de\\\/produkt\\\/kurse-fuer-kinder-5-bis-10-jahre\\\/#breadcrumb\",\"itemListElement\":[{\"@type\":\"ListItem\",\"position\":1,\"name\":\"Accueil\",\"item\":\"https:\\\/\\\/speaktotheworld.ch\\\/de\\\/\"},{\"@type\":\"ListItem\",\"position\":2,\"name\":\"Shop\",\"item\":\"https:\\\/\\\/speaktotheworld.ch\\\/de\\\/shop-de\\\/\"},{\"@type\":\"ListItem\",\"position\":3,\"name\":\"Kurse f\u00fcr Kinder (5 bis 10 Jahre)\"}]},{\"@type\":\"WebSite\",\"@id\":\"https:\\\/\\\/speaktotheworld.ch\\\/de\\\/#website\",\"url\":\"https:\\\/\\\/speaktotheworld.ch\\\/de\\\/\",\"name\":\"Speak to the world\",\"description\":\"\",\"publisher\":{\"@id\":\"https:\\\/\\\/speaktotheworld.ch\\\/de\\\/#organization\"},\"alternateName\":\"Speak to the world\",\"potentialAction\":[{\"@type\":\"SearchAction\",\"target\":{\"@type\":\"EntryPoint\",\"urlTemplate\":\"https:\\\/\\\/speaktotheworld.ch\\\/de\\\/?s={search_term_string}\"},\"query-input\":{\"@type\":\"PropertyValueSpecification\",\"valueRequired\":true,\"valueName\":\"search_term_string\"}}],\"inLanguage\":\"de\"},{\"@type\":\"Organization\",\"@id\":\"https:\\\/\\\/speaktotheworld.ch\\\/de\\\/#organization\",\"name\":\"Speak to the world\",\"url\":\"https:\\\/\\\/speaktotheworld.ch\\\/de\\\/\",\"logo\":{\"@type\":\"ImageObject\",\"inLanguage\":\"de\",\"@id\":\"https:\\\/\\\/speaktotheworld.ch\\\/de\\\/#\\\/schema\\\/logo\\\/image\\\/\",\"url\":\"https:\\\/\\\/speaktotheworld.ch\\\/wp-content\\\/uploads\\\/2023\\\/09\\\/7219a61d-3523-4e36-b066-6413484aa469-removebg-preview.png\",\"contentUrl\":\"https:\\\/\\\/speaktotheworld.ch\\\/wp-content\\\/uploads\\\/2023\\\/09\\\/7219a61d-3523-4e36-b066-6413484aa469-removebg-preview.png\",\"width\":869,\"height\":287,\"caption\":\"Speak to the world\"},\"image\":{\"@id\":\"https:\\\/\\\/speaktotheworld.ch\\\/de\\\/#\\\/schema\\\/logo\\\/image\\\/\"},\"sameAs\":[\"https:\\\/\\\/www.instagram.com\\\/speaktotheworld.ch\\\/\"]}]}<\/script>\n<!-- \/ Yoast SEO plugin. -->","yoast_head_json":{"title":"Kurse f\u00fcr Kinder (5 bis 10 Jahre) - Speak to the world","robots":{"index":"index","follow":"follow","max-snippet":"max-snippet:-1","max-image-preview":"max-image-preview:large","max-video-preview":"max-video-preview:-1"},"canonical":"https:\/\/speaktotheworld.ch\/de\/produkt\/kurse-fuer-kinder-5-bis-10-jahre\/","og_locale":"de_DE","og_type":"article","og_title":"Kurse f\u00fcr Kinder (5 bis 10 Jahre) - Speak to the world","og_description":"Preis f\u00fcr einen Zeitraum von 1 Stunde  Mindestdauer der Pauschale: 10 Perioden  1:1  In Pr\u00e4senzveranstaltungen  Eigene Themen  Deutsch: bis 4 HarmoS  Englisch: bis 6 HarmoS  Spanisch, Portugiesisch (Brasilien): von 5 bis 10 Jahren       Professionell     Nicole Durand Smaini Gr\u00fcnderin von Speak to the World","og_url":"https:\/\/speaktotheworld.ch\/de\/produkt\/kurse-fuer-kinder-5-bis-10-jahre\/","og_site_name":"Speak to the world","article_modified_time":"2024-10-17T19:09:31+00:00","og_image":[{"width":2560,"height":1707,"url":"https:\/\/speaktotheworld.ch\/wp-content\/uploads\/2024\/06\/cours-enfants-scaled.jpg","type":"image\/jpeg"}],"twitter_card":"summary_large_image","twitter_misc":{"Gesch\u00e4tzte Lesezeit":"1\u00a0Minute"},"schema":{"@context":"https:\/\/schema.org","@graph":[{"@type":"WebPage","@id":"https:\/\/speaktotheworld.ch\/de\/produkt\/kurse-fuer-kinder-5-bis-10-jahre\/","url":"https:\/\/speaktotheworld.ch\/de\/produkt\/kurse-fuer-kinder-5-bis-10-jahre\/","name":"Kurse f\u00fcr Kinder (5 bis 10 Jahre) - Speak to the world","isPartOf":{"@id":"https:\/\/speaktotheworld.ch\/de\/#website"},"primaryImageOfPage":{"@id":"https:\/\/speaktotheworld.ch\/de\/produkt\/kurse-fuer-kinder-5-bis-10-jahre\/#primaryimage"},"image":{"@id":"https:\/\/speaktotheworld.ch\/de\/produkt\/kurse-fuer-kinder-5-bis-10-jahre\/#primaryimage"},"thumbnailUrl":"https:\/\/speaktotheworld.ch\/wp-content\/uploads\/2024\/06\/cours-enfants-scaled.jpg","datePublished":"2024-06-07T17:37:18+00:00","dateModified":"2024-10-17T19:09:31+00:00","breadcrumb":{"@id":"https:\/\/speaktotheworld.ch\/de\/produkt\/kurse-fuer-kinder-5-bis-10-jahre\/#breadcrumb"},"inLanguage":"de","potentialAction":[{"@type":"ReadAction","target":["https:\/\/speaktotheworld.ch\/de\/produkt\/kurse-fuer-kinder-5-bis-10-jahre\/"]}]},{"@type":"ImageObject","inLanguage":"de","@id":"https:\/\/speaktotheworld.ch\/de\/produkt\/kurse-fuer-kinder-5-bis-10-jahre\/#primaryimage","url":"https:\/\/speaktotheworld.ch\/wp-content\/uploads\/2024\/06\/cours-enfants-scaled.jpg","contentUrl":"https:\/\/speaktotheworld.ch\/wp-content\/uploads\/2024\/06\/cours-enfants-scaled.jpg","width":2560,"height":1707,"caption":"A young girl cheerfully writes in her spelling workbook at her desk. Her teacher is kneeling beside the desk and encouraging her."},{"@type":"BreadcrumbList","@id":"https:\/\/speaktotheworld.ch\/de\/produkt\/kurse-fuer-kinder-5-bis-10-jahre\/#breadcrumb","itemListElement":[{"@type":"ListItem","position":1,"name":"Accueil","item":"https:\/\/speaktotheworld.ch\/de\/"},{"@type":"ListItem","position":2,"name":"Shop","item":"https:\/\/speaktotheworld.ch\/de\/shop-de\/"},{"@type":"ListItem","position":3,"name":"Kurse f\u00fcr Kinder (5 bis 10 Jahre)"}]},{"@type":"WebSite","@id":"https:\/\/speaktotheworld.ch\/de\/#website","url":"https:\/\/speaktotheworld.ch\/de\/","name":"Speak to the world","description":"","publisher":{"@id":"https:\/\/speaktotheworld.ch\/de\/#organization"},"alternateName":"Speak to the world","potentialAction":[{"@type":"SearchAction","target":{"@type":"EntryPoint","urlTemplate":"https:\/\/speaktotheworld.ch\/de\/?s={search_term_string}"},"query-input":{"@type":"PropertyValueSpecification","valueRequired":true,"valueName":"search_term_string"}}],"inLanguage":"de"},{"@type":"Organization","@id":"https:\/\/speaktotheworld.ch\/de\/#organization","name":"Speak to the world","url":"https:\/\/speaktotheworld.ch\/de\/","logo":{"@type":"ImageObject","inLanguage":"de","@id":"https:\/\/speaktotheworld.ch\/de\/#\/schema\/logo\/image\/","url":"https:\/\/speaktotheworld.ch\/wp-content\/uploads\/2023\/09\/7219a61d-3523-4e36-b066-6413484aa469-removebg-preview.png","contentUrl":"https:\/\/speaktotheworld.ch\/wp-content\/uploads\/2023\/09\/7219a61d-3523-4e36-b066-6413484aa469-removebg-preview.png","width":869,"height":287,"caption":"Speak to the world"},"image":{"@id":"https:\/\/speaktotheworld.ch\/de\/#\/schema\/logo\/image\/"},"sameAs":["https:\/\/www.instagram.com\/speaktotheworld.ch\/"]}]}},"_links":{"self":[{"href":"https:\/\/speaktotheworld.ch\/de\/wp-json\/wp\/v2\/product\/5366","targetHints":{"allow":["GET"]}}],"collection":[{"href":"https:\/\/speaktotheworld.ch\/de\/wp-json\/wp\/v2\/product"}],"about":[{"href":"https:\/\/speaktotheworld.ch\/de\/wp-json\/wp\/v2\/types\/product"}],"replies":[{"embeddable":true,"href":"https:\/\/speaktotheworld.ch\/de\/wp-json\/wp\/v2\/comments?post=5366"}],"version-history":[{"count":1,"href":"https:\/\/speaktotheworld.ch\/de\/wp-json\/wp\/v2\/product\/5366\/revisions"}],"predecessor-version":[{"id":5786,"href":"https:\/\/speaktotheworld.ch\/de\/wp-json\/wp\/v2\/product\/5366\/revisions\/5786"}],"wp:featuredmedia":[{"embeddable":true,"href":"https:\/\/speaktotheworld.ch\/de\/wp-json\/wp\/v2\/media\/5472"}],"wp:attachment":[{"href":"https:\/\/speaktotheworld.ch\/de\/wp-json\/wp\/v2\/media?parent=5366"}],"wp:term":[{"taxonomy":"brand","embeddable":true,"href":"https:\/\/speaktotheworld.ch\/de\/wp-json\/wp\/v2\/etheme_brands?post=5366"},{"taxonomy":"product_brand","embeddable":true,"href":"https:\/\/speaktotheworld.ch\/de\/wp-json\/wp\/v2\/product_brand?post=5366"},{"taxonomy":"product_cat","embeddable":true,"href":"https:\/\/speaktotheworld.ch\/de\/wp-json\/wp\/v2\/product_cat?post=5366"},{"taxonomy":"product_tag","embeddable":true,"href":"https:\/\/speaktotheworld.ch\/de\/wp-json\/wp\/v2\/product_tag?post=5366"}],"curies":[{"name":"wp","href":"https:\/\/api.w.org\/{rel}","templated":true}]}}